{"id":252,"date":"2025-12-19T10:08:15","date_gmt":"2025-12-19T09:08:15","guid":{"rendered":"https:\/\/syntaco.artneo.pl\/produkt\/qarmax-smar-lt-43-400g\/"},"modified":"2026-04-04T09:30:53","modified_gmt":"2026-04-04T07:30:53","slug":"qarmax-smar-lt-43-400g","status":"publish","type":"product","link":"https:\/\/syntaco.pl\/sklep\/produkt\/qarmax-smar-lt-43-400g\/","title":{"rendered":"QARMAX SMAR \u0141T-43 400g"},"content":{"rendered":"<p>Smary \u0142o\u017cyskowe \u0141T-4, przeznaczone s\u0105 do smarowania \u0142o\u017cysk tocznych pracuj\u0105cych w temperaturach od -30\u00b0C do 140\u00b0C. Mog\u0105 by\u0107 r\u00f3wnie\u017c stosowane do smarowania w\u0119z\u0142\u00f3w tarcia np.; element\u00f3w podwozia, przegub\u00f3w, \u015brednio obci\u0105\u017conych przek\u0142adni wolnobie\u017cnych. U\u017cywa ich si\u0119 do indywidualnego smarowania \u0142o\u017cysk tocznych i \u015blizgowych wymagaj\u0105cych wysokiej stabilno\u015bci mechanicznej, odporno\u015bci na starzenie i dobrych w\u0142a\u015bciwo\u015bci antykorozyjnych. S\u0105 odporne na dzia\u0142anie zimnej wody.<\/p>\n","protected":false},"excerpt":{"rendered":"<p>Smary \u0142o\u017cyskowe \u0141T-4, przeznaczone s\u0105 do smarowania \u0142o\u017cysk tocznych pracuj\u0105cych w temperaturach od -30\u00b0C do 140\u00b0C. Mog\u0105 by\u0107 r\u00f3wnie\u017c stosowane do smarowania w\u0119z\u0142\u00f3w tarcia np.; element\u00f3w podwozia, przegub\u00f3w, \u015brednio obci\u0105\u017conych przek\u0142adni wolnobie\u017cnych. U\u017cywa ich si\u0119 do indywidualnego smarowania \u0142o\u017cysk tocznych i \u015blizgowych wymagaj\u0105cych wysokiej stabilno\u015bci mechanicznej, odporno\u015bci na starzenie i dobrych w\u0142a\u015bciwo\u015bci antykorozyjnych. S\u0105 odporne [&hellip;]<\/p>\n","protected":false},"featured_media":251,"template":"","meta":{"_acf_changed":false},"product_brand":[32],"product_cat":[30,31],"product_tag":[],"class_list":{"0":"post-252","1":"product","2":"type-product","3":"status-publish","4":"has-post-thumbnail","6":"product_brand-qarmax","7":"product_cat-produkty","8":"product_cat-smary","10":"first","11":"instock","12":"shipping-taxable","13":"purchasable","14":"product-type-simple"},"acf":[],"_links":{"self":[{"href":"https:\/\/syntaco.pl\/sklep\/wp-json\/wp\/v2\/product\/252","targetHints":{"allow":["GET"]}}],"collection":[{"href":"https:\/\/syntaco.pl\/sklep\/wp-json\/wp\/v2\/product"}],"about":[{"href":"https:\/\/syntaco.pl\/sklep\/wp-json\/wp\/v2\/types\/product"}],"wp:featuredmedia":[{"embeddable":true,"href":"https:\/\/syntaco.pl\/sklep\/wp-json\/wp\/v2\/media\/251"}],"wp:attachment":[{"href":"https:\/\/syntaco.pl\/sklep\/wp-json\/wp\/v2\/media?parent=252"}],"wp:term":[{"taxonomy":"product_brand","embeddable":true,"href":"https:\/\/syntaco.pl\/sklep\/wp-json\/wp\/v2\/product_brand?post=252"},{"taxonomy":"product_cat","embeddable":true,"href":"https:\/\/syntaco.pl\/sklep\/wp-json\/wp\/v2\/product_cat?post=252"},{"taxonomy":"product_tag","embeddable":true,"href":"https:\/\/syntaco.pl\/sklep\/wp-json\/wp\/v2\/product_tag?post=252"}],"curies":[{"name":"wp","href":"https:\/\/api.w.org\/{rel}","templated":true}]}}