{"id":229,"date":"2025-12-19T10:05:53","date_gmt":"2025-12-19T09:05:53","guid":{"rendered":"https:\/\/syntaco.artneo.pl\/produkt\/ford-motorcraft-a5-5w-30-5l-formula-f-oem-15f1cf\/"},"modified":"2026-03-27T08:29:21","modified_gmt":"2026-03-27T07:29:21","slug":"ford-motorcraft-a5-5w-30-5l-formula-f-oem-15f1cf","status":"publish","type":"product","link":"https:\/\/syntaco.pl\/sklep\/produkt\/ford-motorcraft-a5-5w-30-5l-formula-f-oem-15f1cf\/","title":{"rendered":"FORD MOTORCRAFT A5 5W-30 5L (FORMULA F ) OEM 15F1CF"},"content":{"rendered":"<p>Wysokiej jako\u015bci syntetyczny olej silnikowy przeznaczony do samochod\u00f3w marki Ford wymagaj\u0105cych olej\u00f3w o parametrach 5W-30, ACEA A5\/B5, Ford WSS-M2C913-C<\/p>\n","protected":false},"excerpt":{"rendered":"<p>Wysokiej jako\u015bci syntetyczny olej silnikowy przeznaczony do samochod\u00f3w marki Ford wymagaj\u0105cych olej\u00f3w o parametrach 5W-30, ACEA A5\/B5, Ford WSS-M2C913-C<\/p>\n","protected":false},"featured_media":227,"template":"","meta":{"_acf_changed":false},"product_brand":[34],"product_cat":[59],"product_tag":[],"class_list":{"0":"post-229","1":"product","2":"type-product","3":"status-publish","4":"has-post-thumbnail","6":"product_brand-ford","7":"product_cat-oleje-silnikowe","9":"first","10":"instock","11":"shipping-taxable","12":"purchasable","13":"product-type-simple"},"acf":[],"_links":{"self":[{"href":"https:\/\/syntaco.pl\/sklep\/wp-json\/wp\/v2\/product\/229","targetHints":{"allow":["GET"]}}],"collection":[{"href":"https:\/\/syntaco.pl\/sklep\/wp-json\/wp\/v2\/product"}],"about":[{"href":"https:\/\/syntaco.pl\/sklep\/wp-json\/wp\/v2\/types\/product"}],"wp:featuredmedia":[{"embeddable":true,"href":"https:\/\/syntaco.pl\/sklep\/wp-json\/wp\/v2\/media\/227"}],"wp:attachment":[{"href":"https:\/\/syntaco.pl\/sklep\/wp-json\/wp\/v2\/media?parent=229"}],"wp:term":[{"taxonomy":"product_brand","embeddable":true,"href":"https:\/\/syntaco.pl\/sklep\/wp-json\/wp\/v2\/product_brand?post=229"},{"taxonomy":"product_cat","embeddable":true,"href":"https:\/\/syntaco.pl\/sklep\/wp-json\/wp\/v2\/product_cat?post=229"},{"taxonomy":"product_tag","embeddable":true,"href":"https:\/\/syntaco.pl\/sklep\/wp-json\/wp\/v2\/product_tag?post=229"}],"curies":[{"name":"wp","href":"https:\/\/api.w.org\/{rel}","templated":true}]}}