{"id":1621,"date":"2026-01-12T09:23:50","date_gmt":"2026-01-12T08:23:50","guid":{"rendered":"https:\/\/syntaco.artneo.pl\/produkt\/qarmax-plyn-hamulcowy-dot-4-5l\/"},"modified":"2026-03-20T11:33:07","modified_gmt":"2026-03-20T10:33:07","slug":"qarmax-plyn-hamulcowy-dot-4-5l","status":"publish","type":"product","link":"https:\/\/syntaco.pl\/sklep\/produkt\/qarmax-plyn-hamulcowy-dot-4-5l\/","title":{"rendered":"QARMAX P\u0141YN HAMULCOWY DOT-4 5L"},"content":{"rendered":"<p>Qarmax DOT 4 to p\u0142yn do hamulc\u00f3w hydraulicznych, na bazie boranu eteru glikolu, opracowany specjalnie z my\u015bl\u0105 o wysokoobci\u0105\u017conych uk\u0142adach hamulcowych oraz sprz\u0119g\u0142owych. Sk\u0142ad surowcowy i wydajno\u015b\u0107 zapewniaj\u0105 jego bezpieczne i niezawodne dzia\u0142anie. Charakteryzuje si\u0119 temperatur\u0105 wrzenia powy\u017cej 250oC.<br \/>\nProdukt mo\u017ce by\u0107 bezpiecznie mieszany z innymi p\u0142ynami hamulcowymi spe\u0142niaj\u0105cymi wymagania DOT 3 i DOT 4. Nie jest kompatybilny z p\u0142ynem na bazie oleju mineralnego.<br \/>\nP\u0142yn spe\u0142nia wymagania norm: FMVSS nr 116 DOT4, SAE J1704, ISO4925 klasa 4 i JIS K2233, PN-C-40005.<br \/>\nObj\u0119to\u015bci: 500ml, 1 l, 5 l.<\/p>\n","protected":false},"excerpt":{"rendered":"<p>Qarmax DOT 4 to p\u0142yn do hamulc\u00f3w hydraulicznych, na bazie boranu eteru glikolu, opracowany specjalnie z my\u015bl\u0105 o wysokoobci\u0105\u017conych uk\u0142adach hamulcowych oraz sprz\u0119g\u0142owych. Sk\u0142ad surowcowy i wydajno\u015b\u0107 zapewniaj\u0105 jego bezpieczne i niezawodne dzia\u0142anie. Charakteryzuje si\u0119 temperatur\u0105 wrzenia powy\u017cej 250oC. Produkt mo\u017ce by\u0107 bezpiecznie mieszany z innymi p\u0142ynami hamulcowymi spe\u0142niaj\u0105cymi wymagania DOT 3 i DOT 4. [&hellip;]<\/p>\n","protected":false},"featured_media":1616,"template":"","meta":{"_acf_changed":false},"product_brand":[32],"product_cat":[50,30],"product_tag":[],"class_list":{"0":"post-1621","1":"product","2":"type-product","3":"status-publish","4":"has-post-thumbnail","6":"product_brand-qarmax","7":"product_cat-plyny-hamulcowe","8":"product_cat-produkty","10":"first","11":"instock","12":"shipping-taxable","13":"purchasable","14":"product-type-simple"},"acf":[],"_links":{"self":[{"href":"https:\/\/syntaco.pl\/sklep\/wp-json\/wp\/v2\/product\/1621","targetHints":{"allow":["GET"]}}],"collection":[{"href":"https:\/\/syntaco.pl\/sklep\/wp-json\/wp\/v2\/product"}],"about":[{"href":"https:\/\/syntaco.pl\/sklep\/wp-json\/wp\/v2\/types\/product"}],"wp:featuredmedia":[{"embeddable":true,"href":"https:\/\/syntaco.pl\/sklep\/wp-json\/wp\/v2\/media\/1616"}],"wp:attachment":[{"href":"https:\/\/syntaco.pl\/sklep\/wp-json\/wp\/v2\/media?parent=1621"}],"wp:term":[{"taxonomy":"product_brand","embeddable":true,"href":"https:\/\/syntaco.pl\/sklep\/wp-json\/wp\/v2\/product_brand?post=1621"},{"taxonomy":"product_cat","embeddable":true,"href":"https:\/\/syntaco.pl\/sklep\/wp-json\/wp\/v2\/product_cat?post=1621"},{"taxonomy":"product_tag","embeddable":true,"href":"https:\/\/syntaco.pl\/sklep\/wp-json\/wp\/v2\/product_tag?post=1621"}],"curies":[{"name":"wp","href":"https:\/\/api.w.org\/{rel}","templated":true}]}}