{"id":1601,"date":"2025-12-19T10:30:46","date_gmt":"2025-12-19T09:30:46","guid":{"rendered":"https:\/\/syntaco.artneo.pl\/produkt\/kajo-grease-lc-002-b-walzlagerfett-lc-002-blau-kt-850-g\/"},"modified":"2026-04-15T09:43:37","modified_gmt":"2026-04-15T07:43:37","slug":"kajo-grease-lc-002-b-walzlagerfett-lc-002-blau-kt-850-g","status":"publish","type":"product","link":"https:\/\/syntaco.pl\/sklep\/produkt\/kajo-grease-lc-002-b-walzlagerfett-lc-002-blau-kt-850-g\/","title":{"rendered":"KAJO\u00ae-Grease LC 002 B (W\u00e4lzlagerfett LC 002 (Blau)) Kt. 850 g"},"content":{"rendered":"<p>Niebieskokolorystyczny smar na bazie myde\u0142 litowych do smarowania \u0142o\u017cysk k\u00f3\u0142 w pojazdach u\u017cytkowych. Odporny na dzia\u0142anie temperatury i wody. Chroni\u0105cy przed korozj\u0105. Dobrze przylegaj\u0105cy (adhezyjny).<br \/>\nDopuszczenia:<br \/>\n\u2022 MAN 284 Li-H 2<br \/>\n\u2022 MB 265<br \/>\nKlasa NLGI: 2<br \/>\nZakres temperatur stosowania:<br \/>\n-40 oC do +160 oC<br \/>\nKr\u00f3tkotrwale do +180 oC<br \/>\nKP 2 P-40<\/p>\n","protected":false},"excerpt":{"rendered":"<p>Niebieskokolorystyczny smar na bazie myde\u0142 litowych do smarowania \u0142o\u017cysk k\u00f3\u0142 w pojazdach u\u017cytkowych. Odporny na dzia\u0142anie temperatury i wody. Chroni\u0105cy przed korozj\u0105. Dobrze przylegaj\u0105cy (adhezyjny). Dopuszczenia: \u2022 MAN 284 Li-H 2 \u2022 MB 265 Klasa NLGI: 2 Zakres temperatur stosowania: -40 oC do +160 oC Kr\u00f3tkotrwale do +180 oC KP 2 P-40<\/p>\n","protected":false},"featured_media":1600,"template":"","meta":{"_acf_changed":false},"product_brand":[38],"product_cat":[30,31],"product_tag":[],"class_list":{"0":"post-1601","1":"product","2":"type-product","3":"status-publish","4":"has-post-thumbnail","6":"product_brand-kajo","7":"product_cat-produkty","8":"product_cat-smary","10":"first","11":"instock","12":"shipping-taxable","13":"purchasable","14":"product-type-simple"},"acf":[],"_links":{"self":[{"href":"https:\/\/syntaco.pl\/sklep\/wp-json\/wp\/v2\/product\/1601","targetHints":{"allow":["GET"]}}],"collection":[{"href":"https:\/\/syntaco.pl\/sklep\/wp-json\/wp\/v2\/product"}],"about":[{"href":"https:\/\/syntaco.pl\/sklep\/wp-json\/wp\/v2\/types\/product"}],"wp:featuredmedia":[{"embeddable":true,"href":"https:\/\/syntaco.pl\/sklep\/wp-json\/wp\/v2\/media\/1600"}],"wp:attachment":[{"href":"https:\/\/syntaco.pl\/sklep\/wp-json\/wp\/v2\/media?parent=1601"}],"wp:term":[{"taxonomy":"product_brand","embeddable":true,"href":"https:\/\/syntaco.pl\/sklep\/wp-json\/wp\/v2\/product_brand?post=1601"},{"taxonomy":"product_cat","embeddable":true,"href":"https:\/\/syntaco.pl\/sklep\/wp-json\/wp\/v2\/product_cat?post=1601"},{"taxonomy":"product_tag","embeddable":true,"href":"https:\/\/syntaco.pl\/sklep\/wp-json\/wp\/v2\/product_tag?post=1601"}],"curies":[{"name":"wp","href":"https:\/\/api.w.org\/{rel}","templated":true}]}}