{"id":1566,"date":"2025-12-19T10:30:06","date_gmt":"2025-12-19T09:30:06","guid":{"rendered":"https:\/\/syntaco.artneo.pl\/produkt\/qarmax-koncentrat-plynu-do-chlodnic-g11-1l-2\/"},"modified":"2026-03-28T08:33:53","modified_gmt":"2026-03-28T07:33:53","slug":"qarmax-koncentrat-plynu-do-chlodnic-g11-1l-2","status":"publish","type":"product","link":"https:\/\/syntaco.pl\/sklep\/produkt\/qarmax-koncentrat-plynu-do-chlodnic-g11-1l-2\/","title":{"rendered":"QARMAX KONCENTRAT P\u0141YNU DO CH\u0141ODNIC G11 1L"},"content":{"rendered":"<p>QARMAX G11 &#8211; profesjonalny p\u0142yn na bazie glikolu etylenowego (MEG) o wysokiej czysto\u015bci, nie zawieraj\u0105cy gliceryny do ch\u0142odnic samochodowych. Jego starannie dobrane dodatki antykorozyjne, stabilizatory i \u015brodki antypienne pozwalaj\u0105 na stosowanie we wszystkich typach silnik\u00f3w spalinowych. Zestaw surowcowy zapewnia pe\u0142n\u0105 ochron\u0119 wszystkich element\u00f3w uk\u0142adu ch\u0142odniczego, w tym r\u00f3wnie\u017c aluminiowych oraz element\u00f3w uszczelniaj\u0105cych ch\u0142odnic\u0119. Zapewnia ochron\u0119 uk\u0142adu ch\u0142odzenia silnika przez okres 3 lat lub 150 tys. km ci\u0105g\u0142ej eksploatacji.<br \/>\nProdukt posiada normy: PN93\/C-40008-10;PN-C-40007;ASTM D 5931-13;ASTM D 1287-11;PN 93\/C-40008-05;PN-C-4008-06:1993\/AZ 1:2000, oraz spe\u0142nia wymagania dla normy ASTM D 3306 i normy technicznej VW TL774C, Man 324 NF, Man 324 NF Pritarder, MB 325.0, DAF 74001.<br \/>\nPosiada Atest Polskiego Zak\u0142adu Higieny oraz spe\u0142nia wymagania dla p\u0142yn\u00f3w niskokrzepn\u0105cych do uk\u0142ad\u00f3w ch\u0142odzenia silnik\u00f3w spalinowych wszystkich producent\u00f3w. Qarmax G11 wyst\u0119puje w formie gotowego do u\u017cycia p\u0142ynu oraz koncentratu, kt\u00f3ry w skali 1:1 po rozcie\u0144czeniu z wod\u0105 daje p\u0142yn do -35\u00b0C.<br \/>\nUWAGA! ZMIANA SZATY GRAFICZNEJ<\/p>\n","protected":false},"excerpt":{"rendered":"<p>QARMAX G11 &#8211; profesjonalny p\u0142yn na bazie glikolu etylenowego (MEG) o wysokiej czysto\u015bci, nie zawieraj\u0105cy gliceryny do ch\u0142odnic samochodowych. Jego starannie dobrane dodatki antykorozyjne, stabilizatory i \u015brodki antypienne pozwalaj\u0105 na stosowanie we wszystkich typach silnik\u00f3w spalinowych. Zestaw surowcowy zapewnia pe\u0142n\u0105 ochron\u0119 wszystkich element\u00f3w uk\u0142adu ch\u0142odniczego, w tym r\u00f3wnie\u017c aluminiowych oraz element\u00f3w uszczelniaj\u0105cych ch\u0142odnic\u0119. Zapewnia ochron\u0119 [&hellip;]<\/p>\n","protected":false},"featured_media":1563,"template":"","meta":{"_acf_changed":false},"product_brand":[32],"product_cat":[51,30],"product_tag":[],"class_list":{"0":"post-1566","1":"product","2":"type-product","3":"status-publish","4":"has-post-thumbnail","6":"product_brand-qarmax","7":"product_cat-plyny-do-chlodnic","8":"product_cat-produkty","10":"first","11":"instock","12":"shipping-taxable","13":"purchasable","14":"product-type-simple"},"acf":[],"_links":{"self":[{"href":"https:\/\/syntaco.pl\/sklep\/wp-json\/wp\/v2\/product\/1566","targetHints":{"allow":["GET"]}}],"collection":[{"href":"https:\/\/syntaco.pl\/sklep\/wp-json\/wp\/v2\/product"}],"about":[{"href":"https:\/\/syntaco.pl\/sklep\/wp-json\/wp\/v2\/types\/product"}],"wp:featuredmedia":[{"embeddable":true,"href":"https:\/\/syntaco.pl\/sklep\/wp-json\/wp\/v2\/media\/1563"}],"wp:attachment":[{"href":"https:\/\/syntaco.pl\/sklep\/wp-json\/wp\/v2\/media?parent=1566"}],"wp:term":[{"taxonomy":"product_brand","embeddable":true,"href":"https:\/\/syntaco.pl\/sklep\/wp-json\/wp\/v2\/product_brand?post=1566"},{"taxonomy":"product_cat","embeddable":true,"href":"https:\/\/syntaco.pl\/sklep\/wp-json\/wp\/v2\/product_cat?post=1566"},{"taxonomy":"product_tag","embeddable":true,"href":"https:\/\/syntaco.pl\/sklep\/wp-json\/wp\/v2\/product_tag?post=1566"}],"curies":[{"name":"wp","href":"https:\/\/api.w.org\/{rel}","templated":true}]}}