{"id":1559,"date":"2025-12-19T10:30:00","date_gmt":"2025-12-19T09:30:00","guid":{"rendered":"https:\/\/syntaco.artneo.pl\/produkt\/volkswagen-vw-vag-olej-przekladniowy-do-5-biegowej-skrzyni-manualnej-1l-oem-g060726a2\/"},"modified":"2026-01-14T16:34:15","modified_gmt":"2026-01-14T15:34:15","slug":"volkswagen-vw-vag-olej-przekladniowy-do-5-biegowej-skrzyni-manualnej-1l-oem-g060726a2","status":"publish","type":"product","link":"https:\/\/syntaco.pl\/sklep\/produkt\/volkswagen-vw-vag-olej-przekladniowy-do-5-biegowej-skrzyni-manualnej-1l-oem-g060726a2\/","title":{"rendered":"VOLKSWAGEN VW VAG OLEJ PRZEK\u0141ADNIOWY DO 5-BIEGOWEJ SKRZYNI MANUALNEJ 1L OEM G060726A2"},"content":{"rendered":"<p>Serwisowy, syntetyczny olej przek\u0142adniowy G 060726A2 rekomendowany jest przez serwisy do wi\u0119kszo\u015bci 5 &#8211; biegowych manualnych skrzy\u0144 bieg\u00f3w AUDI, VOLKSWAGEN VW, SKODA i SEAT, kt\u00f3re wsp\u00f3\u0142pracuj\u0105 z silnikami montowanymi poprzecznie. Pi\u0119ciobiegowe skrzynie bieg\u00f3w VAG wymagaj\u0105 starannie dobranego oleju poniewa\u017c s\u0105 czu\u0142e na jako\u015b\u0107 oleju. Olej serwisowy do skrzy\u0144 bieg\u00f3w G 060 726 A2 spe\u0142nia norm\u0119 VW TL 726.<br \/>\nOlej VW G060726A2 posiada kolor s\u0142omkowy i zast\u0105pi\u0142 wcze\u015bniej zalewane oleje mineralne w kolorze czerwonym o oznaczeniu G052726A2 i G052178A2.<\/p>\n","protected":false},"excerpt":{"rendered":"<p>Serwisowy, syntetyczny olej przek\u0142adniowy G 060726A2 rekomendowany jest przez serwisy do wi\u0119kszo\u015bci 5 &#8211; biegowych manualnych skrzy\u0144 bieg\u00f3w AUDI, VOLKSWAGEN VW, SKODA i SEAT, kt\u00f3re wsp\u00f3\u0142pracuj\u0105 z silnikami montowanymi poprzecznie. Pi\u0119ciobiegowe skrzynie bieg\u00f3w VAG wymagaj\u0105 starannie dobranego oleju poniewa\u017c s\u0105 czu\u0142e na jako\u015b\u0107 oleju. Olej serwisowy do skrzy\u0144 bieg\u00f3w G 060 726 A2 spe\u0142nia norm\u0119 [&hellip;]<\/p>\n","protected":false},"featured_media":1556,"template":"","meta":{"_acf_changed":false},"product_brand":[],"product_cat":[36,30],"product_tag":[],"class_list":{"0":"post-1559","1":"product","2":"type-product","3":"status-publish","4":"has-post-thumbnail","6":"product_cat-oleje-przekladniowe","7":"product_cat-produkty","9":"first","10":"instock","11":"shipping-taxable","12":"purchasable","13":"product-type-simple"},"acf":[],"_links":{"self":[{"href":"https:\/\/syntaco.pl\/sklep\/wp-json\/wp\/v2\/product\/1559","targetHints":{"allow":["GET"]}}],"collection":[{"href":"https:\/\/syntaco.pl\/sklep\/wp-json\/wp\/v2\/product"}],"about":[{"href":"https:\/\/syntaco.pl\/sklep\/wp-json\/wp\/v2\/types\/product"}],"wp:featuredmedia":[{"embeddable":true,"href":"https:\/\/syntaco.pl\/sklep\/wp-json\/wp\/v2\/media\/1556"}],"wp:attachment":[{"href":"https:\/\/syntaco.pl\/sklep\/wp-json\/wp\/v2\/media?parent=1559"}],"wp:term":[{"taxonomy":"product_brand","embeddable":true,"href":"https:\/\/syntaco.pl\/sklep\/wp-json\/wp\/v2\/product_brand?post=1559"},{"taxonomy":"product_cat","embeddable":true,"href":"https:\/\/syntaco.pl\/sklep\/wp-json\/wp\/v2\/product_cat?post=1559"},{"taxonomy":"product_tag","embeddable":true,"href":"https:\/\/syntaco.pl\/sklep\/wp-json\/wp\/v2\/product_tag?post=1559"}],"curies":[{"name":"wp","href":"https:\/\/api.w.org\/{rel}","templated":true}]}}