{"id":1549,"date":"2025-12-19T10:29:47","date_gmt":"2025-12-19T09:29:47","guid":{"rendered":"https:\/\/syntaco.artneo.pl\/produkt\/bmw-tpt-ll04-0w-30-1l-oem-83212465854\/"},"modified":"2026-01-14T16:33:39","modified_gmt":"2026-01-14T15:33:39","slug":"bmw-tpt-ll04-0w-30-1l-oem-83212465854","status":"publish","type":"product","link":"https:\/\/syntaco.pl\/sklep\/produkt\/bmw-tpt-ll04-0w-30-1l-oem-83212465854\/","title":{"rendered":"BMW TPT LL04 0W-30 1L OEM 83212465854"},"content":{"rendered":"<p>BMW TwinPower Turbo Longlife-04 0W-30 to syntetyczny olej silnikowy klasy premium, opracowany do zapewnienia wysokiej wydajno\u015bci i ochrony silnik\u00f3w BMW. Klasa lepko\u015bci SAE: 0W-30. Zapewnia doskona\u0142\u0105 p\u0142ynno\u015b\u0107 oleju przy niskich temperaturach i skuteczn\u0105 ochron\u0119 przy wysokich. Dopuszczenia producent\u00f3w: Spe\u0142nia wymagania BMW LL-04, co gwarantuje idealn\u0105 kompatybilno\u015b\u0107 z pojazdami BMW. Specyfikacje: Odpowiada standardom ACEA C3 i API SN, potwierdzaj\u0105c wysok\u0105 jako\u015b\u0107 produktu.<\/p>\n","protected":false},"excerpt":{"rendered":"<p>BMW TwinPower Turbo Longlife-04 0W-30 to syntetyczny olej silnikowy klasy premium, opracowany do zapewnienia wysokiej wydajno\u015bci i ochrony silnik\u00f3w BMW. Klasa lepko\u015bci SAE: 0W-30. Zapewnia doskona\u0142\u0105 p\u0142ynno\u015b\u0107 oleju przy niskich temperaturach i skuteczn\u0105 ochron\u0119 przy wysokich. Dopuszczenia producent\u00f3w: Spe\u0142nia wymagania BMW LL-04, co gwarantuje idealn\u0105 kompatybilno\u015b\u0107 z pojazdami BMW. Specyfikacje: Odpowiada standardom ACEA C3 i [&hellip;]<\/p>\n","protected":false},"featured_media":1547,"template":"","meta":{"_acf_changed":false},"product_brand":[35],"product_cat":[59],"product_tag":[],"class_list":{"0":"post-1549","1":"product","2":"type-product","3":"status-publish","4":"has-post-thumbnail","6":"product_brand-bmw","7":"product_cat-oleje-silnikowe","9":"first","10":"instock","11":"shipping-taxable","12":"purchasable","13":"product-type-simple"},"acf":[],"_links":{"self":[{"href":"https:\/\/syntaco.pl\/sklep\/wp-json\/wp\/v2\/product\/1549","targetHints":{"allow":["GET"]}}],"collection":[{"href":"https:\/\/syntaco.pl\/sklep\/wp-json\/wp\/v2\/product"}],"about":[{"href":"https:\/\/syntaco.pl\/sklep\/wp-json\/wp\/v2\/types\/product"}],"wp:featuredmedia":[{"embeddable":true,"href":"https:\/\/syntaco.pl\/sklep\/wp-json\/wp\/v2\/media\/1547"}],"wp:attachment":[{"href":"https:\/\/syntaco.pl\/sklep\/wp-json\/wp\/v2\/media?parent=1549"}],"wp:term":[{"taxonomy":"product_brand","embeddable":true,"href":"https:\/\/syntaco.pl\/sklep\/wp-json\/wp\/v2\/product_brand?post=1549"},{"taxonomy":"product_cat","embeddable":true,"href":"https:\/\/syntaco.pl\/sklep\/wp-json\/wp\/v2\/product_cat?post=1549"},{"taxonomy":"product_tag","embeddable":true,"href":"https:\/\/syntaco.pl\/sklep\/wp-json\/wp\/v2\/product_tag?post=1549"}],"curies":[{"name":"wp","href":"https:\/\/api.w.org\/{rel}","templated":true}]}}