{"id":1545,"date":"2025-12-19T10:29:44","date_gmt":"2025-12-19T09:29:44","guid":{"rendered":"https:\/\/syntaco.artneo.pl\/produkt\/volkswagen-vw-vag-olej-oryginalny-special-d-5w-40-505-00-505-01-1l-oem-gs55505m2eur\/"},"modified":"2026-01-14T16:33:38","modified_gmt":"2026-01-14T15:33:38","slug":"volkswagen-vw-vag-olej-oryginalny-special-d-5w-40-505-00-505-01-1l-oem-gs55505m2eur","status":"publish","type":"product","link":"https:\/\/syntaco.pl\/sklep\/produkt\/volkswagen-vw-vag-olej-oryginalny-special-d-5w-40-505-00-505-01-1l-oem-gs55505m2eur\/","title":{"rendered":"VOLKSWAGEN VW VAG OLEJ ORYGINALNY SPECIAL D 5W-40 505.00\/505.01 1L \/OEM\/ GS55505M2EUR"},"content":{"rendered":"<p>VOLKSWAGEN Special D 5W40 1L &#8211; oryginalny olej silnikowy OEM<br \/>\nOLEJ SPE\u0141NIA NORM\u0118 VW-Norm 505.00 \/ 505.01 G052505<br \/>\nZaawansowany olej silnikowy zatwierdzony do silnik\u00f3w Diesla bez filtra cz\u0105stek sta\u0142ych. Najwy\u017csza wydajno\u015b\u0107 dzi\u0119ki zaawansowanym w\u0142a\u015bciwo\u015bciom podczas rozruchu zimnego silnika i wysokiej ochronie przed zu\u017cywaniem si\u0119.<\/p>\n","protected":false},"excerpt":{"rendered":"<p>VOLKSWAGEN Special D 5W40 1L &#8211; oryginalny olej silnikowy OEM OLEJ SPE\u0141NIA NORM\u0118 VW-Norm 505.00 \/ 505.01 G052505 Zaawansowany olej silnikowy zatwierdzony do silnik\u00f3w Diesla bez filtra cz\u0105stek sta\u0142ych. Najwy\u017csza wydajno\u015b\u0107 dzi\u0119ki zaawansowanym w\u0142a\u015bciwo\u015bciom podczas rozruchu zimnego silnika i wysokiej ochronie przed zu\u017cywaniem si\u0119.<\/p>\n","protected":false},"featured_media":1544,"template":"","meta":{"_acf_changed":false},"product_brand":[],"product_cat":[59],"product_tag":[],"class_list":{"0":"post-1545","1":"product","2":"type-product","3":"status-publish","4":"has-post-thumbnail","6":"product_cat-oleje-silnikowe","8":"first","9":"instock","10":"shipping-taxable","11":"purchasable","12":"product-type-simple"},"acf":[],"_links":{"self":[{"href":"https:\/\/syntaco.pl\/sklep\/wp-json\/wp\/v2\/product\/1545","targetHints":{"allow":["GET"]}}],"collection":[{"href":"https:\/\/syntaco.pl\/sklep\/wp-json\/wp\/v2\/product"}],"about":[{"href":"https:\/\/syntaco.pl\/sklep\/wp-json\/wp\/v2\/types\/product"}],"wp:featuredmedia":[{"embeddable":true,"href":"https:\/\/syntaco.pl\/sklep\/wp-json\/wp\/v2\/media\/1544"}],"wp:attachment":[{"href":"https:\/\/syntaco.pl\/sklep\/wp-json\/wp\/v2\/media?parent=1545"}],"wp:term":[{"taxonomy":"product_brand","embeddable":true,"href":"https:\/\/syntaco.pl\/sklep\/wp-json\/wp\/v2\/product_brand?post=1545"},{"taxonomy":"product_cat","embeddable":true,"href":"https:\/\/syntaco.pl\/sklep\/wp-json\/wp\/v2\/product_cat?post=1545"},{"taxonomy":"product_tag","embeddable":true,"href":"https:\/\/syntaco.pl\/sklep\/wp-json\/wp\/v2\/product_tag?post=1545"}],"curies":[{"name":"wp","href":"https:\/\/api.w.org\/{rel}","templated":true}]}}