{"id":1543,"date":"2025-12-19T10:29:43","date_gmt":"2025-12-19T09:29:43","guid":{"rendered":"https:\/\/syntaco.artneo.pl\/produkt\/volkswagen-vw-vag-olej-do-ukladu-hydraulicznego-i-wspomagania-oem-g004000m2-1l\/"},"modified":"2026-01-14T16:34:14","modified_gmt":"2026-01-14T15:34:14","slug":"volkswagen-vw-vag-olej-do-ukladu-hydraulicznego-i-wspomagania-oem-g004000m2-1l","status":"publish","type":"product","link":"https:\/\/syntaco.pl\/sklep\/produkt\/volkswagen-vw-vag-olej-do-ukladu-hydraulicznego-i-wspomagania-oem-g004000m2-1l\/","title":{"rendered":"VOLKSWAGEN VW VAG OLEJ DO UK\u0141ADU HYDRAULICZNEGO I WSPOMAGANIA OEM G004000M2 1L"},"content":{"rendered":"<p>Olej G004000M2 jest to p\u0142ynny podzesp\u00f3\u0142 o okre\u015blonej lepko\u015bci dlatego wa\u017cne jest by stosowa\u0107 oryginalne oleje do uk\u0142adu hydraulicznego i przek\u0142adni uk\u0142adu wspomagania kierownicy. Korzystaj\u0105c z oryginalnych olej\u00f3w, masz pewno\u015b\u0107, \u017ce s\u0105 przeznaczone do modelu, kt\u00f3rym je\u017adzisz. Zosta\u0142y opracowane przez fabryk\u0119 i spe\u0142niaj\u0105 wszystkie wymagania do zachowania gwarancji.<\/p>\n","protected":false},"excerpt":{"rendered":"<p>Olej G004000M2 jest to p\u0142ynny podzesp\u00f3\u0142 o okre\u015blonej lepko\u015bci dlatego wa\u017cne jest by stosowa\u0107 oryginalne oleje do uk\u0142adu hydraulicznego i przek\u0142adni uk\u0142adu wspomagania kierownicy. Korzystaj\u0105c z oryginalnych olej\u00f3w, masz pewno\u015b\u0107, \u017ce s\u0105 przeznaczone do modelu, kt\u00f3rym je\u017adzisz. Zosta\u0142y opracowane przez fabryk\u0119 i spe\u0142niaj\u0105 wszystkie wymagania do zachowania gwarancji.<\/p>\n","protected":false},"featured_media":1542,"template":"","meta":{"_acf_changed":false},"product_brand":[],"product_cat":[36,30],"product_tag":[],"class_list":{"0":"post-1543","1":"product","2":"type-product","3":"status-publish","4":"has-post-thumbnail","6":"product_cat-oleje-przekladniowe","7":"product_cat-produkty","9":"first","10":"instock","11":"shipping-taxable","12":"purchasable","13":"product-type-simple"},"acf":[],"_links":{"self":[{"href":"https:\/\/syntaco.pl\/sklep\/wp-json\/wp\/v2\/product\/1543","targetHints":{"allow":["GET"]}}],"collection":[{"href":"https:\/\/syntaco.pl\/sklep\/wp-json\/wp\/v2\/product"}],"about":[{"href":"https:\/\/syntaco.pl\/sklep\/wp-json\/wp\/v2\/types\/product"}],"wp:featuredmedia":[{"embeddable":true,"href":"https:\/\/syntaco.pl\/sklep\/wp-json\/wp\/v2\/media\/1542"}],"wp:attachment":[{"href":"https:\/\/syntaco.pl\/sklep\/wp-json\/wp\/v2\/media?parent=1543"}],"wp:term":[{"taxonomy":"product_brand","embeddable":true,"href":"https:\/\/syntaco.pl\/sklep\/wp-json\/wp\/v2\/product_brand?post=1543"},{"taxonomy":"product_cat","embeddable":true,"href":"https:\/\/syntaco.pl\/sklep\/wp-json\/wp\/v2\/product_cat?post=1543"},{"taxonomy":"product_tag","embeddable":true,"href":"https:\/\/syntaco.pl\/sklep\/wp-json\/wp\/v2\/product_tag?post=1543"}],"curies":[{"name":"wp","href":"https:\/\/api.w.org\/{rel}","templated":true}]}}