{"id":1541,"date":"2025-12-19T10:29:42","date_gmt":"2025-12-19T09:29:42","guid":{"rendered":"https:\/\/syntaco.artneo.pl\/produkt\/volkswagen-vw-vag-olej-oryginalny-special-d-5w-40-505-00-505-01-5l-oem-gs55505m4eur\/"},"modified":"2026-01-20T08:27:24","modified_gmt":"2026-01-20T07:27:24","slug":"volkswagen-vw-vag-olej-oryginalny-special-d-5w-40-505-00-505-01-5l-oem-gs55505m4eur","status":"publish","type":"product","link":"https:\/\/syntaco.pl\/sklep\/produkt\/volkswagen-vw-vag-olej-oryginalny-special-d-5w-40-505-00-505-01-5l-oem-gs55505m4eur\/","title":{"rendered":"VOLKSWAGEN VW VAG OLEJ ORYGINALNY SPECIAL D 5W-40 505.00\/505.01 5L \/OEM\/ GS55505M4EUR"},"content":{"rendered":"<p>Olej syntetyczny nowej generacji zwracaj\u0105cy szczeg\u00f3ln\u0105 uwag\u0119 na redukcj\u0119 zu\u017cycia paliwa, redukcj\u0119 emisji CO2 oraz na precyzyjne opracowanie dla samochod\u00f3w Grupy Volkswagen. Olej nowej generacji spe\u0142nia ustawowe progi emisji spalin i optymalizuje prac\u0119 silnika.<br \/>\nOlej doskonale chroni elementy ruchome silnika przed zu\u017cyciem.<br \/>\nRedukuje zu\u017cycie paliwa oraz emisj\u0119 spalin.<br \/>\nPrzywraca jednostce nap\u0119dowej w\u0142a\u015bciwe parametry pracy.<br \/>\nZapewnia pe\u0142ni\u0119 mocy silnika spalinowego.<br \/>\nOlej silnikowy przeznaczony do jednostek wysokopr\u0119\u017cnych bez filtra cz\u0105stek sta\u0142ych ze standardowym okresem serwisowym. Olej spe\u0142nia rygorystyczne normy Grupy Volkswagen VW 502.00\/505.01. Wymiana oleju silnikowego zalecana jest nie cz\u0119\u015bciej ni\u017c co 15 000 km lub raz w ci\u0105gu roku.<\/p>\n","protected":false},"excerpt":{"rendered":"<p>Olej syntetyczny nowej generacji zwracaj\u0105cy szczeg\u00f3ln\u0105 uwag\u0119 na redukcj\u0119 zu\u017cycia paliwa, redukcj\u0119 emisji CO2 oraz na precyzyjne opracowanie dla samochod\u00f3w Grupy Volkswagen. Olej nowej generacji spe\u0142nia ustawowe progi emisji spalin i optymalizuje prac\u0119 silnika. Olej doskonale chroni elementy ruchome silnika przed zu\u017cyciem. Redukuje zu\u017cycie paliwa oraz emisj\u0119 spalin. Przywraca jednostce nap\u0119dowej w\u0142a\u015bciwe parametry pracy. Zapewnia [&hellip;]<\/p>\n","protected":false},"featured_media":1540,"template":"","meta":{"_acf_changed":false},"product_brand":[],"product_cat":[59],"product_tag":[],"class_list":{"0":"post-1541","1":"product","2":"type-product","3":"status-publish","4":"has-post-thumbnail","6":"product_cat-oleje-silnikowe","8":"first","9":"instock","10":"shipping-taxable","11":"purchasable","12":"product-type-simple"},"acf":[],"_links":{"self":[{"href":"https:\/\/syntaco.pl\/sklep\/wp-json\/wp\/v2\/product\/1541","targetHints":{"allow":["GET"]}}],"collection":[{"href":"https:\/\/syntaco.pl\/sklep\/wp-json\/wp\/v2\/product"}],"about":[{"href":"https:\/\/syntaco.pl\/sklep\/wp-json\/wp\/v2\/types\/product"}],"wp:featuredmedia":[{"embeddable":true,"href":"https:\/\/syntaco.pl\/sklep\/wp-json\/wp\/v2\/media\/1540"}],"wp:attachment":[{"href":"https:\/\/syntaco.pl\/sklep\/wp-json\/wp\/v2\/media?parent=1541"}],"wp:term":[{"taxonomy":"product_brand","embeddable":true,"href":"https:\/\/syntaco.pl\/sklep\/wp-json\/wp\/v2\/product_brand?post=1541"},{"taxonomy":"product_cat","embeddable":true,"href":"https:\/\/syntaco.pl\/sklep\/wp-json\/wp\/v2\/product_cat?post=1541"},{"taxonomy":"product_tag","embeddable":true,"href":"https:\/\/syntaco.pl\/sklep\/wp-json\/wp\/v2\/product_tag?post=1541"}],"curies":[{"name":"wp","href":"https:\/\/api.w.org\/{rel}","templated":true}]}}