{"id":1537,"date":"2025-12-19T10:29:40","date_gmt":"2025-12-19T09:29:40","guid":{"rendered":"https:\/\/syntaco.artneo.pl\/produkt\/volkswagen-vw-vag-olej-oryginalny-ll-iv-0w-20-508-00-509-00-5l-oem-gs60577m4-gs65577m4eur\/"},"modified":"2026-03-28T00:26:04","modified_gmt":"2026-03-27T23:26:04","slug":"volkswagen-vw-vag-olej-oryginalny-ll-iv-0w-20-508-00-509-00-5l-oem-gs60577m4-gs65577m4eur","status":"publish","type":"product","link":"https:\/\/syntaco.pl\/sklep\/produkt\/volkswagen-vw-vag-olej-oryginalny-ll-iv-0w-20-508-00-509-00-5l-oem-gs60577m4-gs65577m4eur\/","title":{"rendered":"VOLKSWAGEN VW VAG OLEJ ORYGINALNY LL IV 0W-20 508.00\/509.00 5L \/OEM\/ GS60577M4\/GS65577M4EUR"},"content":{"rendered":"<p>Numer katalogowy:<br \/>\nGS60577M4\/G S65577M4EUR<br \/>\nNormy i specyfikacje:<br \/>\nVW 508.00\/509.00<br \/>\nKlasa lepko\u015bci SAE:<br \/>\n0W20<br \/>\nPojemno\u015b\u0107 opakowania:<br \/>\n5 litr<br \/>\nInformacje dodatkowe o produkcie:<br \/>\nZoptymalizowana lepko\u015b\u0107 umo\u017cliwia lepsze w\u0142a\u015bciwo\u015bci rozruchowe zimnego silnika<br \/>\nZapewnia sta\u0142y dop\u0142yw mocy<br \/>\nUtrzymuje silnik w fabrycznej czysto\u015bci<br \/>\nWyd\u0142u\u017ca \u017cywotno\u015b\u0107 jednostki nap\u0119dowej<\/p>\n","protected":false},"excerpt":{"rendered":"<p>Numer katalogowy: GS60577M4\/G S65577M4EUR Normy i specyfikacje: VW 508.00\/509.00 Klasa lepko\u015bci SAE: 0W20 Pojemno\u015b\u0107 opakowania: 5 litr Informacje dodatkowe o produkcie: Zoptymalizowana lepko\u015b\u0107 umo\u017cliwia lepsze w\u0142a\u015bciwo\u015bci rozruchowe zimnego silnika Zapewnia sta\u0142y dop\u0142yw mocy Utrzymuje silnik w fabrycznej czysto\u015bci Wyd\u0142u\u017ca \u017cywotno\u015b\u0107 jednostki nap\u0119dowej<\/p>\n","protected":false},"featured_media":1536,"template":"","meta":{"_acf_changed":false},"product_brand":[],"product_cat":[59],"product_tag":[],"class_list":{"0":"post-1537","1":"product","2":"type-product","3":"status-publish","4":"has-post-thumbnail","6":"product_cat-oleje-silnikowe","8":"first","9":"instock","10":"shipping-taxable","11":"purchasable","12":"product-type-simple"},"acf":[],"_links":{"self":[{"href":"https:\/\/syntaco.pl\/sklep\/wp-json\/wp\/v2\/product\/1537","targetHints":{"allow":["GET"]}}],"collection":[{"href":"https:\/\/syntaco.pl\/sklep\/wp-json\/wp\/v2\/product"}],"about":[{"href":"https:\/\/syntaco.pl\/sklep\/wp-json\/wp\/v2\/types\/product"}],"wp:featuredmedia":[{"embeddable":true,"href":"https:\/\/syntaco.pl\/sklep\/wp-json\/wp\/v2\/media\/1536"}],"wp:attachment":[{"href":"https:\/\/syntaco.pl\/sklep\/wp-json\/wp\/v2\/media?parent=1537"}],"wp:term":[{"taxonomy":"product_brand","embeddable":true,"href":"https:\/\/syntaco.pl\/sklep\/wp-json\/wp\/v2\/product_brand?post=1537"},{"taxonomy":"product_cat","embeddable":true,"href":"https:\/\/syntaco.pl\/sklep\/wp-json\/wp\/v2\/product_cat?post=1537"},{"taxonomy":"product_tag","embeddable":true,"href":"https:\/\/syntaco.pl\/sklep\/wp-json\/wp\/v2\/product_tag?post=1537"}],"curies":[{"name":"wp","href":"https:\/\/api.w.org\/{rel}","templated":true}]}}