{"id":1531,"date":"2025-12-19T10:29:36","date_gmt":"2025-12-19T09:29:36","guid":{"rendered":"https:\/\/syntaco.artneo.pl\/produkt\/qarmax-hydrofobowy-plyn-do-spryskiwaczy-zimowy-etanol-pure-20-5l-z-lejkiem\/"},"modified":"2026-03-31T20:32:36","modified_gmt":"2026-03-31T18:32:36","slug":"qarmax-hydrofobowy-plyn-do-spryskiwaczy-zimowy-etanol-pure-20-5l-z-lejkiem","status":"publish","type":"product","link":"https:\/\/syntaco.pl\/sklep\/produkt\/qarmax-hydrofobowy-plyn-do-spryskiwaczy-zimowy-etanol-pure-20-5l-z-lejkiem\/","title":{"rendered":"QARMAX HYDROFOBOWY P\u0141YN DO SPRYSKIWACZY ZIMOWY ETANOL PURE -20 5L z lejkiem"},"content":{"rendered":"<p>Nowoczesny p\u0142yn do spryskiwaczy bez alergen\u00f3w, z pow\u0142ok\u0105 hydrofobow\u0105.<br \/>\nP\u0142yn pozostawia na szybie niewidzialn\u0105 wycieraczk\u0119, kt\u00f3ra skutecznie odpycha wod\u0119. Dzi\u0119ki pow\u0142oce, kt\u00f3ra tworzy si\u0119 po spryskaniu przedniej szyby p\u0142ynem, deszcz podczas szybkiej jazdy (ok. 80 km\/h &#8211; dok\u0142adna pr\u0119dko\u015b\u0107 zale\u017cy od k\u0105ta nachylenia szyby, twardo\u015bci wody, wiatru i innych czynnik\u00f3w zewn\u0119trznych) formu\u0142uje si\u0119 w du\u017ce krople, kt\u00f3re szybko sp\u0142ywaj\u0105 wraz z ca\u0142ym brudem z szyby.<br \/>\nPow\u0142oka hydrofobowa dodatkowo ogranicza przywieranie b\u0142ota, lodu i innych zanieczyszcze\u0144. Nie pozostawia smug. Preparat stabilny w temperaturze do \u2013 20\u00b0C. Pozostawia przyjemny, \u015bwie\u017cy zapach.<br \/>\nZalety:<br \/>\n&#8211; nie zawiera alergen\u00f3w (wg IFRA, zgodnie z Rozporz\u0105dzeniem WE nr 1223\/2009),<br \/>\n&#8211; zosta\u0142 przebadany przez niezale\u017cne laboratorium,<br \/>\n&#8211; nie zawiera szkodliwego metanolu,<br \/>\n&#8211; bezpieczny dla uszczelek, lakieru i pi\u00f3r wycieraczek<br \/>\n&#8211; nie pozostawia smug, zaciek\u00f3w i przebarwie\u0144<br \/>\n&#8211; bezpieczny dla reflektor\u00f3w<br \/>\n&#8211; produkt wyposa\u017cony jest dodatkowo w komfortowy lejek<br \/>\nDost\u0119pne pojemno\u015bci: 5 l, 200 l, 1000 l<br \/>\nUwaga zmiana szaty graficznej!<\/p>\n","protected":false},"excerpt":{"rendered":"<p>Nowoczesny p\u0142yn do spryskiwaczy bez alergen\u00f3w, z pow\u0142ok\u0105 hydrofobow\u0105. P\u0142yn pozostawia na szybie niewidzialn\u0105 wycieraczk\u0119, kt\u00f3ra skutecznie odpycha wod\u0119. Dzi\u0119ki pow\u0142oce, kt\u00f3ra tworzy si\u0119 po spryskaniu przedniej szyby p\u0142ynem, deszcz podczas szybkiej jazdy (ok. 80 km\/h &#8211; dok\u0142adna pr\u0119dko\u015b\u0107 zale\u017cy od k\u0105ta nachylenia szyby, twardo\u015bci wody, wiatru i innych czynnik\u00f3w zewn\u0119trznych) formu\u0142uje si\u0119 w du\u017ce [&hellip;]<\/p>\n","protected":false},"featured_media":1528,"template":"","meta":{"_acf_changed":false},"product_brand":[],"product_cat":[55,30],"product_tag":[],"class_list":{"0":"post-1531","1":"product","2":"type-product","3":"status-publish","4":"has-post-thumbnail","6":"product_cat-plyny-do-spryskiwaczy","7":"product_cat-produkty","9":"first","10":"instock","11":"shipping-taxable","12":"purchasable","13":"product-type-simple"},"acf":[],"_links":{"self":[{"href":"https:\/\/syntaco.pl\/sklep\/wp-json\/wp\/v2\/product\/1531","targetHints":{"allow":["GET"]}}],"collection":[{"href":"https:\/\/syntaco.pl\/sklep\/wp-json\/wp\/v2\/product"}],"about":[{"href":"https:\/\/syntaco.pl\/sklep\/wp-json\/wp\/v2\/types\/product"}],"wp:featuredmedia":[{"embeddable":true,"href":"https:\/\/syntaco.pl\/sklep\/wp-json\/wp\/v2\/media\/1528"}],"wp:attachment":[{"href":"https:\/\/syntaco.pl\/sklep\/wp-json\/wp\/v2\/media?parent=1531"}],"wp:term":[{"taxonomy":"product_brand","embeddable":true,"href":"https:\/\/syntaco.pl\/sklep\/wp-json\/wp\/v2\/product_brand?post=1531"},{"taxonomy":"product_cat","embeddable":true,"href":"https:\/\/syntaco.pl\/sklep\/wp-json\/wp\/v2\/product_cat?post=1531"},{"taxonomy":"product_tag","embeddable":true,"href":"https:\/\/syntaco.pl\/sklep\/wp-json\/wp\/v2\/product_tag?post=1531"}],"curies":[{"name":"wp","href":"https:\/\/api.w.org\/{rel}","templated":true}]}}