{"id":1527,"date":"2025-12-19T10:29:34","date_gmt":"2025-12-19T09:29:34","guid":{"rendered":"https:\/\/syntaco.artneo.pl\/produkt\/qarmax-profesional-plyn-do-spryskiwaczy-zimowy-metanol-20-5l\/"},"modified":"2026-03-27T13:32:59","modified_gmt":"2026-03-27T12:32:59","slug":"qarmax-profesional-plyn-do-spryskiwaczy-zimowy-metanol-20-5l","status":"publish","type":"product","link":"https:\/\/syntaco.pl\/sklep\/produkt\/qarmax-profesional-plyn-do-spryskiwaczy-zimowy-metanol-20-5l\/","title":{"rendered":"QARMAX PROFESIONAL P\u0141YN DO SPRYSKIWACZY ZIMOWY METANOL -20 5L"},"content":{"rendered":"<p>Profesjonalny zimowy p\u0142yn do spryskiwaczy dedykowany dla warsztat\u00f3w i serwis\u00f3w samochodowych. Doskonale usuwa brud, l\u00f3d, b\u0142oto po\u015bniegowe, s\u00f3l i osady drogowe z szyb i reflektor\u00f3w &#8211; pozostawia \u015bwie\u017cy, przyjemny zapach. Nie pozostawia smug. Zawiera metanol. Produkt do u\u017cytku profesjonalnego. Zakaz sprzeda\u017cy konsumentom!<br \/>\nZalety:<br \/>\n&#8211; nie niszczy uszczelek<br \/>\n&#8211; skutecznie usuwa osady drogowe, brud, l\u00f3d, s\u00f3l, b\u0142oto po\u015bniegowe<br \/>\n&#8211; nie pozostawia smug i zaciek\u00f3w<br \/>\n&#8211; produkt pozostawia bardzo przyjemny, \u015bwie\u017cy zapach<br \/>\n&#8211; preparat stabilny w temperaturze do \u2013 20\u00b0C.<br \/>\nPojemno\u015b\u0107: 5l<br \/>\nUwaga zmiana szaty graficznej!<\/p>\n","protected":false},"excerpt":{"rendered":"<p>Profesjonalny zimowy p\u0142yn do spryskiwaczy dedykowany dla warsztat\u00f3w i serwis\u00f3w samochodowych. Doskonale usuwa brud, l\u00f3d, b\u0142oto po\u015bniegowe, s\u00f3l i osady drogowe z szyb i reflektor\u00f3w &#8211; pozostawia \u015bwie\u017cy, przyjemny zapach. Nie pozostawia smug. Zawiera metanol. Produkt do u\u017cytku profesjonalnego. Zakaz sprzeda\u017cy konsumentom! Zalety: &#8211; nie niszczy uszczelek &#8211; skutecznie usuwa osady drogowe, brud, l\u00f3d, s\u00f3l, [&hellip;]<\/p>\n","protected":false},"featured_media":1525,"template":"","meta":{"_acf_changed":false},"product_brand":[],"product_cat":[55,30],"product_tag":[],"class_list":{"0":"post-1527","1":"product","2":"type-product","3":"status-publish","4":"has-post-thumbnail","6":"product_cat-plyny-do-spryskiwaczy","7":"product_cat-produkty","9":"first","10":"instock","11":"shipping-taxable","12":"purchasable","13":"product-type-simple"},"acf":[],"_links":{"self":[{"href":"https:\/\/syntaco.pl\/sklep\/wp-json\/wp\/v2\/product\/1527","targetHints":{"allow":["GET"]}}],"collection":[{"href":"https:\/\/syntaco.pl\/sklep\/wp-json\/wp\/v2\/product"}],"about":[{"href":"https:\/\/syntaco.pl\/sklep\/wp-json\/wp\/v2\/types\/product"}],"wp:featuredmedia":[{"embeddable":true,"href":"https:\/\/syntaco.pl\/sklep\/wp-json\/wp\/v2\/media\/1525"}],"wp:attachment":[{"href":"https:\/\/syntaco.pl\/sklep\/wp-json\/wp\/v2\/media?parent=1527"}],"wp:term":[{"taxonomy":"product_brand","embeddable":true,"href":"https:\/\/syntaco.pl\/sklep\/wp-json\/wp\/v2\/product_brand?post=1527"},{"taxonomy":"product_cat","embeddable":true,"href":"https:\/\/syntaco.pl\/sklep\/wp-json\/wp\/v2\/product_cat?post=1527"},{"taxonomy":"product_tag","embeddable":true,"href":"https:\/\/syntaco.pl\/sklep\/wp-json\/wp\/v2\/product_tag?post=1527"}],"curies":[{"name":"wp","href":"https:\/\/api.w.org\/{rel}","templated":true}]}}