{"id":1497,"date":"2025-12-19T10:29:10","date_gmt":"2025-12-19T09:29:10","guid":{"rendered":"https:\/\/syntaco.artneo.pl\/produkt\/qarmax-plyn-do-spryskiwaczy-letni-na-owady-anty-insekt-4l-z-lejkiem\/"},"modified":"2026-03-27T13:32:58","modified_gmt":"2026-03-27T12:32:58","slug":"qarmax-plyn-do-spryskiwaczy-letni-na-owady-anty-insekt-4l-z-lejkiem","status":"publish","type":"product","link":"https:\/\/syntaco.pl\/sklep\/produkt\/qarmax-plyn-do-spryskiwaczy-letni-na-owady-anty-insekt-4l-z-lejkiem\/","title":{"rendered":"QARMAX P\u0141YN DO SPRYSKIWACZY LETNI NA OWADY ANTY INSEKT 4L z lejkiem"},"content":{"rendered":"<p>Produkt stworzony w oparciu o specjaln\u0105 receptur\u0119 dla lepszej skuteczno\u015bci w usuwaniu \u015blad\u00f3w po zaschni\u0119tych owadach.Zapewnia lepsz\u0105 widoczno\u015b\u0107 podczas podr\u00f3\u017cy. Skuteczny rownie\u017c w eliminacji kurzu, osad\u00f3w drogowych i innych zabrudze\u0144. Po u\u017cyciu pozostawia przyjemny, owocowy zapach. Bezpieczny dla uszczelek, szk\u0142a i lakieru ( nie zawiera barwnik\u00f3w). Nie pozostawia smug i zaciek\u00f3w.<\/p>\n","protected":false},"excerpt":{"rendered":"<p>Produkt stworzony w oparciu o specjaln\u0105 receptur\u0119 dla lepszej skuteczno\u015bci w usuwaniu \u015blad\u00f3w po zaschni\u0119tych owadach.Zapewnia lepsz\u0105 widoczno\u015b\u0107 podczas podr\u00f3\u017cy. Skuteczny rownie\u017c w eliminacji kurzu, osad\u00f3w drogowych i innych zabrudze\u0144. Po u\u017cyciu pozostawia przyjemny, owocowy zapach. Bezpieczny dla uszczelek, szk\u0142a i lakieru ( nie zawiera barwnik\u00f3w). Nie pozostawia smug i zaciek\u00f3w.<\/p>\n","protected":false},"featured_media":1494,"template":"","meta":{"_acf_changed":false},"product_brand":[],"product_cat":[55,30],"product_tag":[],"class_list":{"0":"post-1497","1":"product","2":"type-product","3":"status-publish","4":"has-post-thumbnail","6":"product_cat-plyny-do-spryskiwaczy","7":"product_cat-produkty","9":"first","10":"instock","11":"shipping-taxable","12":"purchasable","13":"product-type-simple"},"acf":[],"_links":{"self":[{"href":"https:\/\/syntaco.pl\/sklep\/wp-json\/wp\/v2\/product\/1497","targetHints":{"allow":["GET"]}}],"collection":[{"href":"https:\/\/syntaco.pl\/sklep\/wp-json\/wp\/v2\/product"}],"about":[{"href":"https:\/\/syntaco.pl\/sklep\/wp-json\/wp\/v2\/types\/product"}],"wp:featuredmedia":[{"embeddable":true,"href":"https:\/\/syntaco.pl\/sklep\/wp-json\/wp\/v2\/media\/1494"}],"wp:attachment":[{"href":"https:\/\/syntaco.pl\/sklep\/wp-json\/wp\/v2\/media?parent=1497"}],"wp:term":[{"taxonomy":"product_brand","embeddable":true,"href":"https:\/\/syntaco.pl\/sklep\/wp-json\/wp\/v2\/product_brand?post=1497"},{"taxonomy":"product_cat","embeddable":true,"href":"https:\/\/syntaco.pl\/sklep\/wp-json\/wp\/v2\/product_cat?post=1497"},{"taxonomy":"product_tag","embeddable":true,"href":"https:\/\/syntaco.pl\/sklep\/wp-json\/wp\/v2\/product_tag?post=1497"}],"curies":[{"name":"wp","href":"https:\/\/api.w.org\/{rel}","templated":true}]}}