{"id":1457,"date":"2025-12-19T10:28:35","date_gmt":"2025-12-19T09:28:35","guid":{"rendered":"https:\/\/syntaco.artneo.pl\/produkt\/q8-f-elite-fpw-5w-30-1l\/"},"modified":"2026-03-28T08:33:44","modified_gmt":"2026-03-28T07:33:44","slug":"q8-f-elite-fpw-5w-30-1l","status":"publish","type":"product","link":"https:\/\/syntaco.pl\/sklep\/produkt\/q8-f-elite-fpw-5w-30-1l\/","title":{"rendered":"Q8 F Elite FPW 5W-30 &#8211; 1L"},"content":{"rendered":"<p>Q8 Formula Elite FPW 5W-30 to najwy\u017cszej jako\u015bci olej silnikowy do samochod\u00f3w osobowych. Produkt ten zapewnia doskona\u0142\u0105 ochron\u0119 przed zu\u017cyciem silnika i tworzeniem si\u0119 szlamu, wyd\u0142u\u017ca okresy mi\u0119dzy wymianami oleju i jest kompatybilny z uk\u0142adami oczyszczania spalin. Q8 Formula Elite FPW 5W-30 przeszed\u0142 oficjalny test zu\u017cycia Stellantis FPW9.55535\/03 DVR5R oraz test EP6 E10 i spe\u0142nia rygorystyczne wymagania Stellantis.<br \/>\nQ8 Formula Elite FPW 5W-30 zosta\u0142 opracowany specjalnie dla silnik\u00f3w Stellantis i nadaje si\u0119 do samochod\u00f3w osobowych i pojazd\u00f3w u\u017cytkowych z wolnoss\u0105cymi lub turbodo\u0142adowanymi silnikami benzynowymi, LPG lub wysokopr\u0119\u017cnymi Euro 5 i 6 wymagaj\u0105cymi oleju silnikowego mid SAPS. Q8 Formula Elite FPW 5W-30 przeszed\u0142 oficjalny test zu\u017cycia Stellantis FPW9.55535\/03 DVR5R oraz test EP6 E10.<\/p>\n","protected":false},"excerpt":{"rendered":"<p>Q8 Formula Elite FPW 5W-30 to najwy\u017cszej jako\u015bci olej silnikowy do samochod\u00f3w osobowych. Produkt ten zapewnia doskona\u0142\u0105 ochron\u0119 przed zu\u017cyciem silnika i tworzeniem si\u0119 szlamu, wyd\u0142u\u017ca okresy mi\u0119dzy wymianami oleju i jest kompatybilny z uk\u0142adami oczyszczania spalin. Q8 Formula Elite FPW 5W-30 przeszed\u0142 oficjalny test zu\u017cycia Stellantis FPW9.55535\/03 DVR5R oraz test EP6 E10 i spe\u0142nia [&hellip;]<\/p>\n","protected":false},"featured_media":1455,"template":"","meta":{"_acf_changed":false},"product_brand":[49],"product_cat":[59],"product_tag":[],"class_list":{"0":"post-1457","1":"product","2":"type-product","3":"status-publish","4":"has-post-thumbnail","6":"product_brand-kuwait-petroleum-belgium-n-v-s-a","7":"product_cat-oleje-silnikowe","9":"first","10":"instock","11":"shipping-taxable","12":"purchasable","13":"product-type-simple"},"acf":[],"_links":{"self":[{"href":"https:\/\/syntaco.pl\/sklep\/wp-json\/wp\/v2\/product\/1457","targetHints":{"allow":["GET"]}}],"collection":[{"href":"https:\/\/syntaco.pl\/sklep\/wp-json\/wp\/v2\/product"}],"about":[{"href":"https:\/\/syntaco.pl\/sklep\/wp-json\/wp\/v2\/types\/product"}],"wp:featuredmedia":[{"embeddable":true,"href":"https:\/\/syntaco.pl\/sklep\/wp-json\/wp\/v2\/media\/1455"}],"wp:attachment":[{"href":"https:\/\/syntaco.pl\/sklep\/wp-json\/wp\/v2\/media?parent=1457"}],"wp:term":[{"taxonomy":"product_brand","embeddable":true,"href":"https:\/\/syntaco.pl\/sklep\/wp-json\/wp\/v2\/product_brand?post=1457"},{"taxonomy":"product_cat","embeddable":true,"href":"https:\/\/syntaco.pl\/sklep\/wp-json\/wp\/v2\/product_cat?post=1457"},{"taxonomy":"product_tag","embeddable":true,"href":"https:\/\/syntaco.pl\/sklep\/wp-json\/wp\/v2\/product_tag?post=1457"}],"curies":[{"name":"wp","href":"https:\/\/api.w.org\/{rel}","templated":true}]}}