{"id":1397,"date":"2025-12-19T10:27:35","date_gmt":"2025-12-19T09:27:35","guid":{"rendered":"https:\/\/syntaco.artneo.pl\/produkt\/qarmax-plyn-do-chlodnic-hd-long-life-rozowy-200l\/"},"modified":"2026-03-28T08:33:33","modified_gmt":"2026-03-28T07:33:33","slug":"qarmax-plyn-do-chlodnic-hd-long-life-rozowy-200l","status":"publish","type":"product","link":"https:\/\/syntaco.pl\/sklep\/produkt\/qarmax-plyn-do-chlodnic-hd-long-life-rozowy-200l\/","title":{"rendered":"QARMAX P\u0141YN DO CH\u0141ODNIC HD LONG LIFE R\u00d3ZOWY 200L"},"content":{"rendered":"<p>Najnowszej generacji p\u0142yn do ch\u0142odnic samochodowych Qarmax HD LONG LIFE p\u0142yn -37oC na bazie glikolu etylenowego (MEG) o wyd\u0142u\u017conym dzia\u0142aniu, nie zawieraj\u0105cy gliceryny. P\u0142yn oparty jest na technologii kwas\u00f3w organicznych (OAT) powoduj\u0105cych przyspieszon\u0105 i wzmocnion\u0105 ochron\u0119 przeciw korozji i kawitacji zabezpieczaj\u0105c elementy uk\u0142adu w zakresie przebiegu do 250 ty\u015b. km.<br \/>\nNie zawiera toksycznych azotyn\u00f3w, amin, fosforan\u00f3w, boran\u00f3w, krzemian\u00f3w. Posiada wzorcowe parametry wymiany ciep\u0142a z gwarantowan\u0105 temperatur\u0105 krystalizacji -37oC. Zapobiega powstawaniu osad\u00f3w i kamienia.<br \/>\nPrzeznaczony do ch\u0142odzenia wszystkich typ\u00f3w silnik\u00f3w samochodowych, skuteczny dla silnik\u00f3w benzynowych i wysokopr\u0119\u017cnych wyposa\u017conych w ch\u0142odnice aluminiowe, \u017celiwne, lub uk\u0142ady mieszane w samochodach osobowych i ci\u0119\u017carowych. Doskonale mieszalny r\u00f3wnie\u017c z p\u0142ynami w standardzie G12, G12+.<br \/>\nSpecyfikacje i dopuszczenia:<br \/>\nPN-93\/C-40008-10; PN-C-40007<br \/>\nASTM D 3306; ASTM D 5931-13; ASTM D 1287-11; ASTM D4656 (USA); ASTM D4985 (USA)<br \/>\nAFNOR NF R15-601 (Francja); BS 6580: 2010 (Wlk. Brytania)<br \/>\nCUNA NC 956-16; FVV Heft R443; SAE J 1034; UNE 26361-88; Audi\/Skoda\/VW\/Seat TL 774 D\/F<br \/>\nFORD WSS-M97B44-D; GM 6277M;<br \/>\nRenault Truck 41-01-001; Man 324 SNF; MB 325.3; DAF 74002; Volvo VCS 418-0001;<br \/>\nCummins CES14603<br \/>\nQarmax HD LONG LIFE wyst\u0119puje w formie gotowego do u\u017cycia p\u0142ynu.<br \/>\nDost\u0119pne pojemno\u015bci: 20l, 60l, 210l, 1000l<\/p>\n","protected":false},"excerpt":{"rendered":"<p>Najnowszej generacji p\u0142yn do ch\u0142odnic samochodowych Qarmax HD LONG LIFE p\u0142yn -37oC na bazie glikolu etylenowego (MEG) o wyd\u0142u\u017conym dzia\u0142aniu, nie zawieraj\u0105cy gliceryny. P\u0142yn oparty jest na technologii kwas\u00f3w organicznych (OAT) powoduj\u0105cych przyspieszon\u0105 i wzmocnion\u0105 ochron\u0119 przeciw korozji i kawitacji zabezpieczaj\u0105c elementy uk\u0142adu w zakresie przebiegu do 250 ty\u015b. km. Nie zawiera toksycznych azotyn\u00f3w, amin, [&hellip;]<\/p>\n","protected":false},"featured_media":1396,"template":"","meta":{"_acf_changed":false},"product_brand":[32],"product_cat":[51,30],"product_tag":[],"class_list":{"0":"post-1397","1":"product","2":"type-product","3":"status-publish","4":"has-post-thumbnail","6":"product_brand-qarmax","7":"product_cat-plyny-do-chlodnic","8":"product_cat-produkty","10":"first","11":"instock","12":"shipping-taxable","13":"purchasable","14":"product-type-simple"},"acf":[],"_links":{"self":[{"href":"https:\/\/syntaco.pl\/sklep\/wp-json\/wp\/v2\/product\/1397","targetHints":{"allow":["GET"]}}],"collection":[{"href":"https:\/\/syntaco.pl\/sklep\/wp-json\/wp\/v2\/product"}],"about":[{"href":"https:\/\/syntaco.pl\/sklep\/wp-json\/wp\/v2\/types\/product"}],"wp:featuredmedia":[{"embeddable":true,"href":"https:\/\/syntaco.pl\/sklep\/wp-json\/wp\/v2\/media\/1396"}],"wp:attachment":[{"href":"https:\/\/syntaco.pl\/sklep\/wp-json\/wp\/v2\/media?parent=1397"}],"wp:term":[{"taxonomy":"product_brand","embeddable":true,"href":"https:\/\/syntaco.pl\/sklep\/wp-json\/wp\/v2\/product_brand?post=1397"},{"taxonomy":"product_cat","embeddable":true,"href":"https:\/\/syntaco.pl\/sklep\/wp-json\/wp\/v2\/product_cat?post=1397"},{"taxonomy":"product_tag","embeddable":true,"href":"https:\/\/syntaco.pl\/sklep\/wp-json\/wp\/v2\/product_tag?post=1397"}],"curies":[{"name":"wp","href":"https:\/\/api.w.org\/{rel}","templated":true}]}}