{"id":1393,"date":"2025-12-19T10:27:31","date_gmt":"2025-12-19T09:27:31","guid":{"rendered":"https:\/\/syntaco.artneo.pl\/produkt\/qarmax-woda-demineralizowana-5l\/"},"modified":"2026-03-29T00:26:04","modified_gmt":"2026-03-28T23:26:04","slug":"qarmax-woda-demineralizowana-5l","status":"publish","type":"product","link":"https:\/\/syntaco.pl\/sklep\/produkt\/qarmax-woda-demineralizowana-5l\/","title":{"rendered":"QARMAX WODA DEMINERALIZOWANA 5L"},"content":{"rendered":"<p>Woda pozbawiona obcych jon\u00f3w poprzez wymian\u0119 ich na jony wodorowe i wodorotlenkowe pochodz\u0105ce z wymieniacza jonowego (zanieczyszczenia kationowe wymieniane s\u0105 na jony wodorowe, natomiast zanieczyszczenia anionowe na jony hydroksylowe). Zastosowanie: akumulatory, systemy ch\u0142odzenia, akwaria, fotografia, laboratoria, \u017celazka, nawil\u017cacze powietrza, do produkcji: luster, farb wodorozcie\u0144czalnych, kolektor\u00f3w s\u0142onecznych.<br \/>\nWoda demineralizowana przed\u0142u\u017ca \u017cywotno\u015b\u0107 i trwa\u0142o\u015b\u0107 urz\u0105dze\u0144.<br \/>\nDost\u0119pne pojemno\u015bci: 1l i 5l<\/p>\n","protected":false},"excerpt":{"rendered":"<p>Woda pozbawiona obcych jon\u00f3w poprzez wymian\u0119 ich na jony wodorowe i wodorotlenkowe pochodz\u0105ce z wymieniacza jonowego (zanieczyszczenia kationowe wymieniane s\u0105 na jony wodorowe, natomiast zanieczyszczenia anionowe na jony hydroksylowe). Zastosowanie: akumulatory, systemy ch\u0142odzenia, akwaria, fotografia, laboratoria, \u017celazka, nawil\u017cacze powietrza, do produkcji: luster, farb wodorozcie\u0144czalnych, kolektor\u00f3w s\u0142onecznych. Woda demineralizowana przed\u0142u\u017ca \u017cywotno\u015b\u0107 i trwa\u0142o\u015b\u0107 urz\u0105dze\u0144. Dost\u0119pne pojemno\u015bci: [&hellip;]<\/p>\n","protected":false},"featured_media":1391,"template":"","meta":{"_acf_changed":false},"product_brand":[32],"product_cat":[52,30],"product_tag":[],"class_list":{"0":"post-1393","1":"product","2":"type-product","3":"status-publish","4":"has-post-thumbnail","6":"product_brand-qarmax","7":"product_cat-mycie-samochodu","8":"product_cat-produkty","10":"first","11":"instock","12":"shipping-taxable","13":"purchasable","14":"product-type-simple"},"acf":[],"_links":{"self":[{"href":"https:\/\/syntaco.pl\/sklep\/wp-json\/wp\/v2\/product\/1393","targetHints":{"allow":["GET"]}}],"collection":[{"href":"https:\/\/syntaco.pl\/sklep\/wp-json\/wp\/v2\/product"}],"about":[{"href":"https:\/\/syntaco.pl\/sklep\/wp-json\/wp\/v2\/types\/product"}],"wp:featuredmedia":[{"embeddable":true,"href":"https:\/\/syntaco.pl\/sklep\/wp-json\/wp\/v2\/media\/1391"}],"wp:attachment":[{"href":"https:\/\/syntaco.pl\/sklep\/wp-json\/wp\/v2\/media?parent=1393"}],"wp:term":[{"taxonomy":"product_brand","embeddable":true,"href":"https:\/\/syntaco.pl\/sklep\/wp-json\/wp\/v2\/product_brand?post=1393"},{"taxonomy":"product_cat","embeddable":true,"href":"https:\/\/syntaco.pl\/sklep\/wp-json\/wp\/v2\/product_cat?post=1393"},{"taxonomy":"product_tag","embeddable":true,"href":"https:\/\/syntaco.pl\/sklep\/wp-json\/wp\/v2\/product_tag?post=1393"}],"curies":[{"name":"wp","href":"https:\/\/api.w.org\/{rel}","templated":true}]}}