{"id":1375,"date":"2025-12-19T10:27:15","date_gmt":"2025-12-19T09:27:15","guid":{"rendered":"https:\/\/syntaco.artneo.pl\/produkt\/qarmax-performance-plyn-do-spryskiwaczy-zimowy-etanol-20-5l\/"},"modified":"2026-03-18T11:34:21","modified_gmt":"2026-03-18T10:34:21","slug":"qarmax-performance-plyn-do-spryskiwaczy-zimowy-etanol-20-5l","status":"publish","type":"product","link":"https:\/\/syntaco.pl\/sklep\/produkt\/qarmax-performance-plyn-do-spryskiwaczy-zimowy-etanol-20-5l\/","title":{"rendered":"QARMAX PERFORMANCE P\u0141YN DO SPRYSKIWACZY ZIMOWY ETANOL -20 5L"},"content":{"rendered":"<p>Zimowy p\u0142yn do spryskiwaczy. Doskonale usuwa br\u00f3d, l\u00f3d, b\u0142oto po\u015bniegowe, s\u00f3l i osady drogowe z szyb i reflektor\u00f3w-pozostawia \u015bwie\u017cy, przyjemny zapach. Zapewnia doskona\u0142\u0105 widoczno\u015b\u0107, zwi\u0119kszaj\u0105c bezpiecze\u0144stwo podczas jazdy. Preparat stabilny w temperaturze do \u2013 20\u00b0C.<br \/>\nZalety:<br \/>\n&#8211; nie pozostawia smug i zaciek\u00f3w<br \/>\n&#8211; nie niszczy uszczelek<br \/>\n&#8211; bezpieczny dla pi\u00f3r wycieraczek<br \/>\n&#8211; skutecznie usuwa osady drogowe, brud, l\u00f3d, s\u00f3l, b\u0142oto po\u015bniegowe<br \/>\n&#8211; preparat stabilny w temperaturze do \u2013 20\u00b0C.<br \/>\nPojemno\u015b\u0107: 2l, 4 l, 5l, 200l, 1000l<br \/>\nUwaga zmiana szaty graficznej<\/p>\n","protected":false},"excerpt":{"rendered":"<p>Zimowy p\u0142yn do spryskiwaczy. Doskonale usuwa br\u00f3d, l\u00f3d, b\u0142oto po\u015bniegowe, s\u00f3l i osady drogowe z szyb i reflektor\u00f3w-pozostawia \u015bwie\u017cy, przyjemny zapach. Zapewnia doskona\u0142\u0105 widoczno\u015b\u0107, zwi\u0119kszaj\u0105c bezpiecze\u0144stwo podczas jazdy. Preparat stabilny w temperaturze do \u2013 20\u00b0C. Zalety: &#8211; nie pozostawia smug i zaciek\u00f3w &#8211; nie niszczy uszczelek &#8211; bezpieczny dla pi\u00f3r wycieraczek &#8211; skutecznie usuwa osady [&hellip;]<\/p>\n","protected":false},"featured_media":1371,"template":"","meta":{"_acf_changed":false},"product_brand":[32],"product_cat":[55,30],"product_tag":[],"class_list":{"0":"post-1375","1":"product","2":"type-product","3":"status-publish","4":"has-post-thumbnail","6":"product_brand-qarmax","7":"product_cat-plyny-do-spryskiwaczy","8":"product_cat-produkty","10":"first","11":"instock","12":"shipping-taxable","13":"purchasable","14":"product-type-simple"},"acf":[],"_links":{"self":[{"href":"https:\/\/syntaco.pl\/sklep\/wp-json\/wp\/v2\/product\/1375","targetHints":{"allow":["GET"]}}],"collection":[{"href":"https:\/\/syntaco.pl\/sklep\/wp-json\/wp\/v2\/product"}],"about":[{"href":"https:\/\/syntaco.pl\/sklep\/wp-json\/wp\/v2\/types\/product"}],"wp:featuredmedia":[{"embeddable":true,"href":"https:\/\/syntaco.pl\/sklep\/wp-json\/wp\/v2\/media\/1371"}],"wp:attachment":[{"href":"https:\/\/syntaco.pl\/sklep\/wp-json\/wp\/v2\/media?parent=1375"}],"wp:term":[{"taxonomy":"product_brand","embeddable":true,"href":"https:\/\/syntaco.pl\/sklep\/wp-json\/wp\/v2\/product_brand?post=1375"},{"taxonomy":"product_cat","embeddable":true,"href":"https:\/\/syntaco.pl\/sklep\/wp-json\/wp\/v2\/product_cat?post=1375"},{"taxonomy":"product_tag","embeddable":true,"href":"https:\/\/syntaco.pl\/sklep\/wp-json\/wp\/v2\/product_tag?post=1375"}],"curies":[{"name":"wp","href":"https:\/\/api.w.org\/{rel}","templated":true}]}}