{"id":1363,"date":"2025-12-19T10:27:05","date_gmt":"2025-12-19T09:27:05","guid":{"rendered":"https:\/\/syntaco.artneo.pl\/produkt\/toyota-pfe-sae-0w-30-3wz-4wz-5l-oem-888083640\/"},"modified":"2026-04-15T09:43:30","modified_gmt":"2026-04-15T07:43:30","slug":"toyota-pfe-sae-0w-30-3wz-4wz-5l-oem-888083640","status":"publish","type":"product","link":"https:\/\/syntaco.pl\/sklep\/produkt\/toyota-pfe-sae-0w-30-3wz-4wz-5l-oem-888083640\/","title":{"rendered":"Toyota PFE SAE 0W-30 3WZ\/4WZ 5L OEM 888083640"},"content":{"rendered":"<p>Syntetyczny olej silnikowy dedykowany do obs\u0142ugi nowoczesnych silnik\u00f3w Diesla wyposa\u017conych w filtr cz\u0105stek sta\u0142ych (DPF).<br \/>\nObni\u017cona zawarto\u015b\u0107 popio\u0142u, fosforu i siarki powoduje zmniejszon\u0105 emisj\u0119 szkodliwych substancji.<br \/>\nWyd\u0142u\u017ca trwa\u0142o\u015b\u0107 katalitycznego uk\u0142adu oczyszczania spalin.<br \/>\nParametry: ACEA C2, A5\/B5<\/p>\n","protected":false},"excerpt":{"rendered":"<p>Syntetyczny olej silnikowy dedykowany do obs\u0142ugi nowoczesnych silnik\u00f3w Diesla wyposa\u017conych w filtr cz\u0105stek sta\u0142ych (DPF). Obni\u017cona zawarto\u015b\u0107 popio\u0142u, fosforu i siarki powoduje zmniejszon\u0105 emisj\u0119 szkodliwych substancji. Wyd\u0142u\u017ca trwa\u0142o\u015b\u0107 katalitycznego uk\u0142adu oczyszczania spalin. Parametry: ACEA C2, A5\/B5<\/p>\n","protected":false},"featured_media":1360,"template":"","meta":{"_acf_changed":false},"product_brand":[54],"product_cat":[59],"product_tag":[],"class_list":{"0":"post-1363","1":"product","2":"type-product","3":"status-publish","4":"has-post-thumbnail","6":"product_brand-toyota","7":"product_cat-oleje-silnikowe","9":"first","10":"instock","11":"shipping-taxable","12":"purchasable","13":"product-type-simple"},"acf":[],"_links":{"self":[{"href":"https:\/\/syntaco.pl\/sklep\/wp-json\/wp\/v2\/product\/1363","targetHints":{"allow":["GET"]}}],"collection":[{"href":"https:\/\/syntaco.pl\/sklep\/wp-json\/wp\/v2\/product"}],"about":[{"href":"https:\/\/syntaco.pl\/sklep\/wp-json\/wp\/v2\/types\/product"}],"wp:featuredmedia":[{"embeddable":true,"href":"https:\/\/syntaco.pl\/sklep\/wp-json\/wp\/v2\/media\/1360"}],"wp:attachment":[{"href":"https:\/\/syntaco.pl\/sklep\/wp-json\/wp\/v2\/media?parent=1363"}],"wp:term":[{"taxonomy":"product_brand","embeddable":true,"href":"https:\/\/syntaco.pl\/sklep\/wp-json\/wp\/v2\/product_brand?post=1363"},{"taxonomy":"product_cat","embeddable":true,"href":"https:\/\/syntaco.pl\/sklep\/wp-json\/wp\/v2\/product_cat?post=1363"},{"taxonomy":"product_tag","embeddable":true,"href":"https:\/\/syntaco.pl\/sklep\/wp-json\/wp\/v2\/product_tag?post=1363"}],"curies":[{"name":"wp","href":"https:\/\/api.w.org\/{rel}","templated":true}]}}