{"id":1359,"date":"2025-12-19T10:27:01","date_gmt":"2025-12-19T09:27:01","guid":{"rendered":"https:\/\/syntaco.artneo.pl\/produkt\/toyota-getriebeol-lv-sae-75w-1l-oem-888581001\/"},"modified":"2026-04-15T09:43:29","modified_gmt":"2026-04-15T07:43:29","slug":"toyota-getriebeol-lv-sae-75w-1l-oem-888581001","status":"publish","type":"product","link":"https:\/\/syntaco.pl\/sklep\/produkt\/toyota-getriebeol-lv-sae-75w-1l-oem-888581001\/","title":{"rendered":"Toyota Getriebe\u00f6l LV SAE 75W 1L OEM 888581001"},"content":{"rendered":"<p>OE TOYOTA Gear Oil LV 75W 1L &#8211; oryginalny olej do manulanej skrzyni bieg\u00f3w<br \/>\nOlej przek\u0142adniowy 75W LV jest produktem o niskiej lepko\u015bci przystosowanym do stosowania w manualnych skrzyniach bieg\u00f3w Toyoty.<\/p>\n","protected":false},"excerpt":{"rendered":"<p>OE TOYOTA Gear Oil LV 75W 1L &#8211; oryginalny olej do manulanej skrzyni bieg\u00f3w Olej przek\u0142adniowy 75W LV jest produktem o niskiej lepko\u015bci przystosowanym do stosowania w manualnych skrzyniach bieg\u00f3w Toyoty.<\/p>\n","protected":false},"featured_media":1357,"template":"","meta":{"_acf_changed":false},"product_brand":[],"product_cat":[36,30],"product_tag":[],"class_list":{"0":"post-1359","1":"product","2":"type-product","3":"status-publish","4":"has-post-thumbnail","6":"product_cat-oleje-przekladniowe","7":"product_cat-produkty","9":"first","10":"instock","11":"shipping-taxable","12":"purchasable","13":"product-type-simple"},"acf":[],"_links":{"self":[{"href":"https:\/\/syntaco.pl\/sklep\/wp-json\/wp\/v2\/product\/1359","targetHints":{"allow":["GET"]}}],"collection":[{"href":"https:\/\/syntaco.pl\/sklep\/wp-json\/wp\/v2\/product"}],"about":[{"href":"https:\/\/syntaco.pl\/sklep\/wp-json\/wp\/v2\/types\/product"}],"wp:featuredmedia":[{"embeddable":true,"href":"https:\/\/syntaco.pl\/sklep\/wp-json\/wp\/v2\/media\/1357"}],"wp:attachment":[{"href":"https:\/\/syntaco.pl\/sklep\/wp-json\/wp\/v2\/media?parent=1359"}],"wp:term":[{"taxonomy":"product_brand","embeddable":true,"href":"https:\/\/syntaco.pl\/sklep\/wp-json\/wp\/v2\/product_brand?post=1359"},{"taxonomy":"product_cat","embeddable":true,"href":"https:\/\/syntaco.pl\/sklep\/wp-json\/wp\/v2\/product_cat?post=1359"},{"taxonomy":"product_tag","embeddable":true,"href":"https:\/\/syntaco.pl\/sklep\/wp-json\/wp\/v2\/product_tag?post=1359"}],"curies":[{"name":"wp","href":"https:\/\/api.w.org\/{rel}","templated":true}]}}