{"id":1334,"date":"2025-12-19T10:26:40","date_gmt":"2025-12-19T09:26:40","guid":{"rendered":"https:\/\/syntaco.artneo.pl\/produkt\/qarmax-piana-aktywna-do-mycia-samochodow-osobowych-5l\/"},"modified":"2026-03-27T08:29:49","modified_gmt":"2026-03-27T07:29:49","slug":"qarmax-piana-aktywna-do-mycia-samochodow-osobowych-5l","status":"publish","type":"product","link":"https:\/\/syntaco.pl\/sklep\/produkt\/qarmax-piana-aktywna-do-mycia-samochodow-osobowych-5l\/","title":{"rendered":"QARMAX PIANA AKTYWNA DO MYCIA SAMOCHOD\u00d3W OSOBOWYCH 5L"},"content":{"rendered":"<p>\u015arodek myj\u0105cy w postaci piany do bie\u017c\u0105cego czyszczenia karoserii samochod\u00f3w osobowych. Posiada wysok\u0105 skuteczno\u015b\u0107 dzia\u0142ania, doskonale usuwaj\u0105c brud, kurz i inne zanieczyszczenia drogowe.<br \/>\nSPOS\u00d3B U\u017bYCIA:<br \/>\nSpryska\u0107 pojazd \u015brodkiem myj\u0105cym o odpowiednio dobranym st\u0119\u017ceniu<br \/>\nroboczym, rozpoczynaj\u0105c od do\u0142u i kieruj\u0105c si\u0119 ku g\u00f3rze. Pozostawi\u0107<br \/>\nnaniesiony preparat na ok. 1 min., jednocze\u015bnie nie dopuszczaj\u0105c do jego<br \/>\nwyschni\u0119cia. Po tym czasie sp\u0142uka\u0107 wod\u0105 pod ci\u015bnieniem.<br \/>\nProducent nie ponosi odpowiedzialno\u015bci za powsta\u0142e szkody, wynikaj\u0105cej<br \/>\nz u\u017cycia preparatu w spos\u00f3b niezgodny z przeznaczeniem.<br \/>\nSPOS\u00d3B ROZCIE\u0143CZENIA:<br \/>\nMycie ci\u015bnieniowe:<br \/>\nokres zimowy &#8211; 1:30, okres letni &#8211; 1:50<br \/>\nMycie pianowe (lanca pianowa):<br \/>\nokres zimowy &#8211; 1:3, okres letni &#8211; 1:4<br \/>\nopryskiwacz &#8211; 1:10, mycie r\u0119czne &#8211; 1:100<br \/>\nH315 &#8211; Dzia\u0142a dra\u017cni\u0105co na sk\u00f3r\u0119. H319 &#8211; Dzia\u0142a dra\u017cni\u0105co na oczy. P101 &#8211; W razie konieczno\u015bci zasi\u0119gni\u0119cia porady lekarza nale\u017cy pokaza\u0107 pojemnik<\/p>\n","protected":false},"excerpt":{"rendered":"<p>\u015arodek myj\u0105cy w postaci piany do bie\u017c\u0105cego czyszczenia karoserii samochod\u00f3w osobowych. Posiada wysok\u0105 skuteczno\u015b\u0107 dzia\u0142ania, doskonale usuwaj\u0105c brud, kurz i inne zanieczyszczenia drogowe. SPOS\u00d3B U\u017bYCIA: Spryska\u0107 pojazd \u015brodkiem myj\u0105cym o odpowiednio dobranym st\u0119\u017ceniu roboczym, rozpoczynaj\u0105c od do\u0142u i kieruj\u0105c si\u0119 ku g\u00f3rze. Pozostawi\u0107 naniesiony preparat na ok. 1 min., jednocze\u015bnie nie dopuszczaj\u0105c do jego wyschni\u0119cia. [&hellip;]<\/p>\n","protected":false},"featured_media":1331,"template":"","meta":{"_acf_changed":false},"product_brand":[32],"product_cat":[52,30],"product_tag":[],"class_list":{"0":"post-1334","1":"product","2":"type-product","3":"status-publish","4":"has-post-thumbnail","6":"product_brand-qarmax","7":"product_cat-mycie-samochodu","8":"product_cat-produkty","10":"first","11":"instock","12":"shipping-taxable","13":"purchasable","14":"product-type-simple"},"acf":[],"_links":{"self":[{"href":"https:\/\/syntaco.pl\/sklep\/wp-json\/wp\/v2\/product\/1334","targetHints":{"allow":["GET"]}}],"collection":[{"href":"https:\/\/syntaco.pl\/sklep\/wp-json\/wp\/v2\/product"}],"about":[{"href":"https:\/\/syntaco.pl\/sklep\/wp-json\/wp\/v2\/types\/product"}],"wp:featuredmedia":[{"embeddable":true,"href":"https:\/\/syntaco.pl\/sklep\/wp-json\/wp\/v2\/media\/1331"}],"wp:attachment":[{"href":"https:\/\/syntaco.pl\/sklep\/wp-json\/wp\/v2\/media?parent=1334"}],"wp:term":[{"taxonomy":"product_brand","embeddable":true,"href":"https:\/\/syntaco.pl\/sklep\/wp-json\/wp\/v2\/product_brand?post=1334"},{"taxonomy":"product_cat","embeddable":true,"href":"https:\/\/syntaco.pl\/sklep\/wp-json\/wp\/v2\/product_cat?post=1334"},{"taxonomy":"product_tag","embeddable":true,"href":"https:\/\/syntaco.pl\/sklep\/wp-json\/wp\/v2\/product_tag?post=1334"}],"curies":[{"name":"wp","href":"https:\/\/api.w.org\/{rel}","templated":true}]}}