{"id":1323,"date":"2025-12-19T10:26:31","date_gmt":"2025-12-19T09:26:31","guid":{"rendered":"https:\/\/syntaco.artneo.pl\/produkt\/toyota-pfe-sae-5w-30-208l-oem-888083853\/"},"modified":"2026-04-15T09:43:26","modified_gmt":"2026-04-15T07:43:26","slug":"toyota-pfe-sae-5w-30-208l-oem-888083853","status":"publish","type":"product","link":"https:\/\/syntaco.pl\/sklep\/produkt\/toyota-pfe-sae-5w-30-208l-oem-888083853\/","title":{"rendered":"Toyota PFE SAE 5W-30 208L OEM 888083853"},"content":{"rendered":"<p>Olej Toyota SAE 5W-30 PFE (Premium Fuel Economy) zapewnia doskona\u0142e osi\u0105gi silnika i bardzo dobrze chroni przed zu\u017cyciem mechanicznym. Jest przeznaczony do wysoko wysilonych silnik\u00f3w o zap\u0142onie iskrowym oraz do silnik\u00f3w o zap\u0142onie samoczynnym. Jest w pe\u0142ni kompatybilny z najnowszymi filtrami cz\u0105stek sta\u0142ych DPF (Diesel Particulate Filter) i reaktorami katalitycznymi\/katalizatorami.<br \/>\nOryginalne oleje silnikowe Toyota s\u0105 jedyn\u0105 grup\u0105 olej\u00f3w i \u015brodk\u00f3w smarnych opracowanych z my\u015bl\u0105 o samochodach tej marki. Bardzo dok\u0142adne testy jako\u015bciowe gwarantuj\u0105 ich maksymalne dopasowanie do potrzeb silnika ka\u017cdego modelu Toyoty\/Lexusa oraz zgodno\u015b\u0107 z rygorystycznymi normami zdefiniowanymi przez ACEA oraz API.<br \/>\nPARAMETRY: ACEA: A5\/B5\/C2, API:CF<\/p>\n","protected":false},"excerpt":{"rendered":"<p>Olej Toyota SAE 5W-30 PFE (Premium Fuel Economy) zapewnia doskona\u0142e osi\u0105gi silnika i bardzo dobrze chroni przed zu\u017cyciem mechanicznym. Jest przeznaczony do wysoko wysilonych silnik\u00f3w o zap\u0142onie iskrowym oraz do silnik\u00f3w o zap\u0142onie samoczynnym. Jest w pe\u0142ni kompatybilny z najnowszymi filtrami cz\u0105stek sta\u0142ych DPF (Diesel Particulate Filter) i reaktorami katalitycznymi\/katalizatorami. Oryginalne oleje silnikowe Toyota s\u0105 [&hellip;]<\/p>\n","protected":false},"featured_media":1322,"template":"","meta":{"_acf_changed":false},"product_brand":[54],"product_cat":[59],"product_tag":[],"class_list":{"0":"post-1323","1":"product","2":"type-product","3":"status-publish","4":"has-post-thumbnail","6":"product_brand-toyota","7":"product_cat-oleje-silnikowe","9":"first","10":"instock","11":"shipping-taxable","12":"purchasable","13":"product-type-simple"},"acf":[],"_links":{"self":[{"href":"https:\/\/syntaco.pl\/sklep\/wp-json\/wp\/v2\/product\/1323","targetHints":{"allow":["GET"]}}],"collection":[{"href":"https:\/\/syntaco.pl\/sklep\/wp-json\/wp\/v2\/product"}],"about":[{"href":"https:\/\/syntaco.pl\/sklep\/wp-json\/wp\/v2\/types\/product"}],"wp:featuredmedia":[{"embeddable":true,"href":"https:\/\/syntaco.pl\/sklep\/wp-json\/wp\/v2\/media\/1322"}],"wp:attachment":[{"href":"https:\/\/syntaco.pl\/sklep\/wp-json\/wp\/v2\/media?parent=1323"}],"wp:term":[{"taxonomy":"product_brand","embeddable":true,"href":"https:\/\/syntaco.pl\/sklep\/wp-json\/wp\/v2\/product_brand?post=1323"},{"taxonomy":"product_cat","embeddable":true,"href":"https:\/\/syntaco.pl\/sklep\/wp-json\/wp\/v2\/product_cat?post=1323"},{"taxonomy":"product_tag","embeddable":true,"href":"https:\/\/syntaco.pl\/sklep\/wp-json\/wp\/v2\/product_tag?post=1323"}],"curies":[{"name":"wp","href":"https:\/\/api.w.org\/{rel}","templated":true}]}}