{"id":1319,"date":"2025-12-19T10:26:28","date_gmt":"2025-12-19T09:26:28","guid":{"rendered":"https:\/\/syntaco.artneo.pl\/produkt\/toyota-sae-0w-16-1l-oem-888084081\/"},"modified":"2026-04-15T09:43:20","modified_gmt":"2026-04-15T07:43:20","slug":"toyota-sae-0w-16-1l-oem-888084081","status":"publish","type":"product","link":"https:\/\/syntaco.pl\/sklep\/produkt\/toyota-sae-0w-16-1l-oem-888084081\/","title":{"rendered":"Toyota SAE 0W-16 1L OEM 888084081"},"content":{"rendered":"<p>Olej najnowszej generacji przeznaczony do silnik\u00f3w z zap\u0142onie iskrowym i nap\u0119d\u00f3w hybrydowych, w kt\u00f3rych producent dopuszcza stosowanie oleju o takiej lepko\u015bci. Skutecznie chroni silnik w pe\u0142nym zakresie temperatur i zmiennych warunk\u00f3w drogowych. Zapewnia najnizsze zu\u017cycie paliwa i emisj\u0119 spalin. Znakomita stabilno\u015b\u0107 termiczna i odporno\u015b\u0107 na utlenianie.<\/p>\n","protected":false},"excerpt":{"rendered":"<p>Olej najnowszej generacji przeznaczony do silnik\u00f3w z zap\u0142onie iskrowym i nap\u0119d\u00f3w hybrydowych, w kt\u00f3rych producent dopuszcza stosowanie oleju o takiej lepko\u015bci. Skutecznie chroni silnik w pe\u0142nym zakresie temperatur i zmiennych warunk\u00f3w drogowych. Zapewnia najnizsze zu\u017cycie paliwa i emisj\u0119 spalin. Znakomita stabilno\u015b\u0107 termiczna i odporno\u015b\u0107 na utlenianie.<\/p>\n","protected":false},"featured_media":1318,"template":"","meta":{"_acf_changed":false},"product_brand":[54],"product_cat":[59],"product_tag":[],"class_list":{"0":"post-1319","1":"product","2":"type-product","3":"status-publish","4":"has-post-thumbnail","6":"product_brand-toyota","7":"product_cat-oleje-silnikowe","9":"first","10":"instock","11":"shipping-taxable","12":"purchasable","13":"product-type-simple"},"acf":[],"_links":{"self":[{"href":"https:\/\/syntaco.pl\/sklep\/wp-json\/wp\/v2\/product\/1319","targetHints":{"allow":["GET"]}}],"collection":[{"href":"https:\/\/syntaco.pl\/sklep\/wp-json\/wp\/v2\/product"}],"about":[{"href":"https:\/\/syntaco.pl\/sklep\/wp-json\/wp\/v2\/types\/product"}],"wp:featuredmedia":[{"embeddable":true,"href":"https:\/\/syntaco.pl\/sklep\/wp-json\/wp\/v2\/media\/1318"}],"wp:attachment":[{"href":"https:\/\/syntaco.pl\/sklep\/wp-json\/wp\/v2\/media?parent=1319"}],"wp:term":[{"taxonomy":"product_brand","embeddable":true,"href":"https:\/\/syntaco.pl\/sklep\/wp-json\/wp\/v2\/product_brand?post=1319"},{"taxonomy":"product_cat","embeddable":true,"href":"https:\/\/syntaco.pl\/sklep\/wp-json\/wp\/v2\/product_cat?post=1319"},{"taxonomy":"product_tag","embeddable":true,"href":"https:\/\/syntaco.pl\/sklep\/wp-json\/wp\/v2\/product_tag?post=1319"}],"curies":[{"name":"wp","href":"https:\/\/api.w.org\/{rel}","templated":true}]}}