{"id":1317,"date":"2025-12-19T10:26:26","date_gmt":"2025-12-19T09:26:26","guid":{"rendered":"https:\/\/syntaco.artneo.pl\/produkt\/volvo-vds-5-5w-30-20l-oem-85153936\/"},"modified":"2026-03-26T13:36:48","modified_gmt":"2026-03-26T12:36:48","slug":"volvo-vds-5-5w-30-20l-oem-85153936","status":"publish","type":"product","link":"https:\/\/syntaco.pl\/sklep\/produkt\/volvo-vds-5-5w-30-20l-oem-85153936\/","title":{"rendered":"VOLVO VDS-5 5W-30 20L OEM 85153936"},"content":{"rendered":"<p>VOLVO VDS-5 5W-30 to najwy\u017cszej jako\u015bci syntetyczny olej silnikowy do wysoko obci\u0105\u017conych silnik\u00f3w wysokopr\u0119\u017cnych. Przewy\u017cszaj\u0105cy jako\u015bciowe wymagania bran\u017cowe producent\u00f3w. Jest przeznaczony do nowoczesnych silnik\u00f3w wyposa\u017conych w uk\u0142ad selektywnej redukcji katalitycznej (SCR), filtr cz\u0105stek sta\u0142ych (DPF) oraz uk\u0142ad recyrkulacji spalin (EGR) i zapewnia wi\u0119ksz\u0105 oszcz\u0119dno\u015b\u0107 paliwa w zastosowaniach, gdzie wymagany jest olej silnikowy klasy API FA-4 SAE 5W-30.<br \/>\nSpe\u0142nia specyfikacje: Mack EOS-5, Renault RLD-5 oraz Volvo VDS-5.<\/p>\n","protected":false},"excerpt":{"rendered":"<p>VOLVO VDS-5 5W-30 to najwy\u017cszej jako\u015bci syntetyczny olej silnikowy do wysoko obci\u0105\u017conych silnik\u00f3w wysokopr\u0119\u017cnych. Przewy\u017cszaj\u0105cy jako\u015bciowe wymagania bran\u017cowe producent\u00f3w. Jest przeznaczony do nowoczesnych silnik\u00f3w wyposa\u017conych w uk\u0142ad selektywnej redukcji katalitycznej (SCR), filtr cz\u0105stek sta\u0142ych (DPF) oraz uk\u0142ad recyrkulacji spalin (EGR) i zapewnia wi\u0119ksz\u0105 oszcz\u0119dno\u015b\u0107 paliwa w zastosowaniach, gdzie wymagany jest olej silnikowy klasy API FA-4 [&hellip;]<\/p>\n","protected":false},"featured_media":1315,"template":"","meta":{"_acf_changed":false},"product_brand":[58],"product_cat":[59],"product_tag":[],"class_list":{"0":"post-1317","1":"product","2":"type-product","3":"status-publish","4":"has-post-thumbnail","6":"product_brand-volvo","7":"product_cat-oleje-silnikowe","9":"first","10":"instock","11":"shipping-taxable","12":"purchasable","13":"product-type-simple"},"acf":[],"_links":{"self":[{"href":"https:\/\/syntaco.pl\/sklep\/wp-json\/wp\/v2\/product\/1317","targetHints":{"allow":["GET"]}}],"collection":[{"href":"https:\/\/syntaco.pl\/sklep\/wp-json\/wp\/v2\/product"}],"about":[{"href":"https:\/\/syntaco.pl\/sklep\/wp-json\/wp\/v2\/types\/product"}],"wp:featuredmedia":[{"embeddable":true,"href":"https:\/\/syntaco.pl\/sklep\/wp-json\/wp\/v2\/media\/1315"}],"wp:attachment":[{"href":"https:\/\/syntaco.pl\/sklep\/wp-json\/wp\/v2\/media?parent=1317"}],"wp:term":[{"taxonomy":"product_brand","embeddable":true,"href":"https:\/\/syntaco.pl\/sklep\/wp-json\/wp\/v2\/product_brand?post=1317"},{"taxonomy":"product_cat","embeddable":true,"href":"https:\/\/syntaco.pl\/sklep\/wp-json\/wp\/v2\/product_cat?post=1317"},{"taxonomy":"product_tag","embeddable":true,"href":"https:\/\/syntaco.pl\/sklep\/wp-json\/wp\/v2\/product_tag?post=1317"}],"curies":[{"name":"wp","href":"https:\/\/api.w.org\/{rel}","templated":true}]}}