{"id":1314,"date":"2025-12-19T10:26:22","date_gmt":"2025-12-19T09:26:22","guid":{"rendered":"https:\/\/syntaco.artneo.pl\/produkt\/renault-castrol-rn710-5w-40-5l-oem-77-11-943-691\/"},"modified":"2026-03-28T08:33:25","modified_gmt":"2026-03-28T07:33:25","slug":"renault-castrol-rn710-5w-40-5l-oem-77-11-943-691","status":"publish","type":"product","link":"https:\/\/syntaco.pl\/sklep\/produkt\/renault-castrol-rn710-5w-40-5l-oem-77-11-943-691\/","title":{"rendered":"RENAULT CASTROL RN710 5W-40 5L OEM 77 11 943 691"},"content":{"rendered":"<p>Syntetyczny olej do silnik\u00f3w benzynowych i Diesla, nie wyposa\u017conych w dodatkowe uk\u0142ady oczyszczania spalin, w kt\u00f3rych nie stosuje si\u0119 wyd\u0142uzonych przebieg\u00f3w mi\u0119dzy wymianami oleju.<br \/>\nZapewnia;<br \/>\nZaawansowan\u0105 ochron\u0119 silnika we wszystkich warunkach jego pracy,<br \/>\nDoskona\u0142\u0105 czysto\u015b\u0107 silnika,<br \/>\nZaawansowan\u0105 ochron\u0119 przed zjawiskiem utraty leko\u015bci i przeci\u0105\u017ceniem temperaturowym oleju,<\/p>\n","protected":false},"excerpt":{"rendered":"<p>Syntetyczny olej do silnik\u00f3w benzynowych i Diesla, nie wyposa\u017conych w dodatkowe uk\u0142ady oczyszczania spalin, w kt\u00f3rych nie stosuje si\u0119 wyd\u0142uzonych przebieg\u00f3w mi\u0119dzy wymianami oleju. Zapewnia; Zaawansowan\u0105 ochron\u0119 silnika we wszystkich warunkach jego pracy, Doskona\u0142\u0105 czysto\u015b\u0107 silnika, Zaawansowan\u0105 ochron\u0119 przed zjawiskiem utraty leko\u015bci i przeci\u0105\u017ceniem temperaturowym oleju,<\/p>\n","protected":false},"featured_media":1313,"template":"","meta":{"_acf_changed":false},"product_brand":[57],"product_cat":[59],"product_tag":[],"class_list":{"0":"post-1314","1":"product","2":"type-product","3":"status-publish","4":"has-post-thumbnail","6":"product_brand-castrol","7":"product_cat-oleje-silnikowe","9":"first","10":"instock","11":"shipping-taxable","12":"purchasable","13":"product-type-simple"},"acf":[],"_links":{"self":[{"href":"https:\/\/syntaco.pl\/sklep\/wp-json\/wp\/v2\/product\/1314","targetHints":{"allow":["GET"]}}],"collection":[{"href":"https:\/\/syntaco.pl\/sklep\/wp-json\/wp\/v2\/product"}],"about":[{"href":"https:\/\/syntaco.pl\/sklep\/wp-json\/wp\/v2\/types\/product"}],"wp:featuredmedia":[{"embeddable":true,"href":"https:\/\/syntaco.pl\/sklep\/wp-json\/wp\/v2\/media\/1313"}],"wp:attachment":[{"href":"https:\/\/syntaco.pl\/sklep\/wp-json\/wp\/v2\/media?parent=1314"}],"wp:term":[{"taxonomy":"product_brand","embeddable":true,"href":"https:\/\/syntaco.pl\/sklep\/wp-json\/wp\/v2\/product_brand?post=1314"},{"taxonomy":"product_cat","embeddable":true,"href":"https:\/\/syntaco.pl\/sklep\/wp-json\/wp\/v2\/product_cat?post=1314"},{"taxonomy":"product_tag","embeddable":true,"href":"https:\/\/syntaco.pl\/sklep\/wp-json\/wp\/v2\/product_tag?post=1314"}],"curies":[{"name":"wp","href":"https:\/\/api.w.org\/{rel}","templated":true}]}}