{"id":1310,"date":"2025-12-19T10:26:18","date_gmt":"2025-12-19T09:26:18","guid":{"rendered":"https:\/\/syntaco.artneo.pl\/produkt\/renault-castrol-rn17fe-0w-20-5l-oem-77-11-943-674\/"},"modified":"2026-03-28T08:33:23","modified_gmt":"2026-03-28T07:33:23","slug":"renault-castrol-rn17fe-0w-20-5l-oem-77-11-943-674","status":"publish","type":"product","link":"https:\/\/syntaco.pl\/sklep\/produkt\/renault-castrol-rn17fe-0w-20-5l-oem-77-11-943-674\/","title":{"rendered":"RENAULT CASTROL RN17FE 0W-20 5L OEM 77 11 943 674"},"content":{"rendered":"<p>Syntetyczny olej silnikowy. Utrzymuje silnik w czysto\u015bci i wyd\u0142u\u017ca jego \u017cywotno\u015b\u0107, zapewnia wi\u0119ksza kontrol\u0119 w trudnych warunkach. Zapobiega gromadzeniu sie szkodliwych osad\u00f3w oraz zapewnia codzienna ochrone silnika.<\/p>\n","protected":false},"excerpt":{"rendered":"<p>Syntetyczny olej silnikowy. Utrzymuje silnik w czysto\u015bci i wyd\u0142u\u017ca jego \u017cywotno\u015b\u0107, zapewnia wi\u0119ksza kontrol\u0119 w trudnych warunkach. Zapobiega gromadzeniu sie szkodliwych osad\u00f3w oraz zapewnia codzienna ochrone silnika.<\/p>\n","protected":false},"featured_media":1307,"template":"","meta":{"_acf_changed":false},"product_brand":[57],"product_cat":[59],"product_tag":[],"class_list":{"0":"post-1310","1":"product","2":"type-product","3":"status-publish","4":"has-post-thumbnail","6":"product_brand-castrol","7":"product_cat-oleje-silnikowe","9":"first","10":"instock","11":"shipping-taxable","12":"purchasable","13":"product-type-simple"},"acf":[],"_links":{"self":[{"href":"https:\/\/syntaco.pl\/sklep\/wp-json\/wp\/v2\/product\/1310","targetHints":{"allow":["GET"]}}],"collection":[{"href":"https:\/\/syntaco.pl\/sklep\/wp-json\/wp\/v2\/product"}],"about":[{"href":"https:\/\/syntaco.pl\/sklep\/wp-json\/wp\/v2\/types\/product"}],"wp:featuredmedia":[{"embeddable":true,"href":"https:\/\/syntaco.pl\/sklep\/wp-json\/wp\/v2\/media\/1307"}],"wp:attachment":[{"href":"https:\/\/syntaco.pl\/sklep\/wp-json\/wp\/v2\/media?parent=1310"}],"wp:term":[{"taxonomy":"product_brand","embeddable":true,"href":"https:\/\/syntaco.pl\/sklep\/wp-json\/wp\/v2\/product_brand?post=1310"},{"taxonomy":"product_cat","embeddable":true,"href":"https:\/\/syntaco.pl\/sklep\/wp-json\/wp\/v2\/product_cat?post=1310"},{"taxonomy":"product_tag","embeddable":true,"href":"https:\/\/syntaco.pl\/sklep\/wp-json\/wp\/v2\/product_tag?post=1310"}],"curies":[{"name":"wp","href":"https:\/\/api.w.org\/{rel}","templated":true}]}}