{"id":1302,"date":"2025-12-19T10:26:13","date_gmt":"2025-12-19T09:26:13","guid":{"rendered":"https:\/\/syntaco.artneo.pl\/produkt\/toyota-sae-5w-30-fe-1l-oem-888080846\/"},"modified":"2026-04-15T09:43:19","modified_gmt":"2026-04-15T07:43:19","slug":"toyota-sae-5w-30-fe-1l-oem-888080846","status":"publish","type":"product","link":"https:\/\/syntaco.pl\/sklep\/produkt\/toyota-sae-5w-30-fe-1l-oem-888080846\/","title":{"rendered":"Toyota SAE 5W-30 FE 1L OEM 888080846"},"content":{"rendered":"<p>Olej ten jest przeznaczony do samochod\u00f3w z silnikami o zap\u0142onie iskrowym. Zapewnia optymalne osi\u0105gi silnika, ca\u0142kowicie spe\u0142nia wymogi gwarancyjne Toyoty, niski wsp\u00f3\u0142czynnik tarcia powoduje zmneijszenie zu\u017cycia paliwa i ograniczenie emisji zanieczyszcze\u0144, podczas rozruchu zapewnia wi\u0119ksz\u0105 ochron\u0119 przed zuzyciem.<\/p>\n","protected":false},"excerpt":{"rendered":"<p>Olej ten jest przeznaczony do samochod\u00f3w z silnikami o zap\u0142onie iskrowym. Zapewnia optymalne osi\u0105gi silnika, ca\u0142kowicie spe\u0142nia wymogi gwarancyjne Toyoty, niski wsp\u00f3\u0142czynnik tarcia powoduje zmneijszenie zu\u017cycia paliwa i ograniczenie emisji zanieczyszcze\u0144, podczas rozruchu zapewnia wi\u0119ksz\u0105 ochron\u0119 przed zuzyciem.<\/p>\n","protected":false},"featured_media":1299,"template":"","meta":{"_acf_changed":false},"product_brand":[54],"product_cat":[59],"product_tag":[],"class_list":{"0":"post-1302","1":"product","2":"type-product","3":"status-publish","4":"has-post-thumbnail","6":"product_brand-toyota","7":"product_cat-oleje-silnikowe","9":"first","10":"instock","11":"shipping-taxable","12":"purchasable","13":"product-type-simple"},"acf":[],"_links":{"self":[{"href":"https:\/\/syntaco.pl\/sklep\/wp-json\/wp\/v2\/product\/1302","targetHints":{"allow":["GET"]}}],"collection":[{"href":"https:\/\/syntaco.pl\/sklep\/wp-json\/wp\/v2\/product"}],"about":[{"href":"https:\/\/syntaco.pl\/sklep\/wp-json\/wp\/v2\/types\/product"}],"wp:featuredmedia":[{"embeddable":true,"href":"https:\/\/syntaco.pl\/sklep\/wp-json\/wp\/v2\/media\/1299"}],"wp:attachment":[{"href":"https:\/\/syntaco.pl\/sklep\/wp-json\/wp\/v2\/media?parent=1302"}],"wp:term":[{"taxonomy":"product_brand","embeddable":true,"href":"https:\/\/syntaco.pl\/sklep\/wp-json\/wp\/v2\/product_brand?post=1302"},{"taxonomy":"product_cat","embeddable":true,"href":"https:\/\/syntaco.pl\/sklep\/wp-json\/wp\/v2\/product_cat?post=1302"},{"taxonomy":"product_tag","embeddable":true,"href":"https:\/\/syntaco.pl\/sklep\/wp-json\/wp\/v2\/product_tag?post=1302"}],"curies":[{"name":"wp","href":"https:\/\/api.w.org\/{rel}","templated":true}]}}