{"id":1294,"date":"2025-12-19T10:26:08","date_gmt":"2025-12-19T09:26:08","guid":{"rendered":"https:\/\/syntaco.artneo.pl\/produkt\/renault-castrol-rn17-5w-30-5l-oem-77-11-943-681\/"},"modified":"2026-03-28T08:33:21","modified_gmt":"2026-03-28T07:33:21","slug":"renault-castrol-rn17-5w-30-5l-oem-77-11-943-681","status":"publish","type":"product","link":"https:\/\/syntaco.pl\/sklep\/produkt\/renault-castrol-rn17-5w-30-5l-oem-77-11-943-681\/","title":{"rendered":"RENAULT CASTROL RN17 5W-30 5L OEM 77 11 943 681"},"content":{"rendered":"<p>To syntetyczny olej samochodowy. Przeznaczony jest do silnik\u00f3w benzynowych oraz wysokopr\u0119\u017cnych. Gwarantuje optymalne smarowanie jednostki nap\u0119dowej, redukuj\u0105c tarcia i zu\u017cycie oeleju.<\/p>\n","protected":false},"excerpt":{"rendered":"<p>To syntetyczny olej samochodowy. Przeznaczony jest do silnik\u00f3w benzynowych oraz wysokopr\u0119\u017cnych. Gwarantuje optymalne smarowanie jednostki nap\u0119dowej, redukuj\u0105c tarcia i zu\u017cycie oeleju.<\/p>\n","protected":false},"featured_media":1292,"template":"","meta":{"_acf_changed":false},"product_brand":[57],"product_cat":[59],"product_tag":[],"class_list":{"0":"post-1294","1":"product","2":"type-product","3":"status-publish","4":"has-post-thumbnail","6":"product_brand-castrol","7":"product_cat-oleje-silnikowe","9":"first","10":"instock","11":"shipping-taxable","12":"purchasable","13":"product-type-simple"},"acf":[],"_links":{"self":[{"href":"https:\/\/syntaco.pl\/sklep\/wp-json\/wp\/v2\/product\/1294","targetHints":{"allow":["GET"]}}],"collection":[{"href":"https:\/\/syntaco.pl\/sklep\/wp-json\/wp\/v2\/product"}],"about":[{"href":"https:\/\/syntaco.pl\/sklep\/wp-json\/wp\/v2\/types\/product"}],"wp:featuredmedia":[{"embeddable":true,"href":"https:\/\/syntaco.pl\/sklep\/wp-json\/wp\/v2\/media\/1292"}],"wp:attachment":[{"href":"https:\/\/syntaco.pl\/sklep\/wp-json\/wp\/v2\/media?parent=1294"}],"wp:term":[{"taxonomy":"product_brand","embeddable":true,"href":"https:\/\/syntaco.pl\/sklep\/wp-json\/wp\/v2\/product_brand?post=1294"},{"taxonomy":"product_cat","embeddable":true,"href":"https:\/\/syntaco.pl\/sklep\/wp-json\/wp\/v2\/product_cat?post=1294"},{"taxonomy":"product_tag","embeddable":true,"href":"https:\/\/syntaco.pl\/sklep\/wp-json\/wp\/v2\/product_tag?post=1294"}],"curies":[{"name":"wp","href":"https:\/\/api.w.org\/{rel}","templated":true}]}}