{"id":1284,"date":"2025-12-19T10:26:01","date_gmt":"2025-12-19T09:26:01","guid":{"rendered":"https:\/\/syntaco.artneo.pl\/produkt\/toyota-pfe-sae-5w-30-1l-oem-888083388\/"},"modified":"2026-04-15T09:43:18","modified_gmt":"2026-04-15T07:43:18","slug":"toyota-pfe-sae-5w-30-1l-oem-888083388","status":"publish","type":"product","link":"https:\/\/syntaco.pl\/sklep\/produkt\/toyota-pfe-sae-5w-30-1l-oem-888083388\/","title":{"rendered":"Toyota PFE SAE 5W-30 1L OEM 888083388"},"content":{"rendered":"<p>Oleje silnikowe Toyota s\u0105 grup\u0105 oelj\u00f3w i \u015brodk\u00f3w samarnych opracowanych z my\u015bl\u0105 o samochodach tej marki. Testy jako\u015bciowe gwarantuj\u0105 ich maksymalne dopasowanie do potrzeb silnika ka\u017cdego modelu Toyoty.<br \/>\nZalety:<br \/>\nKompatybilne z fimtrami cz\u0105stek sta\u0142ych DPF w nowoczesnych silnikach Diesla,<br \/>\nObni\u017cona zawarto\u015b\u0107 popio\u0142u, fosforu i siarki co powoduje emisj\u0119 szkodliwych sk\u0142adnik\u00f3w,<br \/>\nZmniejsza zu\u017cycie paliwa,<br \/>\nChroni przed zu\u017cyciem cz\u0119\u015bci silnika,<br \/>\nSprawdza sie w niskich temapraturach.<\/p>\n","protected":false},"excerpt":{"rendered":"<p>Oleje silnikowe Toyota s\u0105 grup\u0105 oelj\u00f3w i \u015brodk\u00f3w samarnych opracowanych z my\u015bl\u0105 o samochodach tej marki. Testy jako\u015bciowe gwarantuj\u0105 ich maksymalne dopasowanie do potrzeb silnika ka\u017cdego modelu Toyoty. Zalety: Kompatybilne z fimtrami cz\u0105stek sta\u0142ych DPF w nowoczesnych silnikach Diesla, Obni\u017cona zawarto\u015b\u0107 popio\u0142u, fosforu i siarki co powoduje emisj\u0119 szkodliwych sk\u0142adnik\u00f3w, Zmniejsza zu\u017cycie paliwa, Chroni przed [&hellip;]<\/p>\n","protected":false},"featured_media":1281,"template":"","meta":{"_acf_changed":false},"product_brand":[54],"product_cat":[59],"product_tag":[],"class_list":{"0":"post-1284","1":"product","2":"type-product","3":"status-publish","4":"has-post-thumbnail","6":"product_brand-toyota","7":"product_cat-oleje-silnikowe","9":"first","10":"instock","11":"shipping-taxable","12":"purchasable","13":"product-type-simple"},"acf":[],"_links":{"self":[{"href":"https:\/\/syntaco.pl\/sklep\/wp-json\/wp\/v2\/product\/1284","targetHints":{"allow":["GET"]}}],"collection":[{"href":"https:\/\/syntaco.pl\/sklep\/wp-json\/wp\/v2\/product"}],"about":[{"href":"https:\/\/syntaco.pl\/sklep\/wp-json\/wp\/v2\/types\/product"}],"wp:featuredmedia":[{"embeddable":true,"href":"https:\/\/syntaco.pl\/sklep\/wp-json\/wp\/v2\/media\/1281"}],"wp:attachment":[{"href":"https:\/\/syntaco.pl\/sklep\/wp-json\/wp\/v2\/media?parent=1284"}],"wp:term":[{"taxonomy":"product_brand","embeddable":true,"href":"https:\/\/syntaco.pl\/sklep\/wp-json\/wp\/v2\/product_brand?post=1284"},{"taxonomy":"product_cat","embeddable":true,"href":"https:\/\/syntaco.pl\/sklep\/wp-json\/wp\/v2\/product_cat?post=1284"},{"taxonomy":"product_tag","embeddable":true,"href":"https:\/\/syntaco.pl\/sklep\/wp-json\/wp\/v2\/product_tag?post=1284"}],"curies":[{"name":"wp","href":"https:\/\/api.w.org\/{rel}","templated":true}]}}