{"id":1280,"date":"2025-12-19T10:25:59","date_gmt":"2025-12-19T09:25:59","guid":{"rendered":"https:\/\/syntaco.artneo.pl\/produkt\/qarmax-zmywacz-do-hamulcow-5l\/"},"modified":"2026-04-15T09:43:17","modified_gmt":"2026-04-15T07:43:17","slug":"qarmax-zmywacz-do-hamulcow-5l","status":"publish","type":"product","link":"https:\/\/syntaco.pl\/sklep\/produkt\/qarmax-zmywacz-do-hamulcow-5l\/","title":{"rendered":"QARMAX ZMYWACZ DO HAMULC\u00d3W 5L"},"content":{"rendered":"<p>Zmywacz do hamulc\u00f3w i sprz\u0119gie\u0142 jest uniwersalnym produktem na bazie organicznego rozpuszczalnika, s\u0142u\u017c\u0105cym do \u0142atwego usuwania t\u0142uszczu, oleju oraz innych t\u0142ustych zabrudze\u0144. \u015arodek stosowany do odt\u0142uszczania: tarcz hamulcowych, sprz\u0119gie\u0142, b\u0119bn\u00f3w hamulcowych, pomp paliwowych, skrzyni bieg\u00f3w oraz czyszczenia element\u00f3w metalowych silnika. Usuwa zapieczone i przywarte smary, pozostawiaj\u0105c czyst\u0105 i such\u0105 powierzchni\u0119. Nie zawiera acetonu.<br \/>\nZalety:<br \/>\n&#8211; szybko i skutecznie odt\u0142uszcza czyszczone powierzchnie tj. tarcze hamulcowe, sprz\u0119g\u0142a itp.<br \/>\n&#8211; usuwa zabrudzenia pochodzenia olejowego, p\u0142yn hamulcowy, smary<br \/>\n&#8211; pozostawia powierzchnie czyste i pachn\u0105ce<br \/>\nDost\u0119pne pojemno\u015bci: 600 ml i 20 l<br \/>\nUWAGA! ZMIANA SZATY GRAFICZNEJ<\/p>\n","protected":false},"excerpt":{"rendered":"<p>Zmywacz do hamulc\u00f3w i sprz\u0119gie\u0142 jest uniwersalnym produktem na bazie organicznego rozpuszczalnika, s\u0142u\u017c\u0105cym do \u0142atwego usuwania t\u0142uszczu, oleju oraz innych t\u0142ustych zabrudze\u0144. \u015arodek stosowany do odt\u0142uszczania: tarcz hamulcowych, sprz\u0119gie\u0142, b\u0119bn\u00f3w hamulcowych, pomp paliwowych, skrzyni bieg\u00f3w oraz czyszczenia element\u00f3w metalowych silnika. Usuwa zapieczone i przywarte smary, pozostawiaj\u0105c czyst\u0105 i such\u0105 powierzchni\u0119. Nie zawiera acetonu. Zalety: &#8211; [&hellip;]<\/p>\n","protected":false},"featured_media":1277,"template":"","meta":{"_acf_changed":false},"product_brand":[32],"product_cat":[52,30],"product_tag":[],"class_list":{"0":"post-1280","1":"product","2":"type-product","3":"status-publish","4":"has-post-thumbnail","6":"product_brand-qarmax","7":"product_cat-mycie-samochodu","8":"product_cat-produkty","10":"first","11":"instock","12":"shipping-taxable","13":"purchasable","14":"product-type-simple"},"acf":[],"_links":{"self":[{"href":"https:\/\/syntaco.pl\/sklep\/wp-json\/wp\/v2\/product\/1280","targetHints":{"allow":["GET"]}}],"collection":[{"href":"https:\/\/syntaco.pl\/sklep\/wp-json\/wp\/v2\/product"}],"about":[{"href":"https:\/\/syntaco.pl\/sklep\/wp-json\/wp\/v2\/types\/product"}],"wp:featuredmedia":[{"embeddable":true,"href":"https:\/\/syntaco.pl\/sklep\/wp-json\/wp\/v2\/media\/1277"}],"wp:attachment":[{"href":"https:\/\/syntaco.pl\/sklep\/wp-json\/wp\/v2\/media?parent=1280"}],"wp:term":[{"taxonomy":"product_brand","embeddable":true,"href":"https:\/\/syntaco.pl\/sklep\/wp-json\/wp\/v2\/product_brand?post=1280"},{"taxonomy":"product_cat","embeddable":true,"href":"https:\/\/syntaco.pl\/sklep\/wp-json\/wp\/v2\/product_cat?post=1280"},{"taxonomy":"product_tag","embeddable":true,"href":"https:\/\/syntaco.pl\/sklep\/wp-json\/wp\/v2\/product_tag?post=1280"}],"curies":[{"name":"wp","href":"https:\/\/api.w.org\/{rel}","templated":true}]}}