{"id":1276,"date":"2025-12-19T10:25:55","date_gmt":"2025-12-19T09:25:55","guid":{"rendered":"https:\/\/syntaco.artneo.pl\/produkt\/q8-t-750-20w-50-20l\/"},"modified":"2026-03-28T08:33:20","modified_gmt":"2026-03-28T07:33:20","slug":"q8-t-750-20w-50-20l","status":"publish","type":"product","link":"https:\/\/syntaco.pl\/sklep\/produkt\/q8-t-750-20w-50-20l\/","title":{"rendered":"Q8 T 750 20W-50 &#8211; 20L"},"content":{"rendered":"<p>Q8 T 750 20W-50 to bardzo wydajny olej silnikowy do pracy w ci\u0119\u017ckich warunkach. Ten produkt ma na celu popraw\u0119 trwa\u0142o\u015bci silnika i zapobieganie tworzeniu si\u0119 osad\u00f3w. Zapewnia zaawansowan\u0105 ochron\u0119 przed polerowaniem otwor\u00f3w oraz zu\u017cyciem krzywek i cylindr\u00f3w, zmniejsza koszty konserwacji oraz zapobiega korozji i pienieniu. Spe\u0142nia wymagania API CI-4 ACEA E7.<br \/>\nQ8 T 750 20W-50 jest przeznaczony do silnik\u00f3w wolnoss\u0105cych, turbodo\u0142adowanych lub do\u0142adowanych, z lub bez ch\u0142odzenia powietrza do\u0142adowuj\u0105cego. Jest zalecany do wi\u0119kszo\u015bci wysokoobci\u0105\u017conych silnik\u00f3w wysokopr\u0119\u017cnych do zastosowa\u0144 drogowych i terenowych.<br \/>\nDoskona\u0142a ochrona przed zanieczyszczeniem silnika przez sadz\u0119 pochodz\u0105c\u0105 ze spalania.<br \/>\nDoskona\u0142a ochrona przed zu\u017cyciem silnika.<br \/>\nDoskona\u0142a ochrona przed rdz\u0105 i korozj\u0105.<br \/>\nDoskona\u0142a ochrona silnika po zimnym rozruchu.<br \/>\nDoskona\u0142a ochrona przed osadami na pier\u015bcieniach t\u0142okowych.<\/p>\n","protected":false},"excerpt":{"rendered":"<p>Q8 T 750 20W-50 to bardzo wydajny olej silnikowy do pracy w ci\u0119\u017ckich warunkach. Ten produkt ma na celu popraw\u0119 trwa\u0142o\u015bci silnika i zapobieganie tworzeniu si\u0119 osad\u00f3w. Zapewnia zaawansowan\u0105 ochron\u0119 przed polerowaniem otwor\u00f3w oraz zu\u017cyciem krzywek i cylindr\u00f3w, zmniejsza koszty konserwacji oraz zapobiega korozji i pienieniu. Spe\u0142nia wymagania API CI-4 ACEA E7. Q8 T 750 [&hellip;]<\/p>\n","protected":false},"featured_media":1275,"template":"","meta":{"_acf_changed":false},"product_brand":[49],"product_cat":[39,30],"product_tag":[],"class_list":{"0":"post-1276","1":"product","2":"type-product","3":"status-publish","4":"has-post-thumbnail","6":"product_brand-kuwait-petroleum-belgium-n-v-s-a","7":"product_cat-oleje-rolnicze","8":"product_cat-produkty","10":"first","11":"instock","12":"shipping-taxable","13":"purchasable","14":"product-type-simple"},"acf":[],"_links":{"self":[{"href":"https:\/\/syntaco.pl\/sklep\/wp-json\/wp\/v2\/product\/1276","targetHints":{"allow":["GET"]}}],"collection":[{"href":"https:\/\/syntaco.pl\/sklep\/wp-json\/wp\/v2\/product"}],"about":[{"href":"https:\/\/syntaco.pl\/sklep\/wp-json\/wp\/v2\/types\/product"}],"wp:featuredmedia":[{"embeddable":true,"href":"https:\/\/syntaco.pl\/sklep\/wp-json\/wp\/v2\/media\/1275"}],"wp:attachment":[{"href":"https:\/\/syntaco.pl\/sklep\/wp-json\/wp\/v2\/media?parent=1276"}],"wp:term":[{"taxonomy":"product_brand","embeddable":true,"href":"https:\/\/syntaco.pl\/sklep\/wp-json\/wp\/v2\/product_brand?post=1276"},{"taxonomy":"product_cat","embeddable":true,"href":"https:\/\/syntaco.pl\/sklep\/wp-json\/wp\/v2\/product_cat?post=1276"},{"taxonomy":"product_tag","embeddable":true,"href":"https:\/\/syntaco.pl\/sklep\/wp-json\/wp\/v2\/product_tag?post=1276"}],"curies":[{"name":"wp","href":"https:\/\/api.w.org\/{rel}","templated":true}]}}