{"id":1264,"date":"2025-12-19T10:23:45","date_gmt":"2025-12-19T09:23:45","guid":{"rendered":"https:\/\/syntaco.artneo.pl\/produkt\/qarmax-pasta-bhp-do-rak-ze-scierniwem-500-ml\/"},"modified":"2026-04-15T09:43:16","modified_gmt":"2026-04-15T07:43:16","slug":"qarmax-pasta-bhp-do-rak-ze-scierniwem-500-ml","status":"publish","type":"product","link":"https:\/\/syntaco.pl\/sklep\/produkt\/qarmax-pasta-bhp-do-rak-ze-scierniwem-500-ml\/","title":{"rendered":"Qarmax Pasta BHP do r\u0105k ze \u015bcierniwem 500 ml"},"content":{"rendered":"<p>Pasta do mycia silnie zabrudzonych r\u0105k, zawiera naturalne \u015bcierniwopochodz\u0105ce z kukurydzy. Niezast\u0105piona wsz\u0119dzie tam, gdzie wyst\u0119puj\u0105 zanieczyszczenia, np. w warsztacie mechanicznym, przemysle, ogrodzie oraz gospodarstwie domowym. Skutecznie usuwa wszelkie t\u0142uszcze, smary, oleje, \u015bcier mechaniczny, sadz\u0119 oraz pozosta\u0142o\u015bci po ch\u0142odziwach. Pasta zawiera gliceryn\u0119, dzi\u0119ki czemu posiada w\u0142a\u015bciwo\u015bci nawil\u017caj\u0105ce. Naturalne \u015bcierniwo dzia\u0142a wspomagaj\u0105co przy usuwaniu zabrudze\u0144, a zarazem jest \u0142agodne dla sk\u00f3ry.<br \/>\n-Zawiera naturalne \u015bcierniwo<br \/>\n-Posiada pH neutralne dla sk\u00f3ry<br \/>\n-Nawil\u017ca sk\u00f3r\u0119<br \/>\n-Nie zawiera plastiku<br \/>\n-Posiada owocowy zapach<br \/>\n-Nie jest sztucznie barwiona<br \/>\n-Bezpieczna i \u0142agodna dla sk\u00f3ry<br \/>\n-Nie powoduje zatykania kanalizacji<br \/>\n-Przebadana dermatologicznie<br \/>\n-Posiada atest PZH<br \/>\nUWAGA! Zmiana szaty graficznej.<\/p>\n","protected":false},"excerpt":{"rendered":"<p>Pasta do mycia silnie zabrudzonych r\u0105k, zawiera naturalne \u015bcierniwopochodz\u0105ce z kukurydzy. Niezast\u0105piona wsz\u0119dzie tam, gdzie wyst\u0119puj\u0105 zanieczyszczenia, np. w warsztacie mechanicznym, przemysle, ogrodzie oraz gospodarstwie domowym. Skutecznie usuwa wszelkie t\u0142uszcze, smary, oleje, \u015bcier mechaniczny, sadz\u0119 oraz pozosta\u0142o\u015bci po ch\u0142odziwach. Pasta zawiera gliceryn\u0119, dzi\u0119ki czemu posiada w\u0142a\u015bciwo\u015bci nawil\u017caj\u0105ce. Naturalne \u015bcierniwo dzia\u0142a wspomagaj\u0105co przy usuwaniu zabrudze\u0144, a [&hellip;]<\/p>\n","protected":false},"featured_media":1261,"template":"","meta":{"_acf_changed":false},"product_brand":[32],"product_cat":[56,30],"product_tag":[],"class_list":{"0":"post-1264","1":"product","2":"type-product","3":"status-publish","4":"has-post-thumbnail","6":"product_brand-qarmax","7":"product_cat-pasty-do-rak","8":"product_cat-produkty","10":"first","11":"instock","12":"shipping-taxable","13":"purchasable","14":"product-type-simple"},"acf":[],"_links":{"self":[{"href":"https:\/\/syntaco.pl\/sklep\/wp-json\/wp\/v2\/product\/1264","targetHints":{"allow":["GET"]}}],"collection":[{"href":"https:\/\/syntaco.pl\/sklep\/wp-json\/wp\/v2\/product"}],"about":[{"href":"https:\/\/syntaco.pl\/sklep\/wp-json\/wp\/v2\/types\/product"}],"wp:featuredmedia":[{"embeddable":true,"href":"https:\/\/syntaco.pl\/sklep\/wp-json\/wp\/v2\/media\/1261"}],"wp:attachment":[{"href":"https:\/\/syntaco.pl\/sklep\/wp-json\/wp\/v2\/media?parent=1264"}],"wp:term":[{"taxonomy":"product_brand","embeddable":true,"href":"https:\/\/syntaco.pl\/sklep\/wp-json\/wp\/v2\/product_brand?post=1264"},{"taxonomy":"product_cat","embeddable":true,"href":"https:\/\/syntaco.pl\/sklep\/wp-json\/wp\/v2\/product_cat?post=1264"},{"taxonomy":"product_tag","embeddable":true,"href":"https:\/\/syntaco.pl\/sklep\/wp-json\/wp\/v2\/product_tag?post=1264"}],"curies":[{"name":"wp","href":"https:\/\/api.w.org\/{rel}","templated":true}]}}