{"id":1248,"date":"2025-12-19T10:23:30","date_gmt":"2025-12-19T09:23:30","guid":{"rendered":"https:\/\/syntaco.artneo.pl\/produkt\/toyota-sae-0w-20-afe-5l-oem-888083886\/"},"modified":"2026-04-15T09:43:15","modified_gmt":"2026-04-15T07:43:15","slug":"toyota-sae-0w-20-afe-5l-oem-888083886","status":"publish","type":"product","link":"https:\/\/syntaco.pl\/sklep\/produkt\/toyota-sae-0w-20-afe-5l-oem-888083886\/","title":{"rendered":"Toyota SAE 0W-20 AFE 5L OEM 888083886"},"content":{"rendered":"<p>Olej silnikowy dedykowany do obs\u0142ugi aut z nap\u0119dem hybrydowym, specjalnie przystosowany do nowej generacji silnik\u00f3w o zap\u0142onie iskrowym. Zapewnia znakomit\u0105 ochron\u0119 w niskich temaparturach oraz b\u0142yskawiczn\u0105 cyrkulacj\u0119 oleju w silniku. Dzi\u0119ki sk\u0142adnikom obni\u017caj\u0105cym tarcie umo\u017cliwia utrzymanie zu\u017cycia paliwa na ni\u017cszym mo\u017cliwym poziomie oraz powoduje zmniejszenie emisji zanieczyszcze\u0144.<\/p>\n","protected":false},"excerpt":{"rendered":"<p>Olej silnikowy dedykowany do obs\u0142ugi aut z nap\u0119dem hybrydowym, specjalnie przystosowany do nowej generacji silnik\u00f3w o zap\u0142onie iskrowym. Zapewnia znakomit\u0105 ochron\u0119 w niskich temaparturach oraz b\u0142yskawiczn\u0105 cyrkulacj\u0119 oleju w silniku. Dzi\u0119ki sk\u0142adnikom obni\u017caj\u0105cym tarcie umo\u017cliwia utrzymanie zu\u017cycia paliwa na ni\u017cszym mo\u017cliwym poziomie oraz powoduje zmniejszenie emisji zanieczyszcze\u0144.<\/p>\n","protected":false},"featured_media":1246,"template":"","meta":{"_acf_changed":false},"product_brand":[54],"product_cat":[59],"product_tag":[],"class_list":{"0":"post-1248","1":"product","2":"type-product","3":"status-publish","4":"has-post-thumbnail","6":"product_brand-toyota","7":"product_cat-oleje-silnikowe","9":"first","10":"instock","11":"shipping-taxable","12":"purchasable","13":"product-type-simple"},"acf":[],"_links":{"self":[{"href":"https:\/\/syntaco.pl\/sklep\/wp-json\/wp\/v2\/product\/1248","targetHints":{"allow":["GET"]}}],"collection":[{"href":"https:\/\/syntaco.pl\/sklep\/wp-json\/wp\/v2\/product"}],"about":[{"href":"https:\/\/syntaco.pl\/sklep\/wp-json\/wp\/v2\/types\/product"}],"wp:featuredmedia":[{"embeddable":true,"href":"https:\/\/syntaco.pl\/sklep\/wp-json\/wp\/v2\/media\/1246"}],"wp:attachment":[{"href":"https:\/\/syntaco.pl\/sklep\/wp-json\/wp\/v2\/media?parent=1248"}],"wp:term":[{"taxonomy":"product_brand","embeddable":true,"href":"https:\/\/syntaco.pl\/sklep\/wp-json\/wp\/v2\/product_brand?post=1248"},{"taxonomy":"product_cat","embeddable":true,"href":"https:\/\/syntaco.pl\/sklep\/wp-json\/wp\/v2\/product_cat?post=1248"},{"taxonomy":"product_tag","embeddable":true,"href":"https:\/\/syntaco.pl\/sklep\/wp-json\/wp\/v2\/product_tag?post=1248"}],"curies":[{"name":"wp","href":"https:\/\/api.w.org\/{rel}","templated":true}]}}