{"id":1236,"date":"2025-12-19T10:23:21","date_gmt":"2025-12-19T09:23:21","guid":{"rendered":"https:\/\/syntaco.artneo.pl\/produkt\/qarmax-plyn-do-mycia-silnika-pro-1l\/"},"modified":"2026-03-27T08:29:47","modified_gmt":"2026-03-27T07:29:47","slug":"qarmax-plyn-do-mycia-silnika-pro-1l","status":"publish","type":"product","link":"https:\/\/syntaco.pl\/sklep\/produkt\/qarmax-plyn-do-mycia-silnika-pro-1l\/","title":{"rendered":"QARMAX P\u0141YN DO MYCIA SILNIKA PRO 1L"},"content":{"rendered":"<p>Skoncentrowany preparat przeznaczony do mycia silnik\u00f3w, cz\u0119\u015bci maszyn oraz narz\u0119dzi. Doskonale usuwa osady z soli, smary, oleje i inne trudno zmywalne zanieczyszczenia. Dociera g\u0142\u0119boko, dok\u0142adnie odt\u0142uszcza i myje. Zawiera inhibitory korozji. Nie reaguje z gum\u0105 oraz tworzywami sztucznymi. Nie niszczy element\u00f3w stalowych, miedzianych, aluminiowych. Nadaje po\u0142ysk czyszczonym elementom. \u0141atwy do usuni\u0119cia nawet za pomoc\u0105 zimnej wody. \u015arodki powierzchniowo czynne ulegaj\u0105 cz\u0119\u015bciowej biodegradacji.<br \/>\nZalety:<br \/>\n&#8211; bardzo skuteczny \u2013 czy\u015bci i odt\u0142uszcza czyszczone powierzchnie. Tw\u00f3j silnik zn\u00f3w b\u0119dzie wygl\u0105da\u0142 jak nowy!<br \/>\n&#8211; jest bezpieczny dla lakieru i gumowych uszczelek<br \/>\n&#8211; czy\u015bci elementy stalowe, miedziane i aluminiowe jednocze\u015bnie nadaj\u0105c im po\u0142ysk<br \/>\n&#8211; chroni silnik przed korozj\u0105 (przeciwdzia\u0142a powstawaniu rdzy)<br \/>\nDost\u0119pne pojemno\u015bci: 1 l<\/p>\n","protected":false},"excerpt":{"rendered":"<p>Skoncentrowany preparat przeznaczony do mycia silnik\u00f3w, cz\u0119\u015bci maszyn oraz narz\u0119dzi. Doskonale usuwa osady z soli, smary, oleje i inne trudno zmywalne zanieczyszczenia. Dociera g\u0142\u0119boko, dok\u0142adnie odt\u0142uszcza i myje. Zawiera inhibitory korozji. Nie reaguje z gum\u0105 oraz tworzywami sztucznymi. Nie niszczy element\u00f3w stalowych, miedzianych, aluminiowych. Nadaje po\u0142ysk czyszczonym elementom. \u0141atwy do usuni\u0119cia nawet za pomoc\u0105 zimnej [&hellip;]<\/p>\n","protected":false},"featured_media":1234,"template":"","meta":{"_acf_changed":false},"product_brand":[32],"product_cat":[52,30],"product_tag":[],"class_list":{"0":"post-1236","1":"product","2":"type-product","3":"status-publish","4":"has-post-thumbnail","6":"product_brand-qarmax","7":"product_cat-mycie-samochodu","8":"product_cat-produkty","10":"first","11":"instock","12":"shipping-taxable","13":"purchasable","14":"product-type-simple"},"acf":[],"_links":{"self":[{"href":"https:\/\/syntaco.pl\/sklep\/wp-json\/wp\/v2\/product\/1236","targetHints":{"allow":["GET"]}}],"collection":[{"href":"https:\/\/syntaco.pl\/sklep\/wp-json\/wp\/v2\/product"}],"about":[{"href":"https:\/\/syntaco.pl\/sklep\/wp-json\/wp\/v2\/types\/product"}],"wp:featuredmedia":[{"embeddable":true,"href":"https:\/\/syntaco.pl\/sklep\/wp-json\/wp\/v2\/media\/1234"}],"wp:attachment":[{"href":"https:\/\/syntaco.pl\/sklep\/wp-json\/wp\/v2\/media?parent=1236"}],"wp:term":[{"taxonomy":"product_brand","embeddable":true,"href":"https:\/\/syntaco.pl\/sklep\/wp-json\/wp\/v2\/product_brand?post=1236"},{"taxonomy":"product_cat","embeddable":true,"href":"https:\/\/syntaco.pl\/sklep\/wp-json\/wp\/v2\/product_cat?post=1236"},{"taxonomy":"product_tag","embeddable":true,"href":"https:\/\/syntaco.pl\/sklep\/wp-json\/wp\/v2\/product_tag?post=1236"}],"curies":[{"name":"wp","href":"https:\/\/api.w.org\/{rel}","templated":true}]}}