{"id":1219,"date":"2025-12-19T10:23:08","date_gmt":"2025-12-19T09:23:08","guid":{"rendered":"https:\/\/syntaco.artneo.pl\/produkt\/q8-unishift-pc-synt-75w-1l\/"},"modified":"2026-04-15T09:43:11","modified_gmt":"2026-04-15T07:43:11","slug":"q8-unishift-pc-synt-75w-1l","status":"publish","type":"product","link":"https:\/\/syntaco.pl\/sklep\/produkt\/q8-unishift-pc-synt-75w-1l\/","title":{"rendered":"Q8 Unishift PC Synt 75W &#8211; 1L"},"content":{"rendered":"<p>Q8 Unishift PC Synt 75W to doskona\u0142y olej do manualnych skrzy\u0144 bieg\u00f3w w samochodach osobowych i lekkich pojazdach u\u017cytkowych. Zapewnia wyj\u0105tkow\u0105 ochron\u0119 i trwa\u0142o\u015b\u0107 nawet pod ekstremalnym ci\u015bnieniem.<br \/>\nKorzy\u015bci<br \/>\n\u2022\tDoskona\u0142a p\u0142ynno\u015b\u0107 w niskich temperaturach i szeroki zakres temperatur pracy.<br \/>\n\u2022\tDoskona\u0142e zmniejszenie tarcia wewn\u0119trznego.<br \/>\n\u2022\t\u0141atwo\u015b\u0107 zmiany bieg\u00f3w w niskich temperaturach.<br \/>\n\u2022\tDoskona\u0142a ochrona przed zu\u017cyciem przek\u0142ada si\u0119 na wi\u0119ksz\u0105 trwa\u0142o\u015b\u0107 skrzyni.<br \/>\n\u2022\tDoskona\u0142a ochrona przed rdz\u0105 i korozj\u0105<br \/>\nSpecyfikacje i aprobaty: API Gl 4, Ford M2C 200-D2, Nissan, PSA B71 2310, Toyota, VAG G 052 527<\/p>\n","protected":false},"excerpt":{"rendered":"<p>Q8 Unishift PC Synt 75W to doskona\u0142y olej do manualnych skrzy\u0144 bieg\u00f3w w samochodach osobowych i lekkich pojazdach u\u017cytkowych. Zapewnia wyj\u0105tkow\u0105 ochron\u0119 i trwa\u0142o\u015b\u0107 nawet pod ekstremalnym ci\u015bnieniem. Korzy\u015bci \u2022 Doskona\u0142a p\u0142ynno\u015b\u0107 w niskich temperaturach i szeroki zakres temperatur pracy. \u2022 Doskona\u0142e zmniejszenie tarcia wewn\u0119trznego. \u2022 \u0141atwo\u015b\u0107 zmiany bieg\u00f3w w niskich temperaturach. \u2022 Doskona\u0142a ochrona [&hellip;]<\/p>\n","protected":false},"featured_media":1218,"template":"","meta":{"_acf_changed":false},"product_brand":[49],"product_cat":[36,30],"product_tag":[],"class_list":{"0":"post-1219","1":"product","2":"type-product","3":"status-publish","4":"has-post-thumbnail","6":"product_brand-kuwait-petroleum-belgium-n-v-s-a","7":"product_cat-oleje-przekladniowe","8":"product_cat-produkty","10":"first","11":"instock","12":"shipping-taxable","13":"purchasable","14":"product-type-simple"},"acf":[],"_links":{"self":[{"href":"https:\/\/syntaco.pl\/sklep\/wp-json\/wp\/v2\/product\/1219","targetHints":{"allow":["GET"]}}],"collection":[{"href":"https:\/\/syntaco.pl\/sklep\/wp-json\/wp\/v2\/product"}],"about":[{"href":"https:\/\/syntaco.pl\/sklep\/wp-json\/wp\/v2\/types\/product"}],"wp:featuredmedia":[{"embeddable":true,"href":"https:\/\/syntaco.pl\/sklep\/wp-json\/wp\/v2\/media\/1218"}],"wp:attachment":[{"href":"https:\/\/syntaco.pl\/sklep\/wp-json\/wp\/v2\/media?parent=1219"}],"wp:term":[{"taxonomy":"product_brand","embeddable":true,"href":"https:\/\/syntaco.pl\/sklep\/wp-json\/wp\/v2\/product_brand?post=1219"},{"taxonomy":"product_cat","embeddable":true,"href":"https:\/\/syntaco.pl\/sklep\/wp-json\/wp\/v2\/product_cat?post=1219"},{"taxonomy":"product_tag","embeddable":true,"href":"https:\/\/syntaco.pl\/sklep\/wp-json\/wp\/v2\/product_tag?post=1219"}],"curies":[{"name":"wp","href":"https:\/\/api.w.org\/{rel}","templated":true}]}}