{"id":1211,"date":"2025-12-19T10:23:01","date_gmt":"2025-12-19T09:23:01","guid":{"rendered":"https:\/\/syntaco.artneo.pl\/produkt\/volkswagen-vw-vag-olej-oryginalny-ll-iii-0w-30-504-00-507-00-5l-oem-gs55545m4eur\/"},"modified":"2026-03-26T09:33:56","modified_gmt":"2026-03-26T08:33:56","slug":"volkswagen-vw-vag-olej-oryginalny-ll-iii-0w-30-504-00-507-00-5l-oem-gs55545m4eur","status":"publish","type":"product","link":"https:\/\/syntaco.pl\/sklep\/produkt\/volkswagen-vw-vag-olej-oryginalny-ll-iii-0w-30-504-00-507-00-5l-oem-gs55545m4eur\/","title":{"rendered":"VOLKSWAGEN VW VAG OLEJ ORYGINALNY LL III 0W-30 504.00\/507.00 5L \/OEM\/ GS55545M4EUR"},"content":{"rendered":"<p>Olej spe\u0142nia norm\u0119 Volkswagen 504.00\/507.00<br \/>\nOlej syntetyczny nowej generacji zwracaj\u0105cy szczeg\u00f3ln\u0105 uwag\u0119 na redukcj\u0119 zu\u017cycia paliwa, redukcj\u0119 emisji CO2 oraz na precyzyjne opracowanie dla samochod\u00f3w Grupy Volkswagen. Olej nowej generacji spe\u0142nia ustawowe progi emisji spalin i optymalizuje prac\u0119 silnika.<br \/>\n1. Olej doskonale chroni elementy ruchome silnika przed zu\u017cyciem.<br \/>\n2. Redukuje zu\u017cycie paliwa oraz emisj\u0119 spalin.<br \/>\n3. Przywraca jednostce nap\u0119dowej w\u0142a\u015bciwe parametry pracy.<br \/>\n4. Zapewnia pe\u0142ni\u0119 mocy silnika spalinowego.<\/p>\n","protected":false},"excerpt":{"rendered":"<p>Olej spe\u0142nia norm\u0119 Volkswagen 504.00\/507.00 Olej syntetyczny nowej generacji zwracaj\u0105cy szczeg\u00f3ln\u0105 uwag\u0119 na redukcj\u0119 zu\u017cycia paliwa, redukcj\u0119 emisji CO2 oraz na precyzyjne opracowanie dla samochod\u00f3w Grupy Volkswagen. Olej nowej generacji spe\u0142nia ustawowe progi emisji spalin i optymalizuje prac\u0119 silnika. 1. Olej doskonale chroni elementy ruchome silnika przed zu\u017cyciem. 2. Redukuje zu\u017cycie paliwa oraz emisj\u0119 spalin. [&hellip;]<\/p>\n","protected":false},"featured_media":1209,"template":"","meta":{"_acf_changed":false},"product_brand":[53],"product_cat":[59],"product_tag":[],"class_list":{"0":"post-1211","1":"product","2":"type-product","3":"status-publish","4":"has-post-thumbnail","6":"product_brand-volkswagen","7":"product_cat-oleje-silnikowe","9":"first","10":"instock","11":"shipping-taxable","12":"purchasable","13":"product-type-simple"},"acf":[],"_links":{"self":[{"href":"https:\/\/syntaco.pl\/sklep\/wp-json\/wp\/v2\/product\/1211","targetHints":{"allow":["GET"]}}],"collection":[{"href":"https:\/\/syntaco.pl\/sklep\/wp-json\/wp\/v2\/product"}],"about":[{"href":"https:\/\/syntaco.pl\/sklep\/wp-json\/wp\/v2\/types\/product"}],"wp:featuredmedia":[{"embeddable":true,"href":"https:\/\/syntaco.pl\/sklep\/wp-json\/wp\/v2\/media\/1209"}],"wp:attachment":[{"href":"https:\/\/syntaco.pl\/sklep\/wp-json\/wp\/v2\/media?parent=1211"}],"wp:term":[{"taxonomy":"product_brand","embeddable":true,"href":"https:\/\/syntaco.pl\/sklep\/wp-json\/wp\/v2\/product_brand?post=1211"},{"taxonomy":"product_cat","embeddable":true,"href":"https:\/\/syntaco.pl\/sklep\/wp-json\/wp\/v2\/product_cat?post=1211"},{"taxonomy":"product_tag","embeddable":true,"href":"https:\/\/syntaco.pl\/sklep\/wp-json\/wp\/v2\/product_tag?post=1211"}],"curies":[{"name":"wp","href":"https:\/\/api.w.org\/{rel}","templated":true}]}}