{"id":1190,"date":"2025-12-19T10:22:45","date_gmt":"2025-12-19T09:22:45","guid":{"rendered":"https:\/\/syntaco.artneo.pl\/produkt\/qarmax-plyn-do-chlodnic-long-life-zolty-5l\/"},"modified":"2026-03-28T08:33:15","modified_gmt":"2026-03-28T07:33:15","slug":"qarmax-plyn-do-chlodnic-long-life-zolty-5l","status":"publish","type":"product","link":"https:\/\/syntaco.pl\/sklep\/produkt\/qarmax-plyn-do-chlodnic-long-life-zolty-5l\/","title":{"rendered":"QARMAX P\u0141YN DO CH\u0141ODNIC LONG LIFE \u017b\u00f3\u0142ty 5L"},"content":{"rendered":"<p>QARMAX LONG LIFE Najnowszej generacji p\u0142yn do ch\u0142odnic samochodowych na bazie glikolu etylenowego o wyd\u0142u\u017conym dzia\u0142aniu, nie zawieraj\u0105cy gliceryny. Oparty na technologii kwas\u00f3w organicznych (OAT) powoduje przyspieszon\u0105 i wzmocnion\u0105 ochron\u0119 przed korozj\u0105 i kawitacj\u0105, zabezpieczaj\u0105c jednocze\u015bnie wszystkie elementy uk\u0142adu ch\u0142odzenia. Bezpieczny dla uszczelek, gumy i tworzyw sztucznych. Skutecznie chroni silnik latem przed przegrzaniem a zim\u0105 przed zamarzaniem. Przyjazny dla \u015brodowiska &#8211; wolny od azotyn\u00f3w, amin i fosforan\u00f3w.<br \/>\nPrzeznaczony do ch\u0142odzenia wszystkich typ\u00f3w silnik\u00f3w samochodowych, skuteczny dla silnik\u00f3w benzynowych i wysokopr\u0119\u017cnych wyposa\u017conych w ch\u0142odnice aluminiowe, \u017celiwne lub uk\u0142ady mieszane w samochodach osobowych i ci\u0119\u017carowych. Mieszalny z wi\u0119kszo\u015bci\u0105 innych p\u0142yn\u00f3w do ch\u0142odnic na bazie glikolu etylenowego w standardzie G12, G12+. P\u0142yn zapewnia w\u0142a\u015bciwe ch\u0142odzenie i ochron\u0119 silnika przez okres 5 lat lub 250 tys. km ci\u0105g\u0142ej eksploatacji.<br \/>\nProdukt spe\u0142nia rygorystyczne normy mi\u0119dzynarodowe:<br \/>\nASTM D 6210; PN93\/C-40008-10;PN-C-40007;ASTM D 5931-13;ASTM D 1287-11;PN 93\/C-40008-05;PN-C-4008-06:1993\/AZ 1:2000<br \/>\nSpe\u0142nia wymagania producent\u00f3w samochod\u00f3w mi\u0119dzy innymi:,<br \/>\nAudi\/Skoda\/VW\/Seat TL 774 D\/F\/G, Ford FU7J-19544 AC Renault Truck 41-01-001,ASTM D 6210 oraz Man 324 SNF, Man 248, MB 325.5, MB 325.6, DAF 74002, Volvo VCS 418-0001, Komatsu AF-NAC , AS 2108<br \/>\nQarmax LONG LIFE wyst\u0119puje w formie gotowego do u\u017cycia p\u0142ynu oraz koncentratu, kt\u00f3ry w skali 1:1 po rozcie\u0144czeniu z wod\u0105 daje p\u0142yn do -37\u00b0C.<br \/>\nDost\u0119pne pojemno\u015bci: 1l, 5l, 20l, 60l, 200l, 1000l<br \/>\nUWAGA ZMIANA SZATY GRAFICZNEJ<\/p>\n","protected":false},"excerpt":{"rendered":"<p>QARMAX LONG LIFE Najnowszej generacji p\u0142yn do ch\u0142odnic samochodowych na bazie glikolu etylenowego o wyd\u0142u\u017conym dzia\u0142aniu, nie zawieraj\u0105cy gliceryny. Oparty na technologii kwas\u00f3w organicznych (OAT) powoduje przyspieszon\u0105 i wzmocnion\u0105 ochron\u0119 przed korozj\u0105 i kawitacj\u0105, zabezpieczaj\u0105c jednocze\u015bnie wszystkie elementy uk\u0142adu ch\u0142odzenia. Bezpieczny dla uszczelek, gumy i tworzyw sztucznych. Skutecznie chroni silnik latem przed przegrzaniem a zim\u0105 [&hellip;]<\/p>\n","protected":false},"featured_media":1184,"template":"","meta":{"_acf_changed":false},"product_brand":[32],"product_cat":[51,30],"product_tag":[],"class_list":{"0":"post-1190","1":"product","2":"type-product","3":"status-publish","4":"has-post-thumbnail","6":"product_brand-qarmax","7":"product_cat-plyny-do-chlodnic","8":"product_cat-produkty","10":"first","11":"instock","12":"shipping-taxable","13":"purchasable","14":"product-type-simple"},"acf":[],"_links":{"self":[{"href":"https:\/\/syntaco.pl\/sklep\/wp-json\/wp\/v2\/product\/1190","targetHints":{"allow":["GET"]}}],"collection":[{"href":"https:\/\/syntaco.pl\/sklep\/wp-json\/wp\/v2\/product"}],"about":[{"href":"https:\/\/syntaco.pl\/sklep\/wp-json\/wp\/v2\/types\/product"}],"wp:featuredmedia":[{"embeddable":true,"href":"https:\/\/syntaco.pl\/sklep\/wp-json\/wp\/v2\/media\/1184"}],"wp:attachment":[{"href":"https:\/\/syntaco.pl\/sklep\/wp-json\/wp\/v2\/media?parent=1190"}],"wp:term":[{"taxonomy":"product_brand","embeddable":true,"href":"https:\/\/syntaco.pl\/sklep\/wp-json\/wp\/v2\/product_brand?post=1190"},{"taxonomy":"product_cat","embeddable":true,"href":"https:\/\/syntaco.pl\/sklep\/wp-json\/wp\/v2\/product_cat?post=1190"},{"taxonomy":"product_tag","embeddable":true,"href":"https:\/\/syntaco.pl\/sklep\/wp-json\/wp\/v2\/product_tag?post=1190"}],"curies":[{"name":"wp","href":"https:\/\/api.w.org\/{rel}","templated":true}]}}