{"id":1179,"date":"2025-12-19T10:22:36","date_gmt":"2025-12-19T09:22:36","guid":{"rendered":"https:\/\/syntaco.artneo.pl\/produkt\/q8-t-55-80w-90-1l\/"},"modified":"2026-03-28T08:33:14","modified_gmt":"2026-03-28T07:33:14","slug":"q8-t-55-80w-90-1l","status":"publish","type":"product","link":"https:\/\/syntaco.pl\/sklep\/produkt\/q8-t-55-80w-90-1l\/","title":{"rendered":"Q8 T 55 80W-90 &#8211; 1L"},"content":{"rendered":"<p>Q8 T 55 80W-90 to zaawansowany olej przek\u0142adniowy przeznaczony do pracy w trudnych warunkach \u2013 ekstremalne ci\u015bnienie i obci\u0105\u017cenia uderzeniowe. Zalecany dla most\u00f3w wymagaj\u0105cych specyfikacji API GL-5.<br \/>\nKorzy\u015bci<br \/>\n\u2022\tZnakomita ochrona przed zu\u017cyciem w trudnych warunkach pracy.<br \/>\n\u2022\tDoskona\u0142a ochrona przed zu\u017cyciem i wyd\u0142u\u017cenie okresu eksploatacji cz\u0119\u015bci.<br \/>\n\u2022\tDoskona\u0142\u0105 ochrona przed obci\u0105\u017ceniami uderzeniowymi.<br \/>\n\u2022\tDoskona\u0142a ochrona przed rdz\u0105 i korozj\u0105.<br \/>\n\u2022\tLepsza odporno\u015b\u0107 na \u015bcinanie zapewnia stabiln\u0105 lepko\u015b\u0107 podczas u\u017cytkowania<br \/>\nSpecyfikacje i aprobaty: API Gl-5, Case MS 1316, Clark ALC-1 5M 7-80 KE, Clark MS-8 Rev.1 Clark TLC-25 3M 8-83, Ford SM-2C-1011A, Ford SQM-2C9002-AA, John Deere JDM J11E, Komatsu DresserB22-0003, Komatsu Dresser B22-0005, MAN 342 Type M1, MB 235.0, MIL L-2105D, Rockwell International 0-76, Volvo 97310, ZF TE-ML 05A, ZF TE-ML 07A, ZF TE-ML 12A, ZF TE-ML 16B, ZF TE-ML 16C, ZF TE-ML 17B, ZF TE-ML 19B, ZF TE-ML 21A<\/p>\n","protected":false},"excerpt":{"rendered":"<p>Q8 T 55 80W-90 to zaawansowany olej przek\u0142adniowy przeznaczony do pracy w trudnych warunkach \u2013 ekstremalne ci\u015bnienie i obci\u0105\u017cenia uderzeniowe. Zalecany dla most\u00f3w wymagaj\u0105cych specyfikacji API GL-5. Korzy\u015bci \u2022 Znakomita ochrona przed zu\u017cyciem w trudnych warunkach pracy. \u2022 Doskona\u0142a ochrona przed zu\u017cyciem i wyd\u0142u\u017cenie okresu eksploatacji cz\u0119\u015bci. \u2022 Doskona\u0142\u0105 ochrona przed obci\u0105\u017ceniami uderzeniowymi. \u2022 Doskona\u0142a [&hellip;]<\/p>\n","protected":false},"featured_media":1178,"template":"","meta":{"_acf_changed":false},"product_brand":[49],"product_cat":[36,30],"product_tag":[],"class_list":{"0":"post-1179","1":"product","2":"type-product","3":"status-publish","4":"has-post-thumbnail","6":"product_brand-kuwait-petroleum-belgium-n-v-s-a","7":"product_cat-oleje-przekladniowe","8":"product_cat-produkty","10":"first","11":"instock","12":"shipping-taxable","13":"purchasable","14":"product-type-simple"},"acf":[],"_links":{"self":[{"href":"https:\/\/syntaco.pl\/sklep\/wp-json\/wp\/v2\/product\/1179","targetHints":{"allow":["GET"]}}],"collection":[{"href":"https:\/\/syntaco.pl\/sklep\/wp-json\/wp\/v2\/product"}],"about":[{"href":"https:\/\/syntaco.pl\/sklep\/wp-json\/wp\/v2\/types\/product"}],"wp:featuredmedia":[{"embeddable":true,"href":"https:\/\/syntaco.pl\/sklep\/wp-json\/wp\/v2\/media\/1178"}],"wp:attachment":[{"href":"https:\/\/syntaco.pl\/sklep\/wp-json\/wp\/v2\/media?parent=1179"}],"wp:term":[{"taxonomy":"product_brand","embeddable":true,"href":"https:\/\/syntaco.pl\/sklep\/wp-json\/wp\/v2\/product_brand?post=1179"},{"taxonomy":"product_cat","embeddable":true,"href":"https:\/\/syntaco.pl\/sklep\/wp-json\/wp\/v2\/product_cat?post=1179"},{"taxonomy":"product_tag","embeddable":true,"href":"https:\/\/syntaco.pl\/sklep\/wp-json\/wp\/v2\/product_tag?post=1179"}],"curies":[{"name":"wp","href":"https:\/\/api.w.org\/{rel}","templated":true}]}}