{"id":1171,"date":"2025-12-19T10:22:30","date_gmt":"2025-12-19T09:22:30","guid":{"rendered":"https:\/\/syntaco.artneo.pl\/produkt\/q8-t-3000-20l\/"},"modified":"2026-03-28T08:33:12","modified_gmt":"2026-03-28T07:33:12","slug":"q8-t-3000-20l","status":"publish","type":"product","link":"https:\/\/syntaco.pl\/sklep\/produkt\/q8-t-3000-20l\/","title":{"rendered":"Q8 T 3000 &#8211; 20L"},"content":{"rendered":"<p>Q8 T 3000 to doskona\u0142a mieszanka oleju przek\u0142adniowego i hydraulicznego typu UTTO do maszyn rolniczych i budowlanych. Charakteryzuje si\u0119 wyj\u0105tkow\u0105 stabilno\u015bci\u0105 dzia\u0142ania w r\u00f3\u017cnych temperaturach i ogranicza odg\u0142osy hamowania.<br \/>\nKorzy\u015bci<br \/>\n\u2022\tOgranicza ha\u0142as hamowania na mokro, jednocze\u015bnie ograniczaj\u0105c zu\u017cycie tarczy ciernej.<br \/>\n\u2022\tDoskona\u0142e smarowanie przek\u0142adni.<br \/>\n\u2022\tDoskona\u0142a reakcja komponent\u00f3w hydraulicznych.<br \/>\n\u2022\tDoskona\u0142e w\u0142a\u015bciwo\u015bci przeciwpieni\u0105ce.<br \/>\n\u2022\tDoskona\u0142a kompatybilno\u015b\u0107 z konwencjonalnymi elastomerami.<br \/>\nSpecyfikacje:<br \/>\nAPI GL-4 Ford M2C 86-B<br \/>\nAllison C-3 Komatsu Dresser B06-0002<br \/>\nCase MS 1207 Landini UTTO<br \/>\nCase MS 1209 Massey Ferguson CMS M 1127<br \/>\nCase UK\/David Brown Massey Ferguson CMS M 1135<br \/>\nCaterpillar TO-2 Massey Ferguson CMS M 1141<br \/>\nFiat AF 87 Same Deutz Fahr<\/p>\n","protected":false},"excerpt":{"rendered":"<p>Q8 T 3000 to doskona\u0142a mieszanka oleju przek\u0142adniowego i hydraulicznego typu UTTO do maszyn rolniczych i budowlanych. Charakteryzuje si\u0119 wyj\u0105tkow\u0105 stabilno\u015bci\u0105 dzia\u0142ania w r\u00f3\u017cnych temperaturach i ogranicza odg\u0142osy hamowania. Korzy\u015bci \u2022 Ogranicza ha\u0142as hamowania na mokro, jednocze\u015bnie ograniczaj\u0105c zu\u017cycie tarczy ciernej. \u2022 Doskona\u0142e smarowanie przek\u0142adni. \u2022 Doskona\u0142a reakcja komponent\u00f3w hydraulicznych. \u2022 Doskona\u0142e w\u0142a\u015bciwo\u015bci przeciwpieni\u0105ce. \u2022 [&hellip;]<\/p>\n","protected":false},"featured_media":1170,"template":"","meta":{"_acf_changed":false},"product_brand":[49],"product_cat":[39,30],"product_tag":[],"class_list":{"0":"post-1171","1":"product","2":"type-product","3":"status-publish","4":"has-post-thumbnail","6":"product_brand-kuwait-petroleum-belgium-n-v-s-a","7":"product_cat-oleje-rolnicze","8":"product_cat-produkty","10":"first","11":"instock","12":"shipping-taxable","13":"purchasable","14":"product-type-simple"},"acf":[],"_links":{"self":[{"href":"https:\/\/syntaco.pl\/sklep\/wp-json\/wp\/v2\/product\/1171","targetHints":{"allow":["GET"]}}],"collection":[{"href":"https:\/\/syntaco.pl\/sklep\/wp-json\/wp\/v2\/product"}],"about":[{"href":"https:\/\/syntaco.pl\/sklep\/wp-json\/wp\/v2\/types\/product"}],"wp:featuredmedia":[{"embeddable":true,"href":"https:\/\/syntaco.pl\/sklep\/wp-json\/wp\/v2\/media\/1170"}],"wp:attachment":[{"href":"https:\/\/syntaco.pl\/sklep\/wp-json\/wp\/v2\/media?parent=1171"}],"wp:term":[{"taxonomy":"product_brand","embeddable":true,"href":"https:\/\/syntaco.pl\/sklep\/wp-json\/wp\/v2\/product_brand?post=1171"},{"taxonomy":"product_cat","embeddable":true,"href":"https:\/\/syntaco.pl\/sklep\/wp-json\/wp\/v2\/product_cat?post=1171"},{"taxonomy":"product_tag","embeddable":true,"href":"https:\/\/syntaco.pl\/sklep\/wp-json\/wp\/v2\/product_tag?post=1171"}],"curies":[{"name":"wp","href":"https:\/\/api.w.org\/{rel}","templated":true}]}}