{"id":1169,"date":"2025-12-19T10:22:28","date_gmt":"2025-12-19T09:22:28","guid":{"rendered":"https:\/\/syntaco.artneo.pl\/produkt\/q8-t-2300-cvt-15w-40-20l\/"},"modified":"2026-03-28T08:33:12","modified_gmt":"2026-03-28T07:33:12","slug":"q8-t-2300-cvt-15w-40-20l","status":"publish","type":"product","link":"https:\/\/syntaco.pl\/sklep\/produkt\/q8-t-2300-cvt-15w-40-20l\/","title":{"rendered":"Q8 T 2300 CVT 15W-40 &#8211; 20L"},"content":{"rendered":"<p>Q8 T 2300 CVT 15W-40 to wyj\u0105tkowy syntetyczny olej do ci\u0105gnik\u00f3w do przek\u0142adni bezstopniowych. Gwarantuje doskona\u0142\u0105 ochron\u0119 sprz\u0119tu terenowego, budowlanego i rolniczego. Wszechstronny olej Q8 T 2300 CVT 15W-40 osi\u0105ga najnowsze parametry wydajno\u015bci opracowane przez API i kilku producent\u00f3w OEM. Poprawia trwa\u0142o\u015b\u0107 i zwi\u0119ksza zar\u00f3wno komfort operatora, jak i produktywno\u015b\u0107.<br \/>\nQ8 T 2300 CVT 15W-40 jest stosowany w przek\u0142adniach bezstopniowych w zastosowaniach terenowych, budowlanych i rolniczych, takich jak ci\u0105gniki i kombajny. Jest stosowany jako \u015brodek smarny do uk\u0142adu nap\u0119dowego, zanurzony w oleju p\u0142yn hamulcowy\/sprz\u0119g\u0142owy, p\u0142yn hydrauliczny i smar przek\u0142adniowy.<br \/>\nDoskona\u0142e zachowanie lepko\u015bci zapewniaj\u0105ce p\u0142ynn\u0105 prac\u0119 przek\u0142adni CVT.<br \/>\nDoskona\u0142a stabilno\u015b\u0107 oksydacyjna.<br \/>\nDoskona\u0142e w\u0142a\u015bciwo\u015bci cierne zapewniaj\u0105ce p\u0142ynne dzia\u0142anie hamulca.<br \/>\nDoskona\u0142a reakcja element\u00f3w hydraulicznych.<br \/>\nDoskona\u0142a kompatybilno\u015b\u0107 z konwencjonalnymi elastomerami.<\/p>\n","protected":false},"excerpt":{"rendered":"<p>Q8 T 2300 CVT 15W-40 to wyj\u0105tkowy syntetyczny olej do ci\u0105gnik\u00f3w do przek\u0142adni bezstopniowych. Gwarantuje doskona\u0142\u0105 ochron\u0119 sprz\u0119tu terenowego, budowlanego i rolniczego. Wszechstronny olej Q8 T 2300 CVT 15W-40 osi\u0105ga najnowsze parametry wydajno\u015bci opracowane przez API i kilku producent\u00f3w OEM. Poprawia trwa\u0142o\u015b\u0107 i zwi\u0119ksza zar\u00f3wno komfort operatora, jak i produktywno\u015b\u0107. Q8 T 2300 CVT 15W-40 [&hellip;]<\/p>\n","protected":false},"featured_media":1168,"template":"","meta":{"_acf_changed":false},"product_brand":[49],"product_cat":[39,30],"product_tag":[],"class_list":{"0":"post-1169","1":"product","2":"type-product","3":"status-publish","4":"has-post-thumbnail","6":"product_brand-kuwait-petroleum-belgium-n-v-s-a","7":"product_cat-oleje-rolnicze","8":"product_cat-produkty","10":"first","11":"instock","12":"shipping-taxable","13":"purchasable","14":"product-type-simple"},"acf":[],"_links":{"self":[{"href":"https:\/\/syntaco.pl\/sklep\/wp-json\/wp\/v2\/product\/1169","targetHints":{"allow":["GET"]}}],"collection":[{"href":"https:\/\/syntaco.pl\/sklep\/wp-json\/wp\/v2\/product"}],"about":[{"href":"https:\/\/syntaco.pl\/sklep\/wp-json\/wp\/v2\/types\/product"}],"wp:featuredmedia":[{"embeddable":true,"href":"https:\/\/syntaco.pl\/sklep\/wp-json\/wp\/v2\/media\/1168"}],"wp:attachment":[{"href":"https:\/\/syntaco.pl\/sklep\/wp-json\/wp\/v2\/media?parent=1169"}],"wp:term":[{"taxonomy":"product_brand","embeddable":true,"href":"https:\/\/syntaco.pl\/sklep\/wp-json\/wp\/v2\/product_brand?post=1169"},{"taxonomy":"product_cat","embeddable":true,"href":"https:\/\/syntaco.pl\/sklep\/wp-json\/wp\/v2\/product_cat?post=1169"},{"taxonomy":"product_tag","embeddable":true,"href":"https:\/\/syntaco.pl\/sklep\/wp-json\/wp\/v2\/product_tag?post=1169"}],"curies":[{"name":"wp","href":"https:\/\/api.w.org\/{rel}","templated":true}]}}