{"id":1165,"date":"2025-12-19T10:22:24","date_gmt":"2025-12-19T09:22:24","guid":{"rendered":"https:\/\/syntaco.artneo.pl\/produkt\/q8-t-45-ls-sae-90-20l\/"},"modified":"2026-04-15T09:43:11","modified_gmt":"2026-04-15T07:43:11","slug":"q8-t-45-ls-sae-90-20l","status":"publish","type":"product","link":"https:\/\/syntaco.pl\/sklep\/produkt\/q8-t-45-ls-sae-90-20l\/","title":{"rendered":"Q8 T 45 LS SAE 90 &#8211; 20L"},"content":{"rendered":"<p>Q8 T 45 LS SAE 90 to zaawansowany olej do tylnych most\u00f3w. Dzi\u0119ki zastosowaniu dobrze wybranych rafinowanych olej\u00f3w bazowych oraz doskona\u0142ej jako\u015bci dodatk\u00f3w przeznaczony jest dla mechanizm\u00f3w r\u00f3\u017cnicowych o ograniczonym po\u015blizgu.<br \/>\nKorzy\u015bci<br \/>\n\u2022\tOgraniczony po\u015blizg dzi\u0119ki specjalnemu dodatkowi modyfikuj\u0105cemu tarcie.<br \/>\n\u2022\tDoskona\u0142a ochrona mostu.<br \/>\n\u2022\tDoskona\u0142a ochrona przed zu\u017cyciem i wyd\u0142u\u017cenie okresu eksploatacji cz\u0119\u015bci.<br \/>\n\u2022\tDoskona\u0142a ochrona przed rdz\u0105 i korozj\u0105.<br \/>\nSpecyfikacje i aprobaty : API Gl-5 LS, Ford M2C 119-A, Ford M2C 154-A, GM 1942382 (90006326), Hanomag Specifikacjon 511, MIL L-21058, Volvo 97311, ZF TE-ML 05C, ZF TE-ML 12C, ZF TE-ML 16E, ZF TE-ML 21CQ8 T 45 LS SAE 90 to zaawansowany \u015brodek smarny do tylnej osi. Produkt zosta\u0142 opracowany z my\u015bl\u0105 o mechanizmach r\u00f3\u017cnicowych o zwi\u0119kszonym tarciu dzi\u0119ki odpowiedniemu doborowi rafinowanych olej\u00f3w bazowych i dodatk\u00f3w najwy\u017cszej jako\u015bci.<br \/>\nKorzy\u015bci:<br \/>\n\u2022\tDoskona\u0142e, zwi\u0119kszone tarcie dzi\u0119ki specjalnemu dodatkowi modyfikatora tarcia.<br \/>\n\u2022\tWyj\u0105tkowa ochrona osi przed zu\u017cyciem.<br \/>\n\u2022\tWyj\u0105tkowa ochrona przed zu\u017cyciem i wyd\u0142u\u017cenie \u017cywotno\u015bci komponent\u00f3w.<br \/>\n\u2022\tWyj\u0105tkowa ochrona przed rdz\u0105 i korozj\u0105.<br \/>\nSpecyfikacje:<br \/>\nAPI GL-5 LS Volvo 97311<br \/>\nFord M2C 119-A ZF TE-ML 05C<br \/>\nFord M2C 154-A ZF TE-ML 12C<br \/>\nGM 1942382 (90006326) ZF TE-ML 16E<br \/>\nHanomag Specification 511 ZF TE-ML 21C<br \/>\nMIL L-2105D<\/p>\n","protected":false},"excerpt":{"rendered":"<p>Q8 T 45 LS SAE 90 to zaawansowany olej do tylnych most\u00f3w. Dzi\u0119ki zastosowaniu dobrze wybranych rafinowanych olej\u00f3w bazowych oraz doskona\u0142ej jako\u015bci dodatk\u00f3w przeznaczony jest dla mechanizm\u00f3w r\u00f3\u017cnicowych o ograniczonym po\u015blizgu. Korzy\u015bci \u2022 Ograniczony po\u015blizg dzi\u0119ki specjalnemu dodatkowi modyfikuj\u0105cemu tarcie. \u2022 Doskona\u0142a ochrona mostu. \u2022 Doskona\u0142a ochrona przed zu\u017cyciem i wyd\u0142u\u017cenie okresu eksploatacji cz\u0119\u015bci. \u2022 [&hellip;]<\/p>\n","protected":false},"featured_media":1164,"template":"","meta":{"_acf_changed":false},"product_brand":[49],"product_cat":[39,30],"product_tag":[],"class_list":{"0":"post-1165","1":"product","2":"type-product","3":"status-publish","4":"has-post-thumbnail","6":"product_brand-kuwait-petroleum-belgium-n-v-s-a","7":"product_cat-oleje-rolnicze","8":"product_cat-produkty","10":"first","11":"instock","12":"shipping-taxable","13":"purchasable","14":"product-type-simple"},"acf":[],"_links":{"self":[{"href":"https:\/\/syntaco.pl\/sklep\/wp-json\/wp\/v2\/product\/1165","targetHints":{"allow":["GET"]}}],"collection":[{"href":"https:\/\/syntaco.pl\/sklep\/wp-json\/wp\/v2\/product"}],"about":[{"href":"https:\/\/syntaco.pl\/sklep\/wp-json\/wp\/v2\/types\/product"}],"wp:featuredmedia":[{"embeddable":true,"href":"https:\/\/syntaco.pl\/sklep\/wp-json\/wp\/v2\/media\/1164"}],"wp:attachment":[{"href":"https:\/\/syntaco.pl\/sklep\/wp-json\/wp\/v2\/media?parent=1165"}],"wp:term":[{"taxonomy":"product_brand","embeddable":true,"href":"https:\/\/syntaco.pl\/sklep\/wp-json\/wp\/v2\/product_brand?post=1165"},{"taxonomy":"product_cat","embeddable":true,"href":"https:\/\/syntaco.pl\/sklep\/wp-json\/wp\/v2\/product_cat?post=1165"},{"taxonomy":"product_tag","embeddable":true,"href":"https:\/\/syntaco.pl\/sklep\/wp-json\/wp\/v2\/product_tag?post=1165"}],"curies":[{"name":"wp","href":"https:\/\/api.w.org\/{rel}","templated":true}]}}