{"id":1163,"date":"2025-12-19T10:22:23","date_gmt":"2025-12-19T09:22:23","guid":{"rendered":"https:\/\/syntaco.artneo.pl\/produkt\/q8-t-65-ls-75w-90-20l\/"},"modified":"2026-03-28T08:33:09","modified_gmt":"2026-03-28T07:33:09","slug":"q8-t-65-ls-75w-90-20l","status":"publish","type":"product","link":"https:\/\/syntaco.pl\/sklep\/produkt\/q8-t-65-ls-75w-90-20l\/","title":{"rendered":"Q8 T 65 LS 75W-90 &#8211; 20L"},"content":{"rendered":"<p>Q8 T 65 LS 75W-90 to znakomity syntetyczny olej do cz\u0119\u015bci pracuj\u0105cych w ci\u0119\u017ckich warunkach, takich jak tylne mosty, przek\u0142adnie g\u0142\u00f3wne wymagaj\u0105cych p\u0142ynno\u015bci w niskich temperaturach i ograniczonego po\u015blizgu.<br \/>\nKorzy\u015bci<br \/>\n\u2022\tCa\u0142kowicie syntetyczny zapewniaj\u0105cy doskona\u0142\u0105 stabilno\u015b\u0107 termiczn\u0105.<br \/>\n\u2022\tOgraniczony po\u015blizg dzi\u0119ki specjalnemu dodatkowi modyfikuj\u0105cemu tarcie.<br \/>\n\u2022\tZnakomita ochrona przed zu\u017cyciem i wyd\u0142u\u017cona \u017cywotno\u015b\u0107 cz\u0119\u015bci.<br \/>\n\u2022\tDoskona\u0142a ochrona przed rdz\u0105 i korozj\u0105.<br \/>\n\u2022\tWyd\u0142u\u017cenie okresu eksploatacji urz\u0105dzenia.<br \/>\nSpecyfikacje i aprobaty: API Gl-5 LS, Ford M2C 119-A, Ford M2C 154-A, GM 1942382(90006326), Hanomag Specificatoin 511, MIL L-2105D, Volvo 97311, ZF TE-ML 05D, ZF TE-ML 12D, ZF TE-ME 16F<\/p>\n","protected":false},"excerpt":{"rendered":"<p>Q8 T 65 LS 75W-90 to znakomity syntetyczny olej do cz\u0119\u015bci pracuj\u0105cych w ci\u0119\u017ckich warunkach, takich jak tylne mosty, przek\u0142adnie g\u0142\u00f3wne wymagaj\u0105cych p\u0142ynno\u015bci w niskich temperaturach i ograniczonego po\u015blizgu. Korzy\u015bci \u2022 Ca\u0142kowicie syntetyczny zapewniaj\u0105cy doskona\u0142\u0105 stabilno\u015b\u0107 termiczn\u0105. \u2022 Ograniczony po\u015blizg dzi\u0119ki specjalnemu dodatkowi modyfikuj\u0105cemu tarcie. \u2022 Znakomita ochrona przed zu\u017cyciem i wyd\u0142u\u017cona \u017cywotno\u015b\u0107 cz\u0119\u015bci. \u2022 [&hellip;]<\/p>\n","protected":false},"featured_media":1162,"template":"","meta":{"_acf_changed":false},"product_brand":[49],"product_cat":[36,30],"product_tag":[],"class_list":{"0":"post-1163","1":"product","2":"type-product","3":"status-publish","4":"has-post-thumbnail","6":"product_brand-kuwait-petroleum-belgium-n-v-s-a","7":"product_cat-oleje-przekladniowe","8":"product_cat-produkty","10":"first","11":"instock","12":"shipping-taxable","13":"purchasable","14":"product-type-simple"},"acf":[],"_links":{"self":[{"href":"https:\/\/syntaco.pl\/sklep\/wp-json\/wp\/v2\/product\/1163","targetHints":{"allow":["GET"]}}],"collection":[{"href":"https:\/\/syntaco.pl\/sklep\/wp-json\/wp\/v2\/product"}],"about":[{"href":"https:\/\/syntaco.pl\/sklep\/wp-json\/wp\/v2\/types\/product"}],"wp:featuredmedia":[{"embeddable":true,"href":"https:\/\/syntaco.pl\/sklep\/wp-json\/wp\/v2\/media\/1162"}],"wp:attachment":[{"href":"https:\/\/syntaco.pl\/sklep\/wp-json\/wp\/v2\/media?parent=1163"}],"wp:term":[{"taxonomy":"product_brand","embeddable":true,"href":"https:\/\/syntaco.pl\/sklep\/wp-json\/wp\/v2\/product_brand?post=1163"},{"taxonomy":"product_cat","embeddable":true,"href":"https:\/\/syntaco.pl\/sklep\/wp-json\/wp\/v2\/product_cat?post=1163"},{"taxonomy":"product_tag","embeddable":true,"href":"https:\/\/syntaco.pl\/sklep\/wp-json\/wp\/v2\/product_tag?post=1163"}],"curies":[{"name":"wp","href":"https:\/\/api.w.org\/{rel}","templated":true}]}}