{"id":1151,"date":"2025-12-19T10:22:12","date_gmt":"2025-12-19T09:22:12","guid":{"rendered":"https:\/\/syntaco.artneo.pl\/produkt\/q8-t-750-15w-40-20l\/"},"modified":"2026-04-15T09:43:09","modified_gmt":"2026-04-15T07:43:09","slug":"q8-t-750-15w-40-20l","status":"publish","type":"product","link":"https:\/\/syntaco.pl\/sklep\/produkt\/q8-t-750-15w-40-20l\/","title":{"rendered":"Q8 T 750 15W-40 &#8211; 20L"},"content":{"rendered":"<p>Q8 T 750 15W-40 to super wysokowydajny olej silnikowy do du\u017cych obci\u0105\u017ce\u0144, utrzymuje silnik w czysto\u015bci i zmniejsza koszty utrzymania. Spe\u0142nia wymagania normy API CI-4 ACEA E7.<br \/>\nKorzy\u015bci<br \/>\n\u2022 Wysokiej jako\u015bci ochrona przed zanieczyszczeniem silnika sadz\u0105 powsta\u0142\u0105 w wyniku spalania.<br \/>\n\u2022 Wysokiej jako\u015bci ochrona silnika przed zu\u017cyciem.<br \/>\n\u2022 Wysoka ochrona przed rdz\u0105 i korozj\u0105.<br \/>\n\u2022 Zaawansowana ochrona silnika po zimnym rozruchu<br \/>\nSpecyfikacje:<br \/>\nACEA E7 Global DHD-1<br \/>\nAPI CF Isuzu<br \/>\nAPI CI-4 Iveco<br \/>\nCaterpillar ECF-1 MAN M 3275-1<br \/>\nCaterpillar ECF-2 MB 228.3<br \/>\nCummins CES 20071 MTU Type 2<br \/>\nCummins CES 20072 Mack EO-N<br \/>\nCummins CES 20076 Renault RLD<br \/>\nCummins CES 20077 Renault RLD-2<br \/>\nCummins CES 20078 Scania<br \/>\nDeutz DQC III-10 Volvo VDS-3<\/p>\n","protected":false},"excerpt":{"rendered":"<p>Q8 T 750 15W-40 to super wysokowydajny olej silnikowy do du\u017cych obci\u0105\u017ce\u0144, utrzymuje silnik w czysto\u015bci i zmniejsza koszty utrzymania. Spe\u0142nia wymagania normy API CI-4 ACEA E7. Korzy\u015bci \u2022 Wysokiej jako\u015bci ochrona przed zanieczyszczeniem silnika sadz\u0105 powsta\u0142\u0105 w wyniku spalania. \u2022 Wysokiej jako\u015bci ochrona silnika przed zu\u017cyciem. \u2022 Wysoka ochrona przed rdz\u0105 i korozj\u0105. \u2022 [&hellip;]<\/p>\n","protected":false},"featured_media":1150,"template":"","meta":{"_acf_changed":false},"product_brand":[49],"product_cat":[39,30],"product_tag":[],"class_list":{"0":"post-1151","1":"product","2":"type-product","3":"status-publish","4":"has-post-thumbnail","6":"product_brand-kuwait-petroleum-belgium-n-v-s-a","7":"product_cat-oleje-rolnicze","8":"product_cat-produkty","10":"first","11":"instock","12":"shipping-taxable","13":"purchasable","14":"product-type-simple"},"acf":[],"_links":{"self":[{"href":"https:\/\/syntaco.pl\/sklep\/wp-json\/wp\/v2\/product\/1151","targetHints":{"allow":["GET"]}}],"collection":[{"href":"https:\/\/syntaco.pl\/sklep\/wp-json\/wp\/v2\/product"}],"about":[{"href":"https:\/\/syntaco.pl\/sklep\/wp-json\/wp\/v2\/types\/product"}],"wp:featuredmedia":[{"embeddable":true,"href":"https:\/\/syntaco.pl\/sklep\/wp-json\/wp\/v2\/media\/1150"}],"wp:attachment":[{"href":"https:\/\/syntaco.pl\/sklep\/wp-json\/wp\/v2\/media?parent=1151"}],"wp:term":[{"taxonomy":"product_brand","embeddable":true,"href":"https:\/\/syntaco.pl\/sklep\/wp-json\/wp\/v2\/product_brand?post=1151"},{"taxonomy":"product_cat","embeddable":true,"href":"https:\/\/syntaco.pl\/sklep\/wp-json\/wp\/v2\/product_cat?post=1151"},{"taxonomy":"product_tag","embeddable":true,"href":"https:\/\/syntaco.pl\/sklep\/wp-json\/wp\/v2\/product_tag?post=1151"}],"curies":[{"name":"wp","href":"https:\/\/api.w.org\/{rel}","templated":true}]}}