{"id":1149,"date":"2025-12-19T10:22:10","date_gmt":"2025-12-19T09:22:10","guid":{"rendered":"https:\/\/syntaco.artneo.pl\/produkt\/q8-t-860-s-10w-40-20l\/"},"modified":"2026-04-15T09:43:09","modified_gmt":"2026-04-15T07:43:09","slug":"q8-t-860-s-10w-40-20l","status":"publish","type":"product","link":"https:\/\/syntaco.pl\/sklep\/produkt\/q8-t-860-s-10w-40-20l\/","title":{"rendered":"Q8 T 860 S 10W-40 &#8211; 20L"},"content":{"rendered":"<p>Q8 T 860 10W-40 to olej silnikowy o bardzo wysokiej wydajno\u015bci do pracy przy du\u017cych obci\u0105\u017ceniach. Zapewnia p\u0142ynno\u015b\u0107 w niskich temperaturach, utrzymanie lepko\u015bci i kontrol\u0119 lotno\u015bci. Produkt ten zapewnia wysoki poziom ochrony wszystkich cz\u0119\u015bci silnika w ci\u0119\u017ckich zastosowaniach w ruchu drogowym i pozadrogowym. Olej ten jest przeznaczony do nowoczesnych silnik\u00f3w wysokopr\u0119\u017cnych. Q8 T 860 10W-40 jest przeznaczony do samochod\u00f3w ci\u0119\u017carowych z wysokowydajnymi silnikami Diesla, spe\u0142niaj\u0105cych wymagania emisyjne Euro V. Produkt jest kompatybilny z normalnie wolnoss\u0105cymi lub turbodo\u0142adowanymi pojazdami u\u017cytkowymi i sprz\u0119tem budowlanym, a tak\u017ce z silnikami firm Mercedes, MAN, Volvo, Renault, DAF, Iveco i Cummins.<br \/>\nWyj\u0105tkowa zdolno\u015b\u0107 do wyd\u0142u\u017cania okres\u00f3w mi\u0119dzy wymianami.<br \/>\nDoskona\u0142a czysto\u015b\u0107 silnika.<br \/>\nDoskona\u0142a ochrona przed zu\u017cyciem silnika.<br \/>\nZnakomita ochrona przed zanieczyszczeniem silnika sadz\u0105 powsta\u0142\u0105 w wyniku spalania.<br \/>\nDoskona\u0142a ochrona przed rdz\u0105 i korozj\u0105.<\/p>\n","protected":false},"excerpt":{"rendered":"<p>Q8 T 860 10W-40 to olej silnikowy o bardzo wysokiej wydajno\u015bci do pracy przy du\u017cych obci\u0105\u017ceniach. Zapewnia p\u0142ynno\u015b\u0107 w niskich temperaturach, utrzymanie lepko\u015bci i kontrol\u0119 lotno\u015bci. Produkt ten zapewnia wysoki poziom ochrony wszystkich cz\u0119\u015bci silnika w ci\u0119\u017ckich zastosowaniach w ruchu drogowym i pozadrogowym. Olej ten jest przeznaczony do nowoczesnych silnik\u00f3w wysokopr\u0119\u017cnych. Q8 T 860 10W-40 [&hellip;]<\/p>\n","protected":false},"featured_media":1148,"template":"","meta":{"_acf_changed":false},"product_brand":[49],"product_cat":[39,30],"product_tag":[],"class_list":{"0":"post-1149","1":"product","2":"type-product","3":"status-publish","4":"has-post-thumbnail","6":"product_brand-kuwait-petroleum-belgium-n-v-s-a","7":"product_cat-oleje-rolnicze","8":"product_cat-produkty","10":"first","11":"instock","12":"shipping-taxable","13":"purchasable","14":"product-type-simple"},"acf":[],"_links":{"self":[{"href":"https:\/\/syntaco.pl\/sklep\/wp-json\/wp\/v2\/product\/1149","targetHints":{"allow":["GET"]}}],"collection":[{"href":"https:\/\/syntaco.pl\/sklep\/wp-json\/wp\/v2\/product"}],"about":[{"href":"https:\/\/syntaco.pl\/sklep\/wp-json\/wp\/v2\/types\/product"}],"wp:featuredmedia":[{"embeddable":true,"href":"https:\/\/syntaco.pl\/sklep\/wp-json\/wp\/v2\/media\/1148"}],"wp:attachment":[{"href":"https:\/\/syntaco.pl\/sklep\/wp-json\/wp\/v2\/media?parent=1149"}],"wp:term":[{"taxonomy":"product_brand","embeddable":true,"href":"https:\/\/syntaco.pl\/sklep\/wp-json\/wp\/v2\/product_brand?post=1149"},{"taxonomy":"product_cat","embeddable":true,"href":"https:\/\/syntaco.pl\/sklep\/wp-json\/wp\/v2\/product_cat?post=1149"},{"taxonomy":"product_tag","embeddable":true,"href":"https:\/\/syntaco.pl\/sklep\/wp-json\/wp\/v2\/product_tag?post=1149"}],"curies":[{"name":"wp","href":"https:\/\/api.w.org\/{rel}","templated":true}]}}