{"id":1147,"date":"2025-12-19T10:22:08","date_gmt":"2025-12-19T09:22:08","guid":{"rendered":"https:\/\/syntaco.artneo.pl\/produkt\/q8-t-860-10w-40-5l\/"},"modified":"2026-04-15T09:43:08","modified_gmt":"2026-04-15T07:43:08","slug":"q8-t-860-10w-40-5l","status":"publish","type":"product","link":"https:\/\/syntaco.pl\/sklep\/produkt\/q8-t-860-10w-40-5l\/","title":{"rendered":"Q8 T 860 10W-40 &#8211; 5L"},"content":{"rendered":"<p>Q8 T 860 10W-40 to superwydajny, wysokoparametrowy olej silnikowy do nowoczesnych silnik\u00f3w wysokopr\u0119\u017cnych.. Zapewnia on zaawansowan\u0105 ochron\u0119 i smarowanie w ci\u0119\u017ckich warunkach.<br \/>\nKorzy\u015bci:<br \/>\n\u2022\tZnakomicie wyd\u0142u\u017ca okresy mi\u0119dzy wymianami oleju.<br \/>\n\u2022\tDoskona\u0142a czysto\u015b\u0107 silnika.<br \/>\n\u2022\tZnakomita ochrona silnika przed zu\u017cyciem.<br \/>\n\u2022\tZnakomita ochrona przed zanieczyszczeniem silnika sadz\u0105 powsta\u0142\u0105 w wyniku spalania.<br \/>\n\u2022\tDoskona\u0142a ochrona przed rdz\u0105 i korozj\u0105.<br \/>\nSpecyfikacje:<br \/>\nACEA E4 Isuzu<br \/>\nACEA E7 JASO DH-1<br \/>\nAPI CI-4 Liebherr LH-00-ENG5C<br \/>\nCaterpillar ECF-1a MAN M 3277<br \/>\nCummins CES 20077 MB 228.5<br \/>\nCummins CES 20078 MTU Type 3<br \/>\nDAF Extended Drain Mack EO-N<br \/>\nDeutz DQC III-10 Renault RLD-2<br \/>\nGlobal DHD-1 Volvo VDS-3<\/p>\n","protected":false},"excerpt":{"rendered":"<p>Q8 T 860 10W-40 to superwydajny, wysokoparametrowy olej silnikowy do nowoczesnych silnik\u00f3w wysokopr\u0119\u017cnych.. Zapewnia on zaawansowan\u0105 ochron\u0119 i smarowanie w ci\u0119\u017ckich warunkach. Korzy\u015bci: \u2022 Znakomicie wyd\u0142u\u017ca okresy mi\u0119dzy wymianami oleju. \u2022 Doskona\u0142a czysto\u015b\u0107 silnika. \u2022 Znakomita ochrona silnika przed zu\u017cyciem. \u2022 Znakomita ochrona przed zanieczyszczeniem silnika sadz\u0105 powsta\u0142\u0105 w wyniku spalania. \u2022 Doskona\u0142a ochrona przed [&hellip;]<\/p>\n","protected":false},"featured_media":1146,"template":"","meta":{"_acf_changed":false},"product_brand":[49],"product_cat":[39,30],"product_tag":[],"class_list":{"0":"post-1147","1":"product","2":"type-product","3":"status-publish","4":"has-post-thumbnail","6":"product_brand-kuwait-petroleum-belgium-n-v-s-a","7":"product_cat-oleje-rolnicze","8":"product_cat-produkty","10":"first","11":"instock","12":"shipping-taxable","13":"purchasable","14":"product-type-simple"},"acf":[],"_links":{"self":[{"href":"https:\/\/syntaco.pl\/sklep\/wp-json\/wp\/v2\/product\/1147","targetHints":{"allow":["GET"]}}],"collection":[{"href":"https:\/\/syntaco.pl\/sklep\/wp-json\/wp\/v2\/product"}],"about":[{"href":"https:\/\/syntaco.pl\/sklep\/wp-json\/wp\/v2\/types\/product"}],"wp:featuredmedia":[{"embeddable":true,"href":"https:\/\/syntaco.pl\/sklep\/wp-json\/wp\/v2\/media\/1146"}],"wp:attachment":[{"href":"https:\/\/syntaco.pl\/sklep\/wp-json\/wp\/v2\/media?parent=1147"}],"wp:term":[{"taxonomy":"product_brand","embeddable":true,"href":"https:\/\/syntaco.pl\/sklep\/wp-json\/wp\/v2\/product_brand?post=1147"},{"taxonomy":"product_cat","embeddable":true,"href":"https:\/\/syntaco.pl\/sklep\/wp-json\/wp\/v2\/product_cat?post=1147"},{"taxonomy":"product_tag","embeddable":true,"href":"https:\/\/syntaco.pl\/sklep\/wp-json\/wp\/v2\/product_tag?post=1147"}],"curies":[{"name":"wp","href":"https:\/\/api.w.org\/{rel}","templated":true}]}}