{"id":1143,"date":"2025-12-19T10:22:05","date_gmt":"2025-12-19T09:22:05","guid":{"rendered":"https:\/\/syntaco.artneo.pl\/produkt\/q8-t-800-10w-40-5l\/"},"modified":"2026-03-28T08:33:02","modified_gmt":"2026-03-28T07:33:02","slug":"q8-t-800-10w-40-5l","status":"publish","type":"product","link":"https:\/\/syntaco.pl\/sklep\/produkt\/q8-t-800-10w-40-5l\/","title":{"rendered":"Q8 T 800 10W-40 &#8211; 5L"},"content":{"rendered":"<p>Q8 T 800 10W-40 to bardzo wydajny olej silnikowy do pracy w ci\u0119\u017ckich warunkach, kt\u00f3ry zapewnia optymaln\u0105 trwa\u0142o\u015b\u0107 silnika i zapobiega tworzeniu si\u0119 osad\u00f3w. Ten \u015brodek smarny zapewnia zaawansowan\u0105 ochron\u0119 przed polerowaniem otwor\u00f3w oraz zu\u017cyciem krzywek i cylindr\u00f3w, zmniejsza koszty konserwacji oraz zapobiega korozji i pienieniu. Spe\u0142nia wymagania API CI-4 ACEA E7.<br \/>\nQ8 T 800 10W-40 jest przeznaczony do silnik\u00f3w wolnoss\u0105cych, turbodo\u0142adowanych lub do\u0142adowanych, z lub bez ch\u0142odzenia powietrza do\u0142adowuj\u0105cego. Jest zalecany do wi\u0119kszo\u015bci wysokoobci\u0105\u017conych silnik\u00f3w wysokopr\u0119\u017cnych do zastosowa\u0144 na autostradach i poza nimi. Spe\u0142nia specyfikacj\u0119 ACEA E7 i API CI-4, a tak\u017ce wymagania MAN, MB, Volvo, Caterpillar, Cummins i MTU.<br \/>\nNajwy\u017cszej jako\u015bci ochrona przed zu\u017cyciem silnika.<br \/>\nZaawansowana ochrona silnika po zimnym rozruchu.<br \/>\nWysoka ochrona przed osadami na pier\u015bcieniach t\u0142okowych.<br \/>\nWysoka ochrona przed rdz\u0105 i korozj\u0105.<br \/>\nDost\u0119pne opakowanie<br \/>\n5 litr\u00f3w<br \/>\n20 litr\u00f3w<br \/>\n60 litr\u00f3w<br \/>\n208 l<\/p>\n","protected":false},"excerpt":{"rendered":"<p>Q8 T 800 10W-40 to bardzo wydajny olej silnikowy do pracy w ci\u0119\u017ckich warunkach, kt\u00f3ry zapewnia optymaln\u0105 trwa\u0142o\u015b\u0107 silnika i zapobiega tworzeniu si\u0119 osad\u00f3w. Ten \u015brodek smarny zapewnia zaawansowan\u0105 ochron\u0119 przed polerowaniem otwor\u00f3w oraz zu\u017cyciem krzywek i cylindr\u00f3w, zmniejsza koszty konserwacji oraz zapobiega korozji i pienieniu. Spe\u0142nia wymagania API CI-4 ACEA E7. Q8 T 800 [&hellip;]<\/p>\n","protected":false},"featured_media":1142,"template":"","meta":{"_acf_changed":false},"product_brand":[49],"product_cat":[39,30],"product_tag":[],"class_list":{"0":"post-1143","1":"product","2":"type-product","3":"status-publish","4":"has-post-thumbnail","6":"product_brand-kuwait-petroleum-belgium-n-v-s-a","7":"product_cat-oleje-rolnicze","8":"product_cat-produkty","10":"first","11":"instock","12":"shipping-taxable","13":"purchasable","14":"product-type-simple"},"acf":[],"_links":{"self":[{"href":"https:\/\/syntaco.pl\/sklep\/wp-json\/wp\/v2\/product\/1143","targetHints":{"allow":["GET"]}}],"collection":[{"href":"https:\/\/syntaco.pl\/sklep\/wp-json\/wp\/v2\/product"}],"about":[{"href":"https:\/\/syntaco.pl\/sklep\/wp-json\/wp\/v2\/types\/product"}],"wp:featuredmedia":[{"embeddable":true,"href":"https:\/\/syntaco.pl\/sklep\/wp-json\/wp\/v2\/media\/1142"}],"wp:attachment":[{"href":"https:\/\/syntaco.pl\/sklep\/wp-json\/wp\/v2\/media?parent=1143"}],"wp:term":[{"taxonomy":"product_brand","embeddable":true,"href":"https:\/\/syntaco.pl\/sklep\/wp-json\/wp\/v2\/product_brand?post=1143"},{"taxonomy":"product_cat","embeddable":true,"href":"https:\/\/syntaco.pl\/sklep\/wp-json\/wp\/v2\/product_cat?post=1143"},{"taxonomy":"product_tag","embeddable":true,"href":"https:\/\/syntaco.pl\/sklep\/wp-json\/wp\/v2\/product_tag?post=1143"}],"curies":[{"name":"wp","href":"https:\/\/api.w.org\/{rel}","templated":true}]}}