{"id":1136,"date":"2025-12-19T10:21:57","date_gmt":"2025-12-19T09:21:57","guid":{"rendered":"https:\/\/syntaco.artneo.pl\/produkt\/q8-f-techno-eco-fe-0w-20-208l\/"},"modified":"2026-03-28T08:33:00","modified_gmt":"2026-03-28T07:33:00","slug":"q8-f-techno-eco-fe-0w-20-208l","status":"publish","type":"product","link":"https:\/\/syntaco.pl\/sklep\/produkt\/q8-f-techno-eco-fe-0w-20-208l\/","title":{"rendered":"Q8 F Techno Eco FE 0W-20 &#8211; 208L"},"content":{"rendered":"<p>Q8 Formula Techno Eco FE 0W-20 to syntetyczny olej silnikowy o doskona\u0142ych parametrach u\u017cytkowych do samochod\u00f3w osobowych. Ten \u015brodek smarny o niskiej zawarto\u015bci SAPS chroni uk\u0142ady oczyszczania spalin i zapewnia wyj\u0105tkow\u0105 ochron\u0119 przed zu\u017cyciem, czysto\u015b\u0107 silnika i zmniejszenie zu\u017cycia paliwa. Jest kompatybilny z biopaliwami i zosta\u0142 opracowany specjalnie dla najnowszych samochod\u00f3w Forda wymagaj\u0105cych Forda WSS-M2C-952A1. Q8 Formula Techno Eco FE 0W-20 przeznaczony jest do najnowszych silnik\u00f3w Forda wymagaj\u0105cych specyfikacji Ford WSS-M2C-952A1 oraz ACEA C6 2021. Olej ten jest r\u00f3wnie\u017c zalecany do samochod\u00f3w Fiat, Landrover i Jaguar.<\/p>\n","protected":false},"excerpt":{"rendered":"<p>Q8 Formula Techno Eco FE 0W-20 to syntetyczny olej silnikowy o doskona\u0142ych parametrach u\u017cytkowych do samochod\u00f3w osobowych. Ten \u015brodek smarny o niskiej zawarto\u015bci SAPS chroni uk\u0142ady oczyszczania spalin i zapewnia wyj\u0105tkow\u0105 ochron\u0119 przed zu\u017cyciem, czysto\u015b\u0107 silnika i zmniejszenie zu\u017cycia paliwa. Jest kompatybilny z biopaliwami i zosta\u0142 opracowany specjalnie dla najnowszych samochod\u00f3w Forda wymagaj\u0105cych Forda WSS-M2C-952A1. [&hellip;]<\/p>\n","protected":false},"featured_media":1135,"template":"","meta":{"_acf_changed":false},"product_brand":[49],"product_cat":[59],"product_tag":[],"class_list":{"0":"post-1136","1":"product","2":"type-product","3":"status-publish","4":"has-post-thumbnail","6":"product_brand-kuwait-petroleum-belgium-n-v-s-a","7":"product_cat-oleje-silnikowe","9":"first","10":"instock","11":"shipping-taxable","12":"purchasable","13":"product-type-simple"},"acf":[],"_links":{"self":[{"href":"https:\/\/syntaco.pl\/sklep\/wp-json\/wp\/v2\/product\/1136","targetHints":{"allow":["GET"]}}],"collection":[{"href":"https:\/\/syntaco.pl\/sklep\/wp-json\/wp\/v2\/product"}],"about":[{"href":"https:\/\/syntaco.pl\/sklep\/wp-json\/wp\/v2\/types\/product"}],"wp:featuredmedia":[{"embeddable":true,"href":"https:\/\/syntaco.pl\/sklep\/wp-json\/wp\/v2\/media\/1135"}],"wp:attachment":[{"href":"https:\/\/syntaco.pl\/sklep\/wp-json\/wp\/v2\/media?parent=1136"}],"wp:term":[{"taxonomy":"product_brand","embeddable":true,"href":"https:\/\/syntaco.pl\/sklep\/wp-json\/wp\/v2\/product_brand?post=1136"},{"taxonomy":"product_cat","embeddable":true,"href":"https:\/\/syntaco.pl\/sklep\/wp-json\/wp\/v2\/product_cat?post=1136"},{"taxonomy":"product_tag","embeddable":true,"href":"https:\/\/syntaco.pl\/sklep\/wp-json\/wp\/v2\/product_tag?post=1136"}],"curies":[{"name":"wp","href":"https:\/\/api.w.org\/{rel}","templated":true}]}}