{"id":1134,"date":"2025-12-19T10:21:55","date_gmt":"2025-12-19T09:21:55","guid":{"rendered":"https:\/\/syntaco.artneo.pl\/produkt\/q8-f-truck-9000-fe-5w-20-20l\/"},"modified":"2026-03-28T08:32:59","modified_gmt":"2026-03-28T07:32:59","slug":"q8-f-truck-9000-fe-5w-20-20l","status":"publish","type":"product","link":"https:\/\/syntaco.pl\/sklep\/produkt\/q8-f-truck-9000-fe-5w-20-20l\/","title":{"rendered":"Q8 F Truck 9000 FE 5W-20 &#8211; 20L"},"content":{"rendered":"<p>Q8 Formula Truck 9000 FE 5W-20 to wysokiej wydajno\u015bci olej silnikowy o niskiej lepko\u015bci. Olej ten zapewnia zwi\u0119kszon\u0105 trwa\u0142o\u015b\u0107, zmniejszaj\u0105c zu\u017cycie i korozj\u0119 i jest formu\u0142owany w celu zapewnienia najwy\u017cszej jako\u015bci oszcz\u0119dno\u015bci paliwa dla pojazd\u00f3w wysokopr\u0119\u017cnych o du\u017cej eksploatacji. Ten smar zapewnia oszcz\u0119dno\u015b\u0107 paliwa specjalnie dla MAN i SCANIA<br \/>\nQ8 Formula Truck 9000 FE 5W-20 nadaje si\u0119 do stosowania we wszystkich pojazdach Euro VI wyposa\u017conych w urz\u0105dzenia najnowszej generacji, takich jak DPF i SCR, w przypadku gdy wymagane jest u\u017cycie MAN M3977 lub SCANIA LDF-5<br \/>\nW\u0142a\u015bciwo\u015bci:<br \/>\nRozszerzona zdolno\u015b\u0107 interwa\u0142u odp\u0142ywowego.<br \/>\nNajlepsza w swojej klasie czysto\u015b\u0107 silnika.<br \/>\nTechnologia poprawy zu\u017cycia paliwa<br \/>\nDoskona\u0142a czysto\u015b\u0107 silnika zwi\u0119ksza trwa\u0142o\u015b\u0107 silnika.<br \/>\nDoskona\u0142a kompatybilno\u015b\u0107 biodiesla ze wzgl\u0119du na lepsz\u0105 stabilno\u015b\u0107 utleniania.<\/p>\n","protected":false},"excerpt":{"rendered":"<p>Q8 Formula Truck 9000 FE 5W-20 to wysokiej wydajno\u015bci olej silnikowy o niskiej lepko\u015bci. Olej ten zapewnia zwi\u0119kszon\u0105 trwa\u0142o\u015b\u0107, zmniejszaj\u0105c zu\u017cycie i korozj\u0119 i jest formu\u0142owany w celu zapewnienia najwy\u017cszej jako\u015bci oszcz\u0119dno\u015bci paliwa dla pojazd\u00f3w wysokopr\u0119\u017cnych o du\u017cej eksploatacji. Ten smar zapewnia oszcz\u0119dno\u015b\u0107 paliwa specjalnie dla MAN i SCANIA Q8 Formula Truck 9000 FE 5W-20 [&hellip;]<\/p>\n","protected":false},"featured_media":1133,"template":"","meta":{"_acf_changed":false},"product_brand":[49],"product_cat":[59],"product_tag":[],"class_list":{"0":"post-1134","1":"product","2":"type-product","3":"status-publish","4":"has-post-thumbnail","6":"product_brand-kuwait-petroleum-belgium-n-v-s-a","7":"product_cat-oleje-silnikowe","9":"first","10":"instock","11":"shipping-taxable","12":"purchasable","13":"product-type-simple"},"acf":[],"_links":{"self":[{"href":"https:\/\/syntaco.pl\/sklep\/wp-json\/wp\/v2\/product\/1134","targetHints":{"allow":["GET"]}}],"collection":[{"href":"https:\/\/syntaco.pl\/sklep\/wp-json\/wp\/v2\/product"}],"about":[{"href":"https:\/\/syntaco.pl\/sklep\/wp-json\/wp\/v2\/types\/product"}],"wp:featuredmedia":[{"embeddable":true,"href":"https:\/\/syntaco.pl\/sklep\/wp-json\/wp\/v2\/media\/1133"}],"wp:attachment":[{"href":"https:\/\/syntaco.pl\/sklep\/wp-json\/wp\/v2\/media?parent=1134"}],"wp:term":[{"taxonomy":"product_brand","embeddable":true,"href":"https:\/\/syntaco.pl\/sklep\/wp-json\/wp\/v2\/product_brand?post=1134"},{"taxonomy":"product_cat","embeddable":true,"href":"https:\/\/syntaco.pl\/sklep\/wp-json\/wp\/v2\/product_cat?post=1134"},{"taxonomy":"product_tag","embeddable":true,"href":"https:\/\/syntaco.pl\/sklep\/wp-json\/wp\/v2\/product_tag?post=1134"}],"curies":[{"name":"wp","href":"https:\/\/api.w.org\/{rel}","templated":true}]}}