{"id":1123,"date":"2025-12-19T10:21:47","date_gmt":"2025-12-19T09:21:47","guid":{"rendered":"https:\/\/syntaco.artneo.pl\/produkt\/q8-rembrandt-ep-2-500g\/"},"modified":"2026-03-28T08:32:54","modified_gmt":"2026-03-28T07:32:54","slug":"q8-rembrandt-ep-2-500g","status":"publish","type":"product","link":"https:\/\/syntaco.pl\/sklep\/produkt\/q8-rembrandt-ep-2-500g\/","title":{"rendered":"Q8 Rembrandt EP 2 &#8211; 500g"},"content":{"rendered":"<p>Q8 Rembrandt EP 2 wytrzymuje ekstremalne ci\u015bnienie i charakteryzuje si\u0119 d\u0142ug\u0105 \u017cywotno\u015bci\u0105. Ten smar litowy ma g\u0142adk\u0105 struktur\u0119, zapewnia optymaln\u0105 stabilno\u015b\u0107 obrotu i wykazuje wysokie w\u0142a\u015bciwo\u015bci przeciwzu\u017cyciowe i antykorozyjne.<br \/>\nKorzy\u015bci:<br \/>\n\u2022 Dzi\u0119ki swoim w\u0142a\u015bciwo\u015bci\u0105 zwi\u0119ksza trwa\u0142o\u015b\u0107 sprz\u0119tu<br \/>\n\u2022 Wytrzymuje ekstremalne ci\u015bnienie<br \/>\n\u2022 Zaawansowana stabilno\u015b\u0107 mechaniczna<br \/>\n\u2022 Idealnie nadaje si\u0119 do stosowania w szerokim zakresie temperatur<br \/>\n\u2022 Optymalne w\u0142a\u015bciwo\u015bci antykorozyjne<br \/>\nSpecyfikacje:<br \/>\nDIN 51502 KP2K-30 ISO 6743 L-XCCFB2<\/p>\n","protected":false},"excerpt":{"rendered":"<p>Q8 Rembrandt EP 2 wytrzymuje ekstremalne ci\u015bnienie i charakteryzuje si\u0119 d\u0142ug\u0105 \u017cywotno\u015bci\u0105. Ten smar litowy ma g\u0142adk\u0105 struktur\u0119, zapewnia optymaln\u0105 stabilno\u015b\u0107 obrotu i wykazuje wysokie w\u0142a\u015bciwo\u015bci przeciwzu\u017cyciowe i antykorozyjne. Korzy\u015bci: \u2022 Dzi\u0119ki swoim w\u0142a\u015bciwo\u015bci\u0105 zwi\u0119ksza trwa\u0142o\u015b\u0107 sprz\u0119tu \u2022 Wytrzymuje ekstremalne ci\u015bnienie \u2022 Zaawansowana stabilno\u015b\u0107 mechaniczna \u2022 Idealnie nadaje si\u0119 do stosowania w szerokim zakresie temperatur [&hellip;]<\/p>\n","protected":false},"featured_media":1121,"template":"","meta":{"_acf_changed":false},"product_brand":[49],"product_cat":[30,31],"product_tag":[],"class_list":{"0":"post-1123","1":"product","2":"type-product","3":"status-publish","4":"has-post-thumbnail","6":"product_brand-kuwait-petroleum-belgium-n-v-s-a","7":"product_cat-produkty","8":"product_cat-smary","10":"first","11":"instock","12":"shipping-taxable","13":"purchasable","14":"product-type-simple"},"acf":[],"_links":{"self":[{"href":"https:\/\/syntaco.pl\/sklep\/wp-json\/wp\/v2\/product\/1123","targetHints":{"allow":["GET"]}}],"collection":[{"href":"https:\/\/syntaco.pl\/sklep\/wp-json\/wp\/v2\/product"}],"about":[{"href":"https:\/\/syntaco.pl\/sklep\/wp-json\/wp\/v2\/types\/product"}],"wp:featuredmedia":[{"embeddable":true,"href":"https:\/\/syntaco.pl\/sklep\/wp-json\/wp\/v2\/media\/1121"}],"wp:attachment":[{"href":"https:\/\/syntaco.pl\/sklep\/wp-json\/wp\/v2\/media?parent=1123"}],"wp:term":[{"taxonomy":"product_brand","embeddable":true,"href":"https:\/\/syntaco.pl\/sklep\/wp-json\/wp\/v2\/product_brand?post=1123"},{"taxonomy":"product_cat","embeddable":true,"href":"https:\/\/syntaco.pl\/sklep\/wp-json\/wp\/v2\/product_cat?post=1123"},{"taxonomy":"product_tag","embeddable":true,"href":"https:\/\/syntaco.pl\/sklep\/wp-json\/wp\/v2\/product_tag?post=1123"}],"curies":[{"name":"wp","href":"https:\/\/api.w.org\/{rel}","templated":true}]}}