{"id":1118,"date":"2025-12-19T10:21:43","date_gmt":"2025-12-19T09:21:43","guid":{"rendered":"https:\/\/syntaco.artneo.pl\/produkt\/q8-f-techno-fe-plus-5w-30-60l\/"},"modified":"2026-03-28T08:32:52","modified_gmt":"2026-03-28T07:32:52","slug":"q8-f-techno-fe-plus-5w-30-60l","status":"publish","type":"product","link":"https:\/\/syntaco.pl\/sklep\/produkt\/q8-f-techno-fe-plus-5w-30-60l\/","title":{"rendered":"Q8 F Techno FE Plus 5W-30 &#8211; 60L"},"content":{"rendered":"<p>Q8 Formula Techno FE Plus 5W-30 to znakomity olej silnikowy do samochod\u00f3w osobowych opracowany specjalnie dla silnik\u00f3w Ford Euro 5 i 6. Zapewnia d\u0142ug\u0105 ochron\u0119 we wszystkich warunkach.<br \/>\nKorzy\u015bci<br \/>\n\u2022\tWyj\u0105tkowe ograniczenie zu\u017cycia paliwa o wi\u0119cej ni\u017c 3%.<br \/>\n\u2022\tDoskona\u0142a wytrzyma\u0142o\u015b\u0107 warstwy oleju we wszystkich warunkach pracy silnika.<br \/>\n\u2022\tDoskona\u0142a ochrona przed zu\u017cyciem zapewnia d\u0142ug\u0105 trwa\u0142o\u015b\u0107 silnika.<br \/>\n\u2022\tWyd\u0142u\u017cony okres pomi\u0119dzy wymianami<br \/>\n\u2022\tZnakomita ochrona przed rdz\u0105 i korozj\u0105.<br \/>\nSpecyfikacje i aprobaty : ACEA A5\/B5, Fiat 9.55535-G1, Ford M2C 913-A, Ford M2C 913-B, Ford M2C 913-C, Ford M2C 913-D, Jaguar Land Rover STJLR.03.5003, Renault RN 0700<\/p>\n","protected":false},"excerpt":{"rendered":"<p>Q8 Formula Techno FE Plus 5W-30 to znakomity olej silnikowy do samochod\u00f3w osobowych opracowany specjalnie dla silnik\u00f3w Ford Euro 5 i 6. Zapewnia d\u0142ug\u0105 ochron\u0119 we wszystkich warunkach. Korzy\u015bci \u2022 Wyj\u0105tkowe ograniczenie zu\u017cycia paliwa o wi\u0119cej ni\u017c 3%. \u2022 Doskona\u0142a wytrzyma\u0142o\u015b\u0107 warstwy oleju we wszystkich warunkach pracy silnika. \u2022 Doskona\u0142a ochrona przed zu\u017cyciem zapewnia d\u0142ug\u0105 [&hellip;]<\/p>\n","protected":false},"featured_media":1117,"template":"","meta":{"_acf_changed":false},"product_brand":[49],"product_cat":[59],"product_tag":[],"class_list":{"0":"post-1118","1":"product","2":"type-product","3":"status-publish","4":"has-post-thumbnail","6":"product_brand-kuwait-petroleum-belgium-n-v-s-a","7":"product_cat-oleje-silnikowe","9":"first","10":"instock","11":"shipping-taxable","12":"purchasable","13":"product-type-simple"},"acf":[],"_links":{"self":[{"href":"https:\/\/syntaco.pl\/sklep\/wp-json\/wp\/v2\/product\/1118","targetHints":{"allow":["GET"]}}],"collection":[{"href":"https:\/\/syntaco.pl\/sklep\/wp-json\/wp\/v2\/product"}],"about":[{"href":"https:\/\/syntaco.pl\/sklep\/wp-json\/wp\/v2\/types\/product"}],"wp:featuredmedia":[{"embeddable":true,"href":"https:\/\/syntaco.pl\/sklep\/wp-json\/wp\/v2\/media\/1117"}],"wp:attachment":[{"href":"https:\/\/syntaco.pl\/sklep\/wp-json\/wp\/v2\/media?parent=1118"}],"wp:term":[{"taxonomy":"product_brand","embeddable":true,"href":"https:\/\/syntaco.pl\/sklep\/wp-json\/wp\/v2\/product_brand?post=1118"},{"taxonomy":"product_cat","embeddable":true,"href":"https:\/\/syntaco.pl\/sklep\/wp-json\/wp\/v2\/product_cat?post=1118"},{"taxonomy":"product_tag","embeddable":true,"href":"https:\/\/syntaco.pl\/sklep\/wp-json\/wp\/v2\/product_tag?post=1118"}],"curies":[{"name":"wp","href":"https:\/\/api.w.org\/{rel}","templated":true}]}}